{"id":3535,"date":"2025-01-29T15:14:46","date_gmt":"2025-01-29T21:14:46","guid":{"rendered":"https:\/\/easyvendingmx.com\/?post_type=product&#038;p=3535"},"modified":"2025-01-29T15:15:57","modified_gmt":"2025-01-29T21:15:57","slug":"brio-key","status":"publish","type":"product","link":"https:\/\/easyvendingmx.com\/en\/product\/brio-key\/","title":{"rendered":"Brio Key"},"content":{"rendered":"","protected":false},"excerpt":{"rendered":"<p><strong>Caracter\u00edsticas:<br \/>\n<\/strong><\/p>\n<ul>\n<li style=\"list-style-type: none;\">\n<ul>\n<li style=\"list-style-type: none;\">\n<ul>\n<li>Botones t\u00e1ctiles, pantalla de 4.3 pulgadas<\/li>\n<li>Capacidad de 300 tazas por carga<\/li>\n<li>Caf\u00e9 de grano molido al momento<\/li>\n<li>1 contenedor de grano y 4 de solubles<\/li>\n<li>Dise\u00f1o Italiano totalmente compacto<\/li>\n<li>Medidas: 155 cm de alto por 60 cm. de ancho y 66 cm de fondo.<\/li>\n<li>Peso 110kg.<\/li>\n<li>Grupo de caf\u00e9 Z400<\/li>\n<li>Acepta monedas desde .50 centavos hasta 20 pesos<\/li>\n<li>18 Selecciones de bebidas (tanto de grano como soluble descafeinado)<\/li>\n<li>Hasta 3 garrafones de agua.<\/li>\n<li>Espresso, americano, Caf\u00e9 con leche, Capuchino, Mokachino, Americano con chocolate, Capuchino vainilla, Capuchino italiano, Capuchino napolitano, Chocolate suizo, Chocolate franc\u00e9s, Vainilla descafeinado, az\u00facar + o \u2013<\/li>\n<\/ul>\n<\/li>\n<\/ul>\n<\/li>\n<\/ul>","protected":false},"featured_media":3536,"comment_status":"open","ping_status":"closed","template":"","meta":{"_gspb_post_css":"","om_disable_all_campaigns":false,"_uag_custom_page_level_css":"","_monsterinsights_skip_tracking":false,"_monsterinsights_sitenote_active":false,"_monsterinsights_sitenote_note":"","_monsterinsights_sitenote_category":0,"_uf_show_specific_survey":0,"_uf_disable_surveys":false,"_joinchat":[]},"product_cat":[15,75],"product_tag":[],"class_list":{"0":"post-3535","1":"product","2":"type-product","3":"status-publish","4":"has-post-thumbnail","6":"product_cat-uncategorized","7":"product_cat-coffe","9":"","10":"instock","11":"shipping-taxable","12":"product-type-simple"},"featured_image_urls_v2":{"full":["https:\/\/easyvendingmx.com\/wp-content\/uploads\/2025\/01\/Imagen-de-WhatsApp-2025-01-29-a-las-15.14.55_10c4e5ed.jpg",999,1000,false],"thumbnail":["https:\/\/easyvendingmx.com\/wp-content\/uploads\/2025\/01\/Imagen-de-WhatsApp-2025-01-29-a-las-15.14.55_10c4e5ed-150x150.jpg",150,150,true],"medium":["https:\/\/easyvendingmx.com\/wp-content\/uploads\/2025\/01\/Imagen-de-WhatsApp-2025-01-29-a-las-15.14.55_10c4e5ed-300x300.jpg",300,300,true],"medium_large":["https:\/\/easyvendingmx.com\/wp-content\/uploads\/2025\/01\/Imagen-de-WhatsApp-2025-01-29-a-las-15.14.55_10c4e5ed-768x769.jpg",768,769,true],"large":["https:\/\/easyvendingmx.com\/wp-content\/uploads\/2025\/01\/Imagen-de-WhatsApp-2025-01-29-a-las-15.14.55_10c4e5ed.jpg",999,1000,false],"1536x1536":["https:\/\/easyvendingmx.com\/wp-content\/uploads\/2025\/01\/Imagen-de-WhatsApp-2025-01-29-a-las-15.14.55_10c4e5ed.jpg",999,1000,false],"2048x2048":["https:\/\/easyvendingmx.com\/wp-content\/uploads\/2025\/01\/Imagen-de-WhatsApp-2025-01-29-a-las-15.14.55_10c4e5ed.jpg",999,1000,false],"trp-custom-language-flag":["https:\/\/easyvendingmx.com\/wp-content\/uploads\/2025\/01\/Imagen-de-WhatsApp-2025-01-29-a-las-15.14.55_10c4e5ed-12x12.jpg",12,12,true],"woocommerce_archive_thumbnail":["https:\/\/easyvendingmx.com\/wp-content\/uploads\/2025\/01\/Imagen-de-WhatsApp-2025-01-29-a-las-15.14.55_10c4e5ed-600x800.jpg",600,800,true],"woocommerce_thumbnail":["https:\/\/easyvendingmx.com\/wp-content\/uploads\/2025\/01\/Imagen-de-WhatsApp-2025-01-29-a-las-15.14.55_10c4e5ed-600x600.jpg",600,600,true],"woocommerce_single":["https:\/\/easyvendingmx.com\/wp-content\/uploads\/2025\/01\/Imagen-de-WhatsApp-2025-01-29-a-las-15.14.55_10c4e5ed-600x600.jpg",600,600,true],"woocommerce_gallery_thumbnail":["https:\/\/easyvendingmx.com\/wp-content\/uploads\/2025\/01\/Imagen-de-WhatsApp-2025-01-29-a-las-15.14.55_10c4e5ed-100x100.jpg",100,100,true]},"post_excerpt_stackable_v2":"<p><strong>Caracter\u00edsticas:<br \/>\n<\/strong><\/p>\n<ul>\n<li style=\"list-style-type: none;\">\n<ul>\n<li style=\"list-style-type: none;\">\n<ul>\n<li>Botones t\u00e1ctiles, pantalla de 4.3 pulgadas<\/li>\n<li>Capacidad de 300 tazas por carga<\/li>\n<li>Caf\u00e9 de grano molido al momento<\/li>\n<li>1 contenedor de grano y 4 de solubles<\/li>\n<li>Dise\u00f1o Italiano totalmente compacto<\/li>\n<li>Medidas: 155 cm de alto por 60 cm. de ancho y 66 cm de fondo.<\/li>\n<li>Peso 110kg.<\/li>\n<li>Grupo de caf\u00e9 Z400<\/li>\n<li>Acepta monedas desde .50 centavos hasta 20 pesos<\/li>\n<li>18 Selecciones de bebidas (tanto de grano como soluble descafeinado)<\/li>\n<li>Hasta 3 garrafones de agua.<\/li>\n<li>Espresso, americano, Caf\u00e9 con leche, Capuchino, Mokachino, Americano con chocolate, Capuchino vainilla, Capuchino italiano, Capuchino napolitano, Chocolate suizo, Chocolate franc\u00e9s, Vainilla descafeinado, az\u00facar + o \u2013<\/li>\n<\/ul>\n<\/li>\n<\/ul>\n<\/li>\n<\/ul>\n","category_list_v2":"","author_info_v2":{"name":"","url":""},"comments_num_v2":"0 comments","aioseo_notices":[],"uagb_featured_image_src":{"full":["https:\/\/easyvendingmx.com\/wp-content\/uploads\/2025\/01\/Imagen-de-WhatsApp-2025-01-29-a-las-15.14.55_10c4e5ed.jpg",999,1000,false],"thumbnail":["https:\/\/easyvendingmx.com\/wp-content\/uploads\/2025\/01\/Imagen-de-WhatsApp-2025-01-29-a-las-15.14.55_10c4e5ed-150x150.jpg",150,150,true],"medium":["https:\/\/easyvendingmx.com\/wp-content\/uploads\/2025\/01\/Imagen-de-WhatsApp-2025-01-29-a-las-15.14.55_10c4e5ed-300x300.jpg",300,300,true],"medium_large":["https:\/\/easyvendingmx.com\/wp-content\/uploads\/2025\/01\/Imagen-de-WhatsApp-2025-01-29-a-las-15.14.55_10c4e5ed-768x769.jpg",768,769,true],"large":["https:\/\/easyvendingmx.com\/wp-content\/uploads\/2025\/01\/Imagen-de-WhatsApp-2025-01-29-a-las-15.14.55_10c4e5ed.jpg",999,1000,false],"1536x1536":["https:\/\/easyvendingmx.com\/wp-content\/uploads\/2025\/01\/Imagen-de-WhatsApp-2025-01-29-a-las-15.14.55_10c4e5ed.jpg",999,1000,false],"2048x2048":["https:\/\/easyvendingmx.com\/wp-content\/uploads\/2025\/01\/Imagen-de-WhatsApp-2025-01-29-a-las-15.14.55_10c4e5ed.jpg",999,1000,false],"trp-custom-language-flag":["https:\/\/easyvendingmx.com\/wp-content\/uploads\/2025\/01\/Imagen-de-WhatsApp-2025-01-29-a-las-15.14.55_10c4e5ed-12x12.jpg",12,12,true],"woocommerce_archive_thumbnail":["https:\/\/easyvendingmx.com\/wp-content\/uploads\/2025\/01\/Imagen-de-WhatsApp-2025-01-29-a-las-15.14.55_10c4e5ed-600x800.jpg",600,800,true],"woocommerce_thumbnail":["https:\/\/easyvendingmx.com\/wp-content\/uploads\/2025\/01\/Imagen-de-WhatsApp-2025-01-29-a-las-15.14.55_10c4e5ed-600x600.jpg",600,600,true],"woocommerce_single":["https:\/\/easyvendingmx.com\/wp-content\/uploads\/2025\/01\/Imagen-de-WhatsApp-2025-01-29-a-las-15.14.55_10c4e5ed-600x600.jpg",600,600,true],"woocommerce_gallery_thumbnail":["https:\/\/easyvendingmx.com\/wp-content\/uploads\/2025\/01\/Imagen-de-WhatsApp-2025-01-29-a-las-15.14.55_10c4e5ed-100x100.jpg",100,100,true]},"uagb_author_info":{"display_name":"easyvendingventas@gmail.com","author_link":"https:\/\/easyvendingmx.com\/en\/author\/"},"uagb_comment_info":0,"uagb_excerpt":"Caracter\u00edsticas: Botones t\u00e1ctiles, pantalla de 4.3 pulgadas Capacidad de 300 tazas por carga Caf\u00e9 de grano molido al momento 1 contenedor de grano y 4 de solubles Dise\u00f1o Italiano totalmente compacto Medidas: 155 cm de alto por 60 cm. de ancho y 66 cm de fondo. Peso 110kg. Grupo de caf\u00e9 Z400 Acepta monedas desde&hellip;","_links":{"self":[{"href":"https:\/\/easyvendingmx.com\/en\/wp-json\/wp\/v2\/product\/3535","targetHints":{"allow":["GET"]}}],"collection":[{"href":"https:\/\/easyvendingmx.com\/en\/wp-json\/wp\/v2\/product"}],"about":[{"href":"https:\/\/easyvendingmx.com\/en\/wp-json\/wp\/v2\/types\/product"}],"replies":[{"embeddable":true,"href":"https:\/\/easyvendingmx.com\/en\/wp-json\/wp\/v2\/comments?post=3535"}],"wp:featuredmedia":[{"embeddable":true,"href":"https:\/\/easyvendingmx.com\/en\/wp-json\/wp\/v2\/media\/3536"}],"wp:attachment":[{"href":"https:\/\/easyvendingmx.com\/en\/wp-json\/wp\/v2\/media?parent=3535"}],"wp:term":[{"taxonomy":"product_cat","embeddable":true,"href":"https:\/\/easyvendingmx.com\/en\/wp-json\/wp\/v2\/product_cat?post=3535"},{"taxonomy":"product_tag","embeddable":true,"href":"https:\/\/easyvendingmx.com\/en\/wp-json\/wp\/v2\/product_tag?post=3535"}],"curies":[{"name":"wp","href":"https:\/\/api.w.org\/{rel}","templated":true}]}}