{"id":3056,"date":"2024-10-08T09:06:17","date_gmt":"2024-10-08T15:06:17","guid":{"rendered":"https:\/\/easyvendingmx.com\/?post_type=product&#038;p=3056"},"modified":"2025-07-09T14:02:35","modified_gmt":"2025-07-09T20:02:35","slug":"alpine-vt3000","status":"publish","type":"product","link":"https:\/\/easyvendingmx.com\/en\/product\/alpine-vt3000\/","title":{"rendered":"ALPINE VT3000"},"content":{"rendered":"","protected":false},"excerpt":{"rendered":"<p>Ajuste de temperatura en \u00e1rea de refrigeraci\u00f3n.<br \/>\nCharolas con selecciones configurables para casi cualquier tama\u00f1o.<br \/>\nIluminaci\u00f3n LED permitiendo engrandecer la presentaci\u00f3n del producto.<br \/>\nCharolas de acero que sostiene hasta 60 bebidas de lata o botella.<br \/>\nCalentador de cristal que impide que se empa\u00f1e en lugares con mucha humedad.<br \/>\nHasta 36 selecciones con capacidad variable esto dependiendo de la configuraci\u00f3n.<br \/>\nMedidas: Alto 183cm. Ancho 75cm. Fondo 97cm.<br \/>\nConsumo de Energ\u00eda: 115 VAC \/ 60Hz, 7.0 Amps. Con Calentador de Cristal 8.o Amps.<br \/>\nPeso: 328kg.<\/p>","protected":false},"featured_media":3057,"comment_status":"open","ping_status":"closed","template":"","meta":{"_gspb_post_css":"","om_disable_all_campaigns":false,"_uag_custom_page_level_css":"","_monsterinsights_skip_tracking":false,"_monsterinsights_sitenote_active":false,"_monsterinsights_sitenote_note":"","_monsterinsights_sitenote_category":0,"_uf_show_specific_survey":0,"_uf_disable_surveys":false,"_joinchat":[]},"product_cat":[15],"product_tag":[],"class_list":{"0":"post-3056","1":"product","2":"type-product","3":"status-publish","4":"has-post-thumbnail","6":"product_cat-uncategorized","8":"","9":"instock","10":"shipping-taxable","11":"product-type-simple"},"featured_image_urls_v2":{"full":["https:\/\/easyvendingmx.com\/wp-content\/uploads\/2024\/10\/WhatsApp-Image-2024-10-08-at-9.07.16-AM.jpeg",600,600,false],"thumbnail":["https:\/\/easyvendingmx.com\/wp-content\/uploads\/2024\/10\/WhatsApp-Image-2024-10-08-at-9.07.16-AM-150x150.jpeg",150,150,true],"medium":["https:\/\/easyvendingmx.com\/wp-content\/uploads\/2024\/10\/WhatsApp-Image-2024-10-08-at-9.07.16-AM-300x300.jpeg",300,300,true],"medium_large":["https:\/\/easyvendingmx.com\/wp-content\/uploads\/2024\/10\/WhatsApp-Image-2024-10-08-at-9.07.16-AM.jpeg",600,600,false],"large":["https:\/\/easyvendingmx.com\/wp-content\/uploads\/2024\/10\/WhatsApp-Image-2024-10-08-at-9.07.16-AM.jpeg",600,600,false],"1536x1536":["https:\/\/easyvendingmx.com\/wp-content\/uploads\/2024\/10\/WhatsApp-Image-2024-10-08-at-9.07.16-AM.jpeg",600,600,false],"2048x2048":["https:\/\/easyvendingmx.com\/wp-content\/uploads\/2024\/10\/WhatsApp-Image-2024-10-08-at-9.07.16-AM.jpeg",600,600,false],"trp-custom-language-flag":["https:\/\/easyvendingmx.com\/wp-content\/uploads\/2024\/10\/WhatsApp-Image-2024-10-08-at-9.07.16-AM-12x12.jpeg",12,12,true],"woocommerce_archive_thumbnail":["https:\/\/easyvendingmx.com\/wp-content\/uploads\/2024\/10\/WhatsApp-Image-2024-10-08-at-9.07.16-AM.jpeg",600,600,false],"woocommerce_thumbnail":["https:\/\/easyvendingmx.com\/wp-content\/uploads\/2024\/10\/WhatsApp-Image-2024-10-08-at-9.07.16-AM.jpeg",600,600,false],"woocommerce_single":["https:\/\/easyvendingmx.com\/wp-content\/uploads\/2024\/10\/WhatsApp-Image-2024-10-08-at-9.07.16-AM.jpeg",600,600,false],"woocommerce_gallery_thumbnail":["https:\/\/easyvendingmx.com\/wp-content\/uploads\/2024\/10\/WhatsApp-Image-2024-10-08-at-9.07.16-AM-100x100.jpeg",100,100,true]},"post_excerpt_stackable_v2":"<p>Ajuste de temperatura en \u00e1rea de refrigeraci\u00f3n.<br \/>\nCharolas con selecciones configurables para casi cualquier tama\u00f1o.<br \/>\nIluminaci\u00f3n LED permitiendo engrandecer la presentaci\u00f3n del producto.<br \/>\nCharolas de acero que sostiene hasta 60 bebidas de lata o botella.<br \/>\nCalentador de cristal que impide que se empa\u00f1e en lugares con mucha humedad.<br \/>\nHasta 36 selecciones con capacidad variable esto dependiendo de la configuraci\u00f3n.<br \/>\nMedidas: Alto 183cm. Ancho 75cm. Fondo 97cm.<br \/>\nConsumo de Energ\u00eda: 115 VAC \/ 60Hz, 7.0 Amps. Con Calentador de Cristal 8.o Amps.<br \/>\nPeso: 328kg.<\/p>\n","category_list_v2":"","author_info_v2":{"name":"","url":""},"comments_num_v2":"0 comments","aioseo_notices":[],"uagb_featured_image_src":{"full":["https:\/\/easyvendingmx.com\/wp-content\/uploads\/2024\/10\/WhatsApp-Image-2024-10-08-at-9.07.16-AM.jpeg",600,600,false],"thumbnail":["https:\/\/easyvendingmx.com\/wp-content\/uploads\/2024\/10\/WhatsApp-Image-2024-10-08-at-9.07.16-AM-150x150.jpeg",150,150,true],"medium":["https:\/\/easyvendingmx.com\/wp-content\/uploads\/2024\/10\/WhatsApp-Image-2024-10-08-at-9.07.16-AM-300x300.jpeg",300,300,true],"medium_large":["https:\/\/easyvendingmx.com\/wp-content\/uploads\/2024\/10\/WhatsApp-Image-2024-10-08-at-9.07.16-AM.jpeg",600,600,false],"large":["https:\/\/easyvendingmx.com\/wp-content\/uploads\/2024\/10\/WhatsApp-Image-2024-10-08-at-9.07.16-AM.jpeg",600,600,false],"1536x1536":["https:\/\/easyvendingmx.com\/wp-content\/uploads\/2024\/10\/WhatsApp-Image-2024-10-08-at-9.07.16-AM.jpeg",600,600,false],"2048x2048":["https:\/\/easyvendingmx.com\/wp-content\/uploads\/2024\/10\/WhatsApp-Image-2024-10-08-at-9.07.16-AM.jpeg",600,600,false],"trp-custom-language-flag":["https:\/\/easyvendingmx.com\/wp-content\/uploads\/2024\/10\/WhatsApp-Image-2024-10-08-at-9.07.16-AM-12x12.jpeg",12,12,true],"woocommerce_archive_thumbnail":["https:\/\/easyvendingmx.com\/wp-content\/uploads\/2024\/10\/WhatsApp-Image-2024-10-08-at-9.07.16-AM.jpeg",600,600,false],"woocommerce_thumbnail":["https:\/\/easyvendingmx.com\/wp-content\/uploads\/2024\/10\/WhatsApp-Image-2024-10-08-at-9.07.16-AM.jpeg",600,600,false],"woocommerce_single":["https:\/\/easyvendingmx.com\/wp-content\/uploads\/2024\/10\/WhatsApp-Image-2024-10-08-at-9.07.16-AM.jpeg",600,600,false],"woocommerce_gallery_thumbnail":["https:\/\/easyvendingmx.com\/wp-content\/uploads\/2024\/10\/WhatsApp-Image-2024-10-08-at-9.07.16-AM-100x100.jpeg",100,100,true]},"uagb_author_info":{"display_name":"easyvendingventas@gmail.com","author_link":"https:\/\/easyvendingmx.com\/en\/author\/"},"uagb_comment_info":2,"uagb_excerpt":"Ajuste de temperatura en \u00e1rea de refrigeraci\u00f3n. Charolas con selecciones configurables para casi cualquier tama\u00f1o. Iluminaci\u00f3n LED permitiendo engrandecer la presentaci\u00f3n del producto. Charolas de acero que sostiene hasta 60 bebidas de lata o botella. Calentador de cristal que impide que se empa\u00f1e en lugares con mucha humedad. Hasta 36 selecciones con capacidad variable esto&hellip;","_links":{"self":[{"href":"https:\/\/easyvendingmx.com\/en\/wp-json\/wp\/v2\/product\/3056","targetHints":{"allow":["GET"]}}],"collection":[{"href":"https:\/\/easyvendingmx.com\/en\/wp-json\/wp\/v2\/product"}],"about":[{"href":"https:\/\/easyvendingmx.com\/en\/wp-json\/wp\/v2\/types\/product"}],"replies":[{"embeddable":true,"href":"https:\/\/easyvendingmx.com\/en\/wp-json\/wp\/v2\/comments?post=3056"}],"wp:featuredmedia":[{"embeddable":true,"href":"https:\/\/easyvendingmx.com\/en\/wp-json\/wp\/v2\/media\/3057"}],"wp:attachment":[{"href":"https:\/\/easyvendingmx.com\/en\/wp-json\/wp\/v2\/media?parent=3056"}],"wp:term":[{"taxonomy":"product_cat","embeddable":true,"href":"https:\/\/easyvendingmx.com\/en\/wp-json\/wp\/v2\/product_cat?post=3056"},{"taxonomy":"product_tag","embeddable":true,"href":"https:\/\/easyvendingmx.com\/en\/wp-json\/wp\/v2\/product_tag?post=3056"}],"curies":[{"name":"wp","href":"https:\/\/api.w.org\/{rel}","templated":true}]}}