{"id":2747,"date":"2024-10-02T17:32:21","date_gmt":"2024-10-02T23:32:21","guid":{"rendered":"https:\/\/easyvendingmx.com\/?post_type=product&#038;p=2747"},"modified":"2024-10-02T17:32:21","modified_gmt":"2024-10-02T23:32:21","slug":"evm3-combo","status":"publish","type":"product","link":"https:\/\/easyvendingmx.com\/en\/product\/evm3-combo\/","title":{"rendered":"EVM3 COMBO"},"content":{"rendered":"<p><a href=\"https:\/\/easyvendingmx.com\/wp-content\/uploads\/2024\/10\/EVM_3_COMBO.pdf\">EVM_3_COMBO<\/a><\/p>","protected":false},"excerpt":{"rendered":"<p class=\"mb-4\">La m\u00e1quina vending EVM 3 COMBO destaca como la opci\u00f3n m\u00e1s vers\u00e1til gracias a su dise\u00f1o compacto, su capacidad para ofrecer una variedad de productos, su construcci\u00f3n robusta, acabados en acero inoxidable y su sistema de entrega garantizada del producto. Con todas estas caracter\u00edsticas, se posiciona como la soluci\u00f3n ideal para satisfacer las necesidades de consumo en cualquier entorno de oficina.<\/p>\n<p>Caracter\u00edsticas:<\/p>\n<div class=\"row g-0 mb-3\">\n<div class=\"col-sm-12 wow zoomIn\" data-wow-delay=\"0.2s\">\n<h6 class=\"mb-3\"><i class=\"fa fa-check text-primary me-3\"><\/i>Capacidad: 30 a 36 selecciones. Total 155 productos (30 botanas, 53 confiter\u00eda y 72 bebidas).<\/h6>\n<h6 class=\"mb-3\"><i class=\"fa fa-check text-primary me-3\"><\/i>Sistema de entrega garantizada.<\/h6>\n<h6 class=\"mb-3\"><i class=\"fa fa-check text-primary me-3\"><\/i>Dimensiones: 183 cm altura x 76.2 cm ancho y 71.3 cm de profundidad.<\/h6>\n<h6 class=\"mb-3\"><i class=\"fa fa-check text-primary me-3\"><\/i>Peso: 250 kg.<\/h6>\n<h6 class=\"mb-3\"><i class=\"fa fa-check text-primary me-3\"><\/i>Alimentaci\u00f3n el\u00e9ctrica: 110VAC.<\/h6>\n<h6 class=\"mb-3\"><i class=\"fa fa-check text-primary me-3\"><\/i>Consumo: 850 Watts.<\/h6>\n<h6 class=\"mb-3\"><i class=\"fa fa-check text-primary me-3\"><\/i>Gabinete de alta resistencia.<\/h6>\n<h6 class=\"mb-3\"><i class=\"fa fa-check text-primary me-3\"><\/i>Charolas con sistema de inclinaci\u00f3n.<\/h6>\n<\/div>\n<\/div>","protected":false},"featured_media":2749,"comment_status":"open","ping_status":"closed","template":"","meta":{"_gspb_post_css":"","om_disable_all_campaigns":false,"_uag_custom_page_level_css":"","_monsterinsights_skip_tracking":false,"_monsterinsights_sitenote_active":false,"_monsterinsights_sitenote_note":"","_monsterinsights_sitenote_category":0,"_uf_show_specific_survey":0,"_uf_disable_surveys":false,"_joinchat":[]},"product_cat":[73],"product_tag":[],"class_list":{"0":"post-2747","1":"product","2":"type-product","3":"status-publish","4":"has-post-thumbnail","6":"product_cat-combo","8":"","9":"instock","10":"shipping-taxable","11":"product-type-simple"},"featured_image_urls_v2":{"full":["https:\/\/easyvendingmx.com\/wp-content\/uploads\/2024\/10\/WhatsApp-Image-2024-10-02-at-5.31.12-PM.jpeg",346,554,false],"thumbnail":["https:\/\/easyvendingmx.com\/wp-content\/uploads\/2024\/10\/WhatsApp-Image-2024-10-02-at-5.31.12-PM-150x150.jpeg",150,150,true],"medium":["https:\/\/easyvendingmx.com\/wp-content\/uploads\/2024\/10\/WhatsApp-Image-2024-10-02-at-5.31.12-PM-187x300.jpeg",187,300,true],"medium_large":["https:\/\/easyvendingmx.com\/wp-content\/uploads\/2024\/10\/WhatsApp-Image-2024-10-02-at-5.31.12-PM.jpeg",346,554,false],"large":["https:\/\/easyvendingmx.com\/wp-content\/uploads\/2024\/10\/WhatsApp-Image-2024-10-02-at-5.31.12-PM.jpeg",346,554,false],"1536x1536":["https:\/\/easyvendingmx.com\/wp-content\/uploads\/2024\/10\/WhatsApp-Image-2024-10-02-at-5.31.12-PM.jpeg",346,554,false],"2048x2048":["https:\/\/easyvendingmx.com\/wp-content\/uploads\/2024\/10\/WhatsApp-Image-2024-10-02-at-5.31.12-PM.jpeg",346,554,false],"trp-custom-language-flag":["https:\/\/easyvendingmx.com\/wp-content\/uploads\/2024\/10\/WhatsApp-Image-2024-10-02-at-5.31.12-PM-7x12.jpeg",7,12,true],"woocommerce_archive_thumbnail":["https:\/\/easyvendingmx.com\/wp-content\/uploads\/2024\/10\/WhatsApp-Image-2024-10-02-at-5.31.12-PM-300x480.jpeg",300,480,true],"woocommerce_thumbnail":["https:\/\/easyvendingmx.com\/wp-content\/uploads\/2024\/10\/WhatsApp-Image-2024-10-02-at-5.31.12-PM.jpeg",346,554,false],"woocommerce_single":["https:\/\/easyvendingmx.com\/wp-content\/uploads\/2024\/10\/WhatsApp-Image-2024-10-02-at-5.31.12-PM.jpeg",346,554,false],"woocommerce_gallery_thumbnail":["https:\/\/easyvendingmx.com\/wp-content\/uploads\/2024\/10\/WhatsApp-Image-2024-10-02-at-5.31.12-PM-100x100.jpeg",100,100,true]},"post_excerpt_stackable_v2":"<p class=\"mb-4\">La m\u00e1quina vending EVM 3 COMBO destaca como la opci\u00f3n m\u00e1s vers\u00e1til gracias a su dise\u00f1o compacto, su capacidad para ofrecer una variedad de productos, su construcci\u00f3n robusta, acabados en acero inoxidable y su sistema de entrega garantizada del producto. Con todas estas caracter\u00edsticas, se posiciona como la soluci\u00f3n ideal para satisfacer las necesidades de consumo en cualquier entorno de oficina.<\/p>\n<p>Caracter\u00edsticas:<\/p>\n<div class=\"row g-0 mb-3\">\n<div class=\"col-sm-12 wow zoomIn\" data-wow-delay=\"0.2s\">\n<h6 class=\"mb-3\"><i class=\"fa fa-check text-primary me-3\"><\/i>Capacidad: 30 a 36 selecciones. Total 155 productos (30 botanas, 53 confiter\u00eda y 72 bebidas).<\/h6>\n<h6 class=\"mb-3\"><i class=\"fa fa-check text-primary me-3\"><\/i>Sistema de entrega garantizada.<\/h6>\n<h6 class=\"mb-3\"><i class=\"fa fa-check text-primary me-3\"><\/i>Dimensiones: 183 cm altura x 76.2 cm ancho y 71.3 cm de profundidad.<\/h6>\n<h6 class=\"mb-3\"><i class=\"fa fa-check text-primary me-3\"><\/i>Peso: 250 kg.<\/h6>\n<h6 class=\"mb-3\"><i class=\"fa fa-check text-primary me-3\"><\/i>Alimentaci\u00f3n el\u00e9ctrica: 110VAC.<\/h6>\n<h6 class=\"mb-3\"><i class=\"fa fa-check text-primary me-3\"><\/i>Consumo: 850 Watts.<\/h6>\n<h6 class=\"mb-3\"><i class=\"fa fa-check text-primary me-3\"><\/i>Gabinete de alta resistencia.<\/h6>\n<h6 class=\"mb-3\"><i class=\"fa fa-check text-primary me-3\"><\/i>Charolas con sistema de inclinaci\u00f3n.<\/h6>\n<\/div>\n<\/div>\n","category_list_v2":"","author_info_v2":{"name":"","url":""},"comments_num_v2":"0 comments","aioseo_notices":[],"uagb_featured_image_src":{"full":["https:\/\/easyvendingmx.com\/wp-content\/uploads\/2024\/10\/WhatsApp-Image-2024-10-02-at-5.31.12-PM.jpeg",346,554,false],"thumbnail":["https:\/\/easyvendingmx.com\/wp-content\/uploads\/2024\/10\/WhatsApp-Image-2024-10-02-at-5.31.12-PM-150x150.jpeg",150,150,true],"medium":["https:\/\/easyvendingmx.com\/wp-content\/uploads\/2024\/10\/WhatsApp-Image-2024-10-02-at-5.31.12-PM-187x300.jpeg",187,300,true],"medium_large":["https:\/\/easyvendingmx.com\/wp-content\/uploads\/2024\/10\/WhatsApp-Image-2024-10-02-at-5.31.12-PM.jpeg",346,554,false],"large":["https:\/\/easyvendingmx.com\/wp-content\/uploads\/2024\/10\/WhatsApp-Image-2024-10-02-at-5.31.12-PM.jpeg",346,554,false],"1536x1536":["https:\/\/easyvendingmx.com\/wp-content\/uploads\/2024\/10\/WhatsApp-Image-2024-10-02-at-5.31.12-PM.jpeg",346,554,false],"2048x2048":["https:\/\/easyvendingmx.com\/wp-content\/uploads\/2024\/10\/WhatsApp-Image-2024-10-02-at-5.31.12-PM.jpeg",346,554,false],"trp-custom-language-flag":["https:\/\/easyvendingmx.com\/wp-content\/uploads\/2024\/10\/WhatsApp-Image-2024-10-02-at-5.31.12-PM-7x12.jpeg",7,12,true],"woocommerce_archive_thumbnail":["https:\/\/easyvendingmx.com\/wp-content\/uploads\/2024\/10\/WhatsApp-Image-2024-10-02-at-5.31.12-PM-300x480.jpeg",300,480,true],"woocommerce_thumbnail":["https:\/\/easyvendingmx.com\/wp-content\/uploads\/2024\/10\/WhatsApp-Image-2024-10-02-at-5.31.12-PM.jpeg",346,554,false],"woocommerce_single":["https:\/\/easyvendingmx.com\/wp-content\/uploads\/2024\/10\/WhatsApp-Image-2024-10-02-at-5.31.12-PM.jpeg",346,554,false],"woocommerce_gallery_thumbnail":["https:\/\/easyvendingmx.com\/wp-content\/uploads\/2024\/10\/WhatsApp-Image-2024-10-02-at-5.31.12-PM-100x100.jpeg",100,100,true]},"uagb_author_info":{"display_name":"easyvendingventas@gmail.com","author_link":"https:\/\/easyvendingmx.com\/en\/author\/"},"uagb_comment_info":0,"uagb_excerpt":"La m\u00e1quina vending EVM 3 COMBO destaca como la opci\u00f3n m\u00e1s vers\u00e1til gracias a su dise\u00f1o compacto, su capacidad para ofrecer una variedad de productos, su construcci\u00f3n robusta, acabados en acero inoxidable y su sistema de entrega garantizada del producto. Con todas estas caracter\u00edsticas, se posiciona como la soluci\u00f3n ideal para satisfacer las necesidades de&hellip;","_links":{"self":[{"href":"https:\/\/easyvendingmx.com\/en\/wp-json\/wp\/v2\/product\/2747","targetHints":{"allow":["GET"]}}],"collection":[{"href":"https:\/\/easyvendingmx.com\/en\/wp-json\/wp\/v2\/product"}],"about":[{"href":"https:\/\/easyvendingmx.com\/en\/wp-json\/wp\/v2\/types\/product"}],"replies":[{"embeddable":true,"href":"https:\/\/easyvendingmx.com\/en\/wp-json\/wp\/v2\/comments?post=2747"}],"wp:featuredmedia":[{"embeddable":true,"href":"https:\/\/easyvendingmx.com\/en\/wp-json\/wp\/v2\/media\/2749"}],"wp:attachment":[{"href":"https:\/\/easyvendingmx.com\/en\/wp-json\/wp\/v2\/media?parent=2747"}],"wp:term":[{"taxonomy":"product_cat","embeddable":true,"href":"https:\/\/easyvendingmx.com\/en\/wp-json\/wp\/v2\/product_cat?post=2747"},{"taxonomy":"product_tag","embeddable":true,"href":"https:\/\/easyvendingmx.com\/en\/wp-json\/wp\/v2\/product_tag?post=2747"}],"curies":[{"name":"wp","href":"https:\/\/api.w.org\/{rel}","templated":true}]}}