{"id":2744,"date":"2024-10-02T17:27:33","date_gmt":"2024-10-02T23:27:33","guid":{"rendered":"https:\/\/easyvendingmx.com\/?post_type=product&#038;p=2744"},"modified":"2024-10-08T08:54:58","modified_gmt":"2024-10-08T14:54:58","slug":"evm-ice-cream-frozen","status":"publish","type":"product","link":"https:\/\/easyvendingmx.com\/en\/product\/evm-ice-cream-frozen\/","title":{"rendered":"EVM ICE CREAM FROZEN"},"content":{"rendered":"<p><a href=\"https:\/\/easyvendingmx.com\/wp-content\/uploads\/2024\/10\/EVM_ICE_CREAM_FROZEN.pdf\">EVM_ICE_CREAM_FROZEN<\/a> Ficha tecnica<\/p>","protected":false},"excerpt":{"rendered":"<p class=\"mb-4\">La m\u00e1quina expendedora de helado suave EVM ICE CREAM FROZEN es una soluci\u00f3n moderna y eficiente para ofrecer helado fresco en lugares p\u00fablicos como supermercados, aeropuertos, hospitales, y m\u00e1s. Con una pantalla t\u00e1ctil HD de 22 pulgadas, permite una interacci\u00f3n f\u00e1cil y atractiva para los usuarios. Admite m\u00faltiples m\u00e9todos de pago, incluyendo efectivo y tarjeta de credito. Su capacidad para alrededor de 90 tazas y su compatibilidad con leche fresca y mermeladas garantizan una experiencia deliciosa y de alta calidad.<\/p>\n<p>Caracter\u00edsticas:<\/p>\n<div class=\"row g-0 mb-3\">\n<div class=\"col-sm-12 wow zoomIn\" data-wow-delay=\"0.2s\">\n<h6 class=\"mb-3\"><i class=\"fa fa-check text-primary me-3\"><\/i>Permite una combinaci\u00f3n de hasta 60 tipos de helado, gracias a su selecci\u00f3n de toppings como mermeladas, nueces y chispas de sabores.<\/h6>\n<h6 class=\"mb-3\"><i class=\"fa fa-check text-primary me-3\"><\/i>Pantalla Touch de 22 Pulgadas.<\/h6>\n<h6 class=\"mb-3\"><i class=\"fa fa-check text-primary me-3\"><\/i>Compatibilidad con Equipos de Cobro MDB.<\/h6>\n<\/div>\n<\/div>","protected":false},"featured_media":2746,"comment_status":"open","ping_status":"closed","template":"","meta":{"_gspb_post_css":"","om_disable_all_campaigns":false,"_uag_custom_page_level_css":"","_monsterinsights_skip_tracking":false,"_monsterinsights_sitenote_active":false,"_monsterinsights_sitenote_note":"","_monsterinsights_sitenote_category":0,"_uf_show_specific_survey":0,"_uf_disable_surveys":false,"_joinchat":[]},"product_cat":[78],"product_tag":[],"class_list":{"0":"post-2744","1":"product","2":"type-product","3":"status-publish","4":"has-post-thumbnail","6":"product_cat-practi-vending","8":"","9":"instock","10":"shipping-taxable","11":"product-type-simple"},"featured_image_urls_v2":{"full":["https:\/\/easyvendingmx.com\/wp-content\/uploads\/2024\/10\/WhatsApp-Image-2024-10-02-at-5.25.12-PM.jpeg",346,554,false],"thumbnail":["https:\/\/easyvendingmx.com\/wp-content\/uploads\/2024\/10\/WhatsApp-Image-2024-10-02-at-5.25.12-PM-150x150.jpeg",150,150,true],"medium":["https:\/\/easyvendingmx.com\/wp-content\/uploads\/2024\/10\/WhatsApp-Image-2024-10-02-at-5.25.12-PM-187x300.jpeg",187,300,true],"medium_large":["https:\/\/easyvendingmx.com\/wp-content\/uploads\/2024\/10\/WhatsApp-Image-2024-10-02-at-5.25.12-PM.jpeg",346,554,false],"large":["https:\/\/easyvendingmx.com\/wp-content\/uploads\/2024\/10\/WhatsApp-Image-2024-10-02-at-5.25.12-PM.jpeg",346,554,false],"1536x1536":["https:\/\/easyvendingmx.com\/wp-content\/uploads\/2024\/10\/WhatsApp-Image-2024-10-02-at-5.25.12-PM.jpeg",346,554,false],"2048x2048":["https:\/\/easyvendingmx.com\/wp-content\/uploads\/2024\/10\/WhatsApp-Image-2024-10-02-at-5.25.12-PM.jpeg",346,554,false],"trp-custom-language-flag":["https:\/\/easyvendingmx.com\/wp-content\/uploads\/2024\/10\/WhatsApp-Image-2024-10-02-at-5.25.12-PM-7x12.jpeg",7,12,true],"woocommerce_archive_thumbnail":["https:\/\/easyvendingmx.com\/wp-content\/uploads\/2024\/10\/WhatsApp-Image-2024-10-02-at-5.25.12-PM-300x480.jpeg",300,480,true],"woocommerce_thumbnail":["https:\/\/easyvendingmx.com\/wp-content\/uploads\/2024\/10\/WhatsApp-Image-2024-10-02-at-5.25.12-PM.jpeg",346,554,false],"woocommerce_single":["https:\/\/easyvendingmx.com\/wp-content\/uploads\/2024\/10\/WhatsApp-Image-2024-10-02-at-5.25.12-PM.jpeg",346,554,false],"woocommerce_gallery_thumbnail":["https:\/\/easyvendingmx.com\/wp-content\/uploads\/2024\/10\/WhatsApp-Image-2024-10-02-at-5.25.12-PM-100x100.jpeg",100,100,true]},"post_excerpt_stackable_v2":"<p class=\"mb-4\">La m\u00e1quina expendedora de helado suave EVM ICE CREAM FROZEN es una soluci\u00f3n moderna y eficiente para ofrecer helado fresco en lugares p\u00fablicos como supermercados, aeropuertos, hospitales, y m\u00e1s. Con una pantalla t\u00e1ctil HD de 22 pulgadas, permite una interacci\u00f3n f\u00e1cil y atractiva para los usuarios. Admite m\u00faltiples m\u00e9todos de pago, incluyendo efectivo y tarjeta de credito. Su capacidad para alrededor de 90 tazas y su compatibilidad con leche fresca y mermeladas garantizan una experiencia deliciosa y de alta calidad.<\/p>\n<p>Caracter\u00edsticas:<\/p>\n<div class=\"row g-0 mb-3\">\n<div class=\"col-sm-12 wow zoomIn\" data-wow-delay=\"0.2s\">\n<h6 class=\"mb-3\"><i class=\"fa fa-check text-primary me-3\"><\/i>Permite una combinaci\u00f3n de hasta 60 tipos de helado, gracias a su selecci\u00f3n de toppings como mermeladas, nueces y chispas de sabores.<\/h6>\n<h6 class=\"mb-3\"><i class=\"fa fa-check text-primary me-3\"><\/i>Pantalla Touch de 22 Pulgadas.<\/h6>\n<h6 class=\"mb-3\"><i class=\"fa fa-check text-primary me-3\"><\/i>Compatibilidad con Equipos de Cobro MDB.<\/h6>\n<\/div>\n<\/div>\n","category_list_v2":"","author_info_v2":{"name":"","url":""},"comments_num_v2":"0 comments","aioseo_notices":[],"uagb_featured_image_src":{"full":["https:\/\/easyvendingmx.com\/wp-content\/uploads\/2024\/10\/WhatsApp-Image-2024-10-02-at-5.25.12-PM.jpeg",346,554,false],"thumbnail":["https:\/\/easyvendingmx.com\/wp-content\/uploads\/2024\/10\/WhatsApp-Image-2024-10-02-at-5.25.12-PM-150x150.jpeg",150,150,true],"medium":["https:\/\/easyvendingmx.com\/wp-content\/uploads\/2024\/10\/WhatsApp-Image-2024-10-02-at-5.25.12-PM-187x300.jpeg",187,300,true],"medium_large":["https:\/\/easyvendingmx.com\/wp-content\/uploads\/2024\/10\/WhatsApp-Image-2024-10-02-at-5.25.12-PM.jpeg",346,554,false],"large":["https:\/\/easyvendingmx.com\/wp-content\/uploads\/2024\/10\/WhatsApp-Image-2024-10-02-at-5.25.12-PM.jpeg",346,554,false],"1536x1536":["https:\/\/easyvendingmx.com\/wp-content\/uploads\/2024\/10\/WhatsApp-Image-2024-10-02-at-5.25.12-PM.jpeg",346,554,false],"2048x2048":["https:\/\/easyvendingmx.com\/wp-content\/uploads\/2024\/10\/WhatsApp-Image-2024-10-02-at-5.25.12-PM.jpeg",346,554,false],"trp-custom-language-flag":["https:\/\/easyvendingmx.com\/wp-content\/uploads\/2024\/10\/WhatsApp-Image-2024-10-02-at-5.25.12-PM-7x12.jpeg",7,12,true],"woocommerce_archive_thumbnail":["https:\/\/easyvendingmx.com\/wp-content\/uploads\/2024\/10\/WhatsApp-Image-2024-10-02-at-5.25.12-PM-300x480.jpeg",300,480,true],"woocommerce_thumbnail":["https:\/\/easyvendingmx.com\/wp-content\/uploads\/2024\/10\/WhatsApp-Image-2024-10-02-at-5.25.12-PM.jpeg",346,554,false],"woocommerce_single":["https:\/\/easyvendingmx.com\/wp-content\/uploads\/2024\/10\/WhatsApp-Image-2024-10-02-at-5.25.12-PM.jpeg",346,554,false],"woocommerce_gallery_thumbnail":["https:\/\/easyvendingmx.com\/wp-content\/uploads\/2024\/10\/WhatsApp-Image-2024-10-02-at-5.25.12-PM-100x100.jpeg",100,100,true]},"uagb_author_info":{"display_name":"easyvendingventas@gmail.com","author_link":"https:\/\/easyvendingmx.com\/en\/author\/"},"uagb_comment_info":0,"uagb_excerpt":"La m\u00e1quina expendedora de helado suave EVM ICE CREAM FROZEN es una soluci\u00f3n moderna y eficiente para ofrecer helado fresco en lugares p\u00fablicos como supermercados, aeropuertos, hospitales, y m\u00e1s. Con una pantalla t\u00e1ctil HD de 22 pulgadas, permite una interacci\u00f3n f\u00e1cil y atractiva para los usuarios. Admite m\u00faltiples m\u00e9todos de pago, incluyendo efectivo y tarjeta&hellip;","_links":{"self":[{"href":"https:\/\/easyvendingmx.com\/en\/wp-json\/wp\/v2\/product\/2744","targetHints":{"allow":["GET"]}}],"collection":[{"href":"https:\/\/easyvendingmx.com\/en\/wp-json\/wp\/v2\/product"}],"about":[{"href":"https:\/\/easyvendingmx.com\/en\/wp-json\/wp\/v2\/types\/product"}],"replies":[{"embeddable":true,"href":"https:\/\/easyvendingmx.com\/en\/wp-json\/wp\/v2\/comments?post=2744"}],"wp:featuredmedia":[{"embeddable":true,"href":"https:\/\/easyvendingmx.com\/en\/wp-json\/wp\/v2\/media\/2746"}],"wp:attachment":[{"href":"https:\/\/easyvendingmx.com\/en\/wp-json\/wp\/v2\/media?parent=2744"}],"wp:term":[{"taxonomy":"product_cat","embeddable":true,"href":"https:\/\/easyvendingmx.com\/en\/wp-json\/wp\/v2\/product_cat?post=2744"},{"taxonomy":"product_tag","embeddable":true,"href":"https:\/\/easyvendingmx.com\/en\/wp-json\/wp\/v2\/product_tag?post=2744"}],"curies":[{"name":"wp","href":"https:\/\/api.w.org\/{rel}","templated":true}]}}