{"id":2740,"date":"2024-10-02T17:21:33","date_gmt":"2024-10-02T23:21:33","guid":{"rendered":"https:\/\/easyvendingmx.com\/?post_type=product&#038;p=2740"},"modified":"2024-10-22T12:14:00","modified_gmt":"2024-10-22T18:14:00","slug":"solista-necta","status":"publish","type":"product","link":"https:\/\/easyvendingmx.com\/en\/product\/solista-necta\/","title":{"rendered":"SOLISTA NECTA"},"content":{"rendered":"<p class=\"mb-4\"><a href=\"https:\/\/easyvendingmx.com\/wp-content\/uploads\/2024\/10\/SOLISTA.pdf\">SOLISTA<\/a> Ficha tecnica<\/p>","protected":false},"excerpt":{"rendered":"<p class=\"mb-4\">Solista contin\u00faa la trayectoria de Necta en el suministro de bebidas de alta calidad en emplazamientos m\u00e1s peque\u00f1os. Entre los productos de table top, Solista muestra su dise\u00f1o elegante y puede apreciarse su alto nivel de capacidad y su rendimiento tecnol\u00f3gico.<\/p>\n<div class=\"row g-0 mb-3\">\n<div class=\"col-sm-12 wow zoomIn\" data-wow-delay=\"0.2s\">\n<h6 class=\"mb-3\"><i class=\"fa fa-check text-primary me-3\"><\/i>10 Selecciones directas:<\/h6>\n<ul>\n<li>Expreso.<\/li>\n<li>Cortado.<\/li>\n<li>Americano.<\/li>\n<li>Caf\u00e9 con leche.<\/li>\n<li>Capuchino.<\/li>\n<li>Mokachino.<\/li>\n<li>Capuchino vainilla.<\/li>\n<li>Chocolate Fuerte.<\/li>\n<li>Americano con chocolate Az\u00facar mas o menos.<\/li>\n<\/ul>\n<h6 class=\"mb-3\"><i class=\"fa fa-check text-primary me-3\"><\/i>Capacidad de 200 tazas por carga.<\/h6>\n<h6 class=\"mb-3\"><i class=\"fa fa-check text-primary me-3\"><\/i>Etiquetas amplias y de f\u00e1cil lectura.<\/h6>\n<h6 class=\"mb-3\"><i class=\"fa fa-check text-primary me-3\"><\/i>Display gr\u00e1fico 128*24 pixel.<\/h6>\n<h6 class=\"mb-3\"><i class=\"fa fa-check text-primary me-3\"><\/i>Iluminaci\u00f3n LED de la interfaz con posibilidad de cambiar su color de acuerdo a la est\u00e9tica requerida.<\/h6>\n<\/div>\n<\/div>","protected":false},"featured_media":3317,"comment_status":"open","ping_status":"closed","template":"","meta":{"_gspb_post_css":"","om_disable_all_campaigns":false,"_uag_custom_page_level_css":"","_monsterinsights_skip_tracking":false,"_monsterinsights_sitenote_active":false,"_monsterinsights_sitenote_note":"","_monsterinsights_sitenote_category":0,"_uf_show_specific_survey":0,"_uf_disable_surveys":false,"_joinchat":[]},"product_cat":[75],"product_tag":[],"class_list":{"0":"post-2740","1":"product","2":"type-product","3":"status-publish","4":"has-post-thumbnail","6":"product_cat-coffe","8":"","9":"instock","10":"shipping-taxable","11":"product-type-simple"},"featured_image_urls_v2":{"full":["https:\/\/easyvendingmx.com\/wp-content\/uploads\/2024\/10\/solista-1-e1715273064412.png",450,450,false],"thumbnail":["https:\/\/easyvendingmx.com\/wp-content\/uploads\/2024\/10\/solista-1-e1715273064412-150x150.png",150,150,true],"medium":["https:\/\/easyvendingmx.com\/wp-content\/uploads\/2024\/10\/solista-1-e1715273064412-300x300.png",300,300,true],"medium_large":["https:\/\/easyvendingmx.com\/wp-content\/uploads\/2024\/10\/solista-1-e1715273064412.png",450,450,false],"large":["https:\/\/easyvendingmx.com\/wp-content\/uploads\/2024\/10\/solista-1-e1715273064412.png",450,450,false],"1536x1536":["https:\/\/easyvendingmx.com\/wp-content\/uploads\/2024\/10\/solista-1-e1715273064412.png",450,450,false],"2048x2048":["https:\/\/easyvendingmx.com\/wp-content\/uploads\/2024\/10\/solista-1-e1715273064412.png",450,450,false],"trp-custom-language-flag":["https:\/\/easyvendingmx.com\/wp-content\/uploads\/2024\/10\/solista-1-e1715273064412-12x12.png",12,12,true],"woocommerce_archive_thumbnail":["https:\/\/easyvendingmx.com\/wp-content\/uploads\/2024\/10\/solista-1-e1715273064412.png",450,450,false],"woocommerce_thumbnail":["https:\/\/easyvendingmx.com\/wp-content\/uploads\/2024\/10\/solista-1-e1715273064412.png",450,450,false],"woocommerce_single":["https:\/\/easyvendingmx.com\/wp-content\/uploads\/2024\/10\/solista-1-e1715273064412.png",450,450,false],"woocommerce_gallery_thumbnail":["https:\/\/easyvendingmx.com\/wp-content\/uploads\/2024\/10\/solista-1-e1715273064412-100x100.png",100,100,true]},"post_excerpt_stackable_v2":"<p class=\"mb-4\">Solista contin\u00faa la trayectoria de Necta en el suministro de bebidas de alta calidad en emplazamientos m\u00e1s peque\u00f1os. Entre los productos de table top, Solista muestra su dise\u00f1o elegante y puede apreciarse su alto nivel de capacidad y su rendimiento tecnol\u00f3gico.<\/p>\n<div class=\"row g-0 mb-3\">\n<div class=\"col-sm-12 wow zoomIn\" data-wow-delay=\"0.2s\">\n<h6 class=\"mb-3\"><i class=\"fa fa-check text-primary me-3\"><\/i>10 Selecciones directas:<\/h6>\n<ul>\n<li>Expreso.<\/li>\n<li>Cortado.<\/li>\n<li>Americano.<\/li>\n<li>Caf\u00e9 con leche.<\/li>\n<li>Capuchino.<\/li>\n<li>Mokachino.<\/li>\n<li>Capuchino vainilla.<\/li>\n<li>Chocolate Fuerte.<\/li>\n<li>Americano con chocolate Az\u00facar mas o menos.<\/li>\n<\/ul>\n<h6 class=\"mb-3\"><i class=\"fa fa-check text-primary me-3\"><\/i>Capacidad de 200 tazas por carga.<\/h6>\n<h6 class=\"mb-3\"><i class=\"fa fa-check text-primary me-3\"><\/i>Etiquetas amplias y de f\u00e1cil lectura.<\/h6>\n<h6 class=\"mb-3\"><i class=\"fa fa-check text-primary me-3\"><\/i>Display gr\u00e1fico 128*24 pixel.<\/h6>\n<h6 class=\"mb-3\"><i class=\"fa fa-check text-primary me-3\"><\/i>Iluminaci\u00f3n LED de la interfaz con posibilidad de cambiar su color de acuerdo a la est\u00e9tica requerida.<\/h6>\n<\/div>\n<\/div>\n","category_list_v2":"","author_info_v2":{"name":"","url":""},"comments_num_v2":"0 comments","aioseo_notices":[],"uagb_featured_image_src":{"full":["https:\/\/easyvendingmx.com\/wp-content\/uploads\/2024\/10\/solista-1-e1715273064412.png",450,450,false],"thumbnail":["https:\/\/easyvendingmx.com\/wp-content\/uploads\/2024\/10\/solista-1-e1715273064412-150x150.png",150,150,true],"medium":["https:\/\/easyvendingmx.com\/wp-content\/uploads\/2024\/10\/solista-1-e1715273064412-300x300.png",300,300,true],"medium_large":["https:\/\/easyvendingmx.com\/wp-content\/uploads\/2024\/10\/solista-1-e1715273064412.png",450,450,false],"large":["https:\/\/easyvendingmx.com\/wp-content\/uploads\/2024\/10\/solista-1-e1715273064412.png",450,450,false],"1536x1536":["https:\/\/easyvendingmx.com\/wp-content\/uploads\/2024\/10\/solista-1-e1715273064412.png",450,450,false],"2048x2048":["https:\/\/easyvendingmx.com\/wp-content\/uploads\/2024\/10\/solista-1-e1715273064412.png",450,450,false],"trp-custom-language-flag":["https:\/\/easyvendingmx.com\/wp-content\/uploads\/2024\/10\/solista-1-e1715273064412-12x12.png",12,12,true],"woocommerce_archive_thumbnail":["https:\/\/easyvendingmx.com\/wp-content\/uploads\/2024\/10\/solista-1-e1715273064412.png",450,450,false],"woocommerce_thumbnail":["https:\/\/easyvendingmx.com\/wp-content\/uploads\/2024\/10\/solista-1-e1715273064412.png",450,450,false],"woocommerce_single":["https:\/\/easyvendingmx.com\/wp-content\/uploads\/2024\/10\/solista-1-e1715273064412.png",450,450,false],"woocommerce_gallery_thumbnail":["https:\/\/easyvendingmx.com\/wp-content\/uploads\/2024\/10\/solista-1-e1715273064412-100x100.png",100,100,true]},"uagb_author_info":{"display_name":"easyvendingventas@gmail.com","author_link":"https:\/\/easyvendingmx.com\/en\/author\/"},"uagb_comment_info":0,"uagb_excerpt":"Solista contin\u00faa la trayectoria de Necta en el suministro de bebidas de alta calidad en emplazamientos m\u00e1s peque\u00f1os. Entre los productos de table top, Solista muestra su dise\u00f1o elegante y puede apreciarse su alto nivel de capacidad y su rendimiento tecnol\u00f3gico. 10 Selecciones directas: Expreso. Cortado. Americano. Caf\u00e9 con leche. Capuchino. Mokachino. Capuchino vainilla. Chocolate&hellip;","_links":{"self":[{"href":"https:\/\/easyvendingmx.com\/en\/wp-json\/wp\/v2\/product\/2740","targetHints":{"allow":["GET"]}}],"collection":[{"href":"https:\/\/easyvendingmx.com\/en\/wp-json\/wp\/v2\/product"}],"about":[{"href":"https:\/\/easyvendingmx.com\/en\/wp-json\/wp\/v2\/types\/product"}],"replies":[{"embeddable":true,"href":"https:\/\/easyvendingmx.com\/en\/wp-json\/wp\/v2\/comments?post=2740"}],"wp:featuredmedia":[{"embeddable":true,"href":"https:\/\/easyvendingmx.com\/en\/wp-json\/wp\/v2\/media\/3317"}],"wp:attachment":[{"href":"https:\/\/easyvendingmx.com\/en\/wp-json\/wp\/v2\/media?parent=2740"}],"wp:term":[{"taxonomy":"product_cat","embeddable":true,"href":"https:\/\/easyvendingmx.com\/en\/wp-json\/wp\/v2\/product_cat?post=2740"},{"taxonomy":"product_tag","embeddable":true,"href":"https:\/\/easyvendingmx.com\/en\/wp-json\/wp\/v2\/product_tag?post=2740"}],"curies":[{"name":"wp","href":"https:\/\/api.w.org\/{rel}","templated":true}]}}