{"id":2735,"date":"2024-10-02T17:15:02","date_gmt":"2024-10-02T23:15:02","guid":{"rendered":"https:\/\/easyvendingmx.com\/?post_type=product&#038;p=2735"},"modified":"2025-06-11T11:06:35","modified_gmt":"2025-06-11T17:06:35","slug":"ict-tao-a-v-ii-series","status":"publish","type":"product","link":"https:\/\/easyvendingmx.com\/en\/product\/ict-tao-a-v-ii-series\/","title":{"rendered":"ICT TAO-A\/V II SERIES"},"content":{"rendered":"","protected":false},"excerpt":{"rendered":"<p class=\"mb-4\">TAO-A\/V IIU es un aceptador de billetes que cuenta con caja de billetes con cerradura, para alta seguridad, con una tasa de aceptaci\u00f3n del 96% o superior.<\/p>\n<div class=\"row g-0 mb-3\">\n<div class=\"col-sm-12 wow zoomIn\" data-wow-delay=\"0.2s\">\n<h6 class=\"mb-3\"><i class=\"fa fa-check text-primary me-3\"><\/i>Aceptaci\u00f3n de inserci\u00f3n de billetes de cuatro v\u00edas.<\/h6>\n<h6 class=\"mb-3\"><i class=\"fa fa-check text-primary me-3\"><\/i>Calibraci\u00f3n autom\u00e1tica.<\/h6>\n<h6 class=\"mb-3\"><i class=\"fa fa-check text-primary me-3\"><\/i>Interfaz USB compatible con Win XP\/Vista y Linux disponible.<\/h6>\n<h6 class=\"mb-3\"><i class=\"fa fa-check text-primary me-3\"><\/i>Caja de seguridad extra\u00edble y con cerradura con capacidad para 200, 500 o 1000 billetes.<\/h6>\n<h6 class=\"mb-3\"><i class=\"fa fa-check text-primary me-3\"><\/i>Dise\u00f1o avanzado resistente al agua.<\/h6>\n<h6 class=\"mb-3\"><i class=\"fa fa-check text-primary me-3\"><\/i>Excelente resistente al ambiente de humedad.<\/h6>\n<h6 class=\"mb-3\"><i class=\"fa fa-check text-primary me-3\"><\/i>Perfecto para aplicaciones en interiores y exteriores.<\/h6>\n<h6 class=\"mb-3\"><i class=\"fa fa-check text-primary me-3\"><\/i>TAO-A\/V IIU admite la actualizaci\u00f3n del firmware mediante el uso de una unidad flash USB.<\/h6>\n<\/div>\n<\/div>","protected":false},"featured_media":2736,"comment_status":"open","ping_status":"closed","template":"","meta":{"_gspb_post_css":"","om_disable_all_campaigns":false,"_uag_custom_page_level_css":"","_monsterinsights_skip_tracking":false,"_monsterinsights_sitenote_active":false,"_monsterinsights_sitenote_note":"","_monsterinsights_sitenote_category":0,"_uf_show_specific_survey":0,"_uf_disable_surveys":false,"_joinchat":[]},"product_cat":[15,77],"product_tag":[],"class_list":{"0":"post-2735","1":"product","2":"type-product","3":"status-publish","4":"has-post-thumbnail","6":"product_cat-uncategorized","7":"product_cat-sistemas-de-cobro","9":"","10":"instock","11":"shipping-taxable","12":"product-type-simple"},"featured_image_urls_v2":{"full":["https:\/\/easyvendingmx.com\/wp-content\/uploads\/2024\/10\/WhatsApp-Image-2024-10-02-at-5.14.22-PM.jpeg",331,523,false],"thumbnail":["https:\/\/easyvendingmx.com\/wp-content\/uploads\/2024\/10\/WhatsApp-Image-2024-10-02-at-5.14.22-PM-150x150.jpeg",150,150,true],"medium":["https:\/\/easyvendingmx.com\/wp-content\/uploads\/2024\/10\/WhatsApp-Image-2024-10-02-at-5.14.22-PM-190x300.jpeg",190,300,true],"medium_large":["https:\/\/easyvendingmx.com\/wp-content\/uploads\/2024\/10\/WhatsApp-Image-2024-10-02-at-5.14.22-PM.jpeg",331,523,false],"large":["https:\/\/easyvendingmx.com\/wp-content\/uploads\/2024\/10\/WhatsApp-Image-2024-10-02-at-5.14.22-PM.jpeg",331,523,false],"1536x1536":["https:\/\/easyvendingmx.com\/wp-content\/uploads\/2024\/10\/WhatsApp-Image-2024-10-02-at-5.14.22-PM.jpeg",331,523,false],"2048x2048":["https:\/\/easyvendingmx.com\/wp-content\/uploads\/2024\/10\/WhatsApp-Image-2024-10-02-at-5.14.22-PM.jpeg",331,523,false],"trp-custom-language-flag":["https:\/\/easyvendingmx.com\/wp-content\/uploads\/2024\/10\/WhatsApp-Image-2024-10-02-at-5.14.22-PM-8x12.jpeg",8,12,true],"woocommerce_archive_thumbnail":["https:\/\/easyvendingmx.com\/wp-content\/uploads\/2024\/10\/WhatsApp-Image-2024-10-02-at-5.14.22-PM-300x474.jpeg",300,474,true],"woocommerce_thumbnail":["https:\/\/easyvendingmx.com\/wp-content\/uploads\/2024\/10\/WhatsApp-Image-2024-10-02-at-5.14.22-PM.jpeg",331,523,false],"woocommerce_single":["https:\/\/easyvendingmx.com\/wp-content\/uploads\/2024\/10\/WhatsApp-Image-2024-10-02-at-5.14.22-PM.jpeg",331,523,false],"woocommerce_gallery_thumbnail":["https:\/\/easyvendingmx.com\/wp-content\/uploads\/2024\/10\/WhatsApp-Image-2024-10-02-at-5.14.22-PM-100x100.jpeg",100,100,true]},"post_excerpt_stackable_v2":"<p class=\"mb-4\">TAO-A\/V IIU es un aceptador de billetes que cuenta con caja de billetes con cerradura, para alta seguridad, con una tasa de aceptaci\u00f3n del 96% o superior.<\/p>\n<div class=\"row g-0 mb-3\">\n<div class=\"col-sm-12 wow zoomIn\" data-wow-delay=\"0.2s\">\n<h6 class=\"mb-3\"><i class=\"fa fa-check text-primary me-3\"><\/i>Aceptaci\u00f3n de inserci\u00f3n de billetes de cuatro v\u00edas.<\/h6>\n<h6 class=\"mb-3\"><i class=\"fa fa-check text-primary me-3\"><\/i>Calibraci\u00f3n autom\u00e1tica.<\/h6>\n<h6 class=\"mb-3\"><i class=\"fa fa-check text-primary me-3\"><\/i>Interfaz USB compatible con Win XP\/Vista y Linux disponible.<\/h6>\n<h6 class=\"mb-3\"><i class=\"fa fa-check text-primary me-3\"><\/i>Caja de seguridad extra\u00edble y con cerradura con capacidad para 200, 500 o 1000 billetes.<\/h6>\n<h6 class=\"mb-3\"><i class=\"fa fa-check text-primary me-3\"><\/i>Dise\u00f1o avanzado resistente al agua.<\/h6>\n<h6 class=\"mb-3\"><i class=\"fa fa-check text-primary me-3\"><\/i>Excelente resistente al ambiente de humedad.<\/h6>\n<h6 class=\"mb-3\"><i class=\"fa fa-check text-primary me-3\"><\/i>Perfecto para aplicaciones en interiores y exteriores.<\/h6>\n<h6 class=\"mb-3\"><i class=\"fa fa-check text-primary me-3\"><\/i>TAO-A\/V IIU admite la actualizaci\u00f3n del firmware mediante el uso de una unidad flash USB.<\/h6>\n<\/div>\n<\/div>\n","category_list_v2":"","author_info_v2":{"name":"","url":""},"comments_num_v2":"0 comments","aioseo_notices":[],"uagb_featured_image_src":{"full":["https:\/\/easyvendingmx.com\/wp-content\/uploads\/2024\/10\/WhatsApp-Image-2024-10-02-at-5.14.22-PM.jpeg",331,523,false],"thumbnail":["https:\/\/easyvendingmx.com\/wp-content\/uploads\/2024\/10\/WhatsApp-Image-2024-10-02-at-5.14.22-PM-150x150.jpeg",150,150,true],"medium":["https:\/\/easyvendingmx.com\/wp-content\/uploads\/2024\/10\/WhatsApp-Image-2024-10-02-at-5.14.22-PM-190x300.jpeg",190,300,true],"medium_large":["https:\/\/easyvendingmx.com\/wp-content\/uploads\/2024\/10\/WhatsApp-Image-2024-10-02-at-5.14.22-PM.jpeg",331,523,false],"large":["https:\/\/easyvendingmx.com\/wp-content\/uploads\/2024\/10\/WhatsApp-Image-2024-10-02-at-5.14.22-PM.jpeg",331,523,false],"1536x1536":["https:\/\/easyvendingmx.com\/wp-content\/uploads\/2024\/10\/WhatsApp-Image-2024-10-02-at-5.14.22-PM.jpeg",331,523,false],"2048x2048":["https:\/\/easyvendingmx.com\/wp-content\/uploads\/2024\/10\/WhatsApp-Image-2024-10-02-at-5.14.22-PM.jpeg",331,523,false],"trp-custom-language-flag":["https:\/\/easyvendingmx.com\/wp-content\/uploads\/2024\/10\/WhatsApp-Image-2024-10-02-at-5.14.22-PM-8x12.jpeg",8,12,true],"woocommerce_archive_thumbnail":["https:\/\/easyvendingmx.com\/wp-content\/uploads\/2024\/10\/WhatsApp-Image-2024-10-02-at-5.14.22-PM-300x474.jpeg",300,474,true],"woocommerce_thumbnail":["https:\/\/easyvendingmx.com\/wp-content\/uploads\/2024\/10\/WhatsApp-Image-2024-10-02-at-5.14.22-PM.jpeg",331,523,false],"woocommerce_single":["https:\/\/easyvendingmx.com\/wp-content\/uploads\/2024\/10\/WhatsApp-Image-2024-10-02-at-5.14.22-PM.jpeg",331,523,false],"woocommerce_gallery_thumbnail":["https:\/\/easyvendingmx.com\/wp-content\/uploads\/2024\/10\/WhatsApp-Image-2024-10-02-at-5.14.22-PM-100x100.jpeg",100,100,true]},"uagb_author_info":{"display_name":"easyvendingventas@gmail.com","author_link":"https:\/\/easyvendingmx.com\/en\/author\/"},"uagb_comment_info":1,"uagb_excerpt":"TAO-A\/V IIU es un aceptador de billetes que cuenta con caja de billetes con cerradura, para alta seguridad, con una tasa de aceptaci\u00f3n del 96% o superior. Aceptaci\u00f3n de inserci\u00f3n de billetes de cuatro v\u00edas. Calibraci\u00f3n autom\u00e1tica. Interfaz USB compatible con Win XP\/Vista y Linux disponible. Caja de seguridad extra\u00edble y con cerradura con capacidad&hellip;","_links":{"self":[{"href":"https:\/\/easyvendingmx.com\/en\/wp-json\/wp\/v2\/product\/2735","targetHints":{"allow":["GET"]}}],"collection":[{"href":"https:\/\/easyvendingmx.com\/en\/wp-json\/wp\/v2\/product"}],"about":[{"href":"https:\/\/easyvendingmx.com\/en\/wp-json\/wp\/v2\/types\/product"}],"replies":[{"embeddable":true,"href":"https:\/\/easyvendingmx.com\/en\/wp-json\/wp\/v2\/comments?post=2735"}],"wp:featuredmedia":[{"embeddable":true,"href":"https:\/\/easyvendingmx.com\/en\/wp-json\/wp\/v2\/media\/2736"}],"wp:attachment":[{"href":"https:\/\/easyvendingmx.com\/en\/wp-json\/wp\/v2\/media?parent=2735"}],"wp:term":[{"taxonomy":"product_cat","embeddable":true,"href":"https:\/\/easyvendingmx.com\/en\/wp-json\/wp\/v2\/product_cat?post=2735"},{"taxonomy":"product_tag","embeddable":true,"href":"https:\/\/easyvendingmx.com\/en\/wp-json\/wp\/v2\/product_tag?post=2735"}],"curies":[{"name":"wp","href":"https:\/\/api.w.org\/{rel}","templated":true}]}}