{"id":2680,"date":"2024-09-25T09:21:22","date_gmt":"2024-09-25T15:21:22","guid":{"rendered":"https:\/\/easyvendingmx.com\/?post_type=product&#038;p=2680"},"modified":"2024-12-09T09:55:02","modified_gmt":"2024-12-09T15:55:02","slug":"toallas-femeninas","status":"publish","type":"product","link":"https:\/\/easyvendingmx.com\/en\/product\/toallas-femeninas\/","title":{"rendered":"TOALLAS FEMENINAS"},"content":{"rendered":"<p>IMAGEN ILUSTRATIVA<\/p>","protected":false},"excerpt":{"rendered":"<p class=\"odefaultsnippettext\"><span style=\"font-family: 'Arial',sans-serif;\">-Hay en 3 tama\u00f1os.<br \/>\n-Maquina mec\u00e1nica de toallas sanitarias de dos espirales con capacidad para 30 toallas femeninas.<br \/>\n-Maquina mec\u00e1nica de toallas sanitarias de 3 espirales con capacidad para 60-75 toallas femeninas.<br \/>\n-Maquina mec\u00e1nica de toallas sanitarias de 4 espirales con capacidad para 110-110 toallas femeninas.<br \/>\n-Todas aceptan monedas de $1, $5 y %10 pesos.<br \/>\n-Son de f\u00e1cil instalaci\u00f3n.\u00a0<\/span><\/p>","protected":false},"featured_media":2681,"comment_status":"open","ping_status":"closed","template":"","meta":{"_gspb_post_css":"","om_disable_all_campaigns":false,"_uag_custom_page_level_css":"","_monsterinsights_skip_tracking":false,"_monsterinsights_sitenote_active":false,"_monsterinsights_sitenote_note":"","_monsterinsights_sitenote_category":0,"_uf_show_specific_survey":0,"_uf_disable_surveys":false,"_joinchat":[]},"product_cat":[15,78],"product_tag":[],"class_list":{"0":"post-2680","1":"product","2":"type-product","3":"status-publish","4":"has-post-thumbnail","6":"product_cat-uncategorized","7":"product_cat-practi-vending","9":"","10":"instock","11":"shipping-taxable","12":"product-type-simple"},"featured_image_urls_v2":{"full":["https:\/\/easyvendingmx.com\/wp-content\/uploads\/2024\/09\/WhatsApp-Image-2024-09-25-at-9.19.19-AM.jpeg",601,600,false],"thumbnail":["https:\/\/easyvendingmx.com\/wp-content\/uploads\/2024\/09\/WhatsApp-Image-2024-09-25-at-9.19.19-AM.jpeg",150,150,false],"medium":["https:\/\/easyvendingmx.com\/wp-content\/uploads\/2024\/09\/WhatsApp-Image-2024-09-25-at-9.19.19-AM.jpeg",300,300,false],"medium_large":["https:\/\/easyvendingmx.com\/wp-content\/uploads\/2024\/09\/WhatsApp-Image-2024-09-25-at-9.19.19-AM.jpeg",601,600,false],"large":["https:\/\/easyvendingmx.com\/wp-content\/uploads\/2024\/09\/WhatsApp-Image-2024-09-25-at-9.19.19-AM.jpeg",601,600,false],"1536x1536":["https:\/\/easyvendingmx.com\/wp-content\/uploads\/2024\/09\/WhatsApp-Image-2024-09-25-at-9.19.19-AM.jpeg",601,600,false],"2048x2048":["https:\/\/easyvendingmx.com\/wp-content\/uploads\/2024\/09\/WhatsApp-Image-2024-09-25-at-9.19.19-AM.jpeg",601,600,false],"trp-custom-language-flag":["https:\/\/easyvendingmx.com\/wp-content\/uploads\/2024\/09\/WhatsApp-Image-2024-09-25-at-9.19.19-AM.jpeg",12,12,false],"woocommerce_archive_thumbnail":["https:\/\/easyvendingmx.com\/wp-content\/uploads\/2024\/09\/WhatsApp-Image-2024-09-25-at-9.19.19-AM.jpeg",600,599,false],"woocommerce_thumbnail":["https:\/\/easyvendingmx.com\/wp-content\/uploads\/2024\/09\/WhatsApp-Image-2024-09-25-at-9.19.19-AM.jpeg",600,599,false],"woocommerce_single":["https:\/\/easyvendingmx.com\/wp-content\/uploads\/2024\/09\/WhatsApp-Image-2024-09-25-at-9.19.19-AM.jpeg",600,599,false],"woocommerce_gallery_thumbnail":["https:\/\/easyvendingmx.com\/wp-content\/uploads\/2024\/09\/WhatsApp-Image-2024-09-25-at-9.19.19-AM.jpeg",100,100,false]},"post_excerpt_stackable_v2":"<p class=\"odefaultsnippettext\"><span style=\"font-family: 'Arial',sans-serif;\">-Hay en 3 tama\u00f1os.<br \/>\n-Maquina mec\u00e1nica de toallas sanitarias de dos espirales con capacidad para 30 toallas femeninas.<br \/>\n-Maquina mec\u00e1nica de toallas sanitarias de 3 espirales con capacidad para 60-75 toallas femeninas.<br \/>\n-Maquina mec\u00e1nica de toallas sanitarias de 4 espirales con capacidad para 110-110 toallas femeninas.<br \/>\n-Todas aceptan monedas de $1, $5 y %10 pesos.<br \/>\n-Son de f\u00e1cil instalaci\u00f3n.\u00a0<\/span><\/p>\n","category_list_v2":"","author_info_v2":{"name":"","url":""},"comments_num_v2":"0 comments","aioseo_notices":[],"uagb_featured_image_src":{"full":["https:\/\/easyvendingmx.com\/wp-content\/uploads\/2024\/09\/WhatsApp-Image-2024-09-25-at-9.19.19-AM.jpeg",601,600,false],"thumbnail":["https:\/\/easyvendingmx.com\/wp-content\/uploads\/2024\/09\/WhatsApp-Image-2024-09-25-at-9.19.19-AM.jpeg",150,150,false],"medium":["https:\/\/easyvendingmx.com\/wp-content\/uploads\/2024\/09\/WhatsApp-Image-2024-09-25-at-9.19.19-AM.jpeg",300,300,false],"medium_large":["https:\/\/easyvendingmx.com\/wp-content\/uploads\/2024\/09\/WhatsApp-Image-2024-09-25-at-9.19.19-AM.jpeg",601,600,false],"large":["https:\/\/easyvendingmx.com\/wp-content\/uploads\/2024\/09\/WhatsApp-Image-2024-09-25-at-9.19.19-AM.jpeg",601,600,false],"1536x1536":["https:\/\/easyvendingmx.com\/wp-content\/uploads\/2024\/09\/WhatsApp-Image-2024-09-25-at-9.19.19-AM.jpeg",601,600,false],"2048x2048":["https:\/\/easyvendingmx.com\/wp-content\/uploads\/2024\/09\/WhatsApp-Image-2024-09-25-at-9.19.19-AM.jpeg",601,600,false],"trp-custom-language-flag":["https:\/\/easyvendingmx.com\/wp-content\/uploads\/2024\/09\/WhatsApp-Image-2024-09-25-at-9.19.19-AM.jpeg",12,12,false],"woocommerce_archive_thumbnail":["https:\/\/easyvendingmx.com\/wp-content\/uploads\/2024\/09\/WhatsApp-Image-2024-09-25-at-9.19.19-AM.jpeg",600,599,false],"woocommerce_thumbnail":["https:\/\/easyvendingmx.com\/wp-content\/uploads\/2024\/09\/WhatsApp-Image-2024-09-25-at-9.19.19-AM.jpeg",600,599,false],"woocommerce_single":["https:\/\/easyvendingmx.com\/wp-content\/uploads\/2024\/09\/WhatsApp-Image-2024-09-25-at-9.19.19-AM.jpeg",600,599,false],"woocommerce_gallery_thumbnail":["https:\/\/easyvendingmx.com\/wp-content\/uploads\/2024\/09\/WhatsApp-Image-2024-09-25-at-9.19.19-AM.jpeg",100,100,false]},"uagb_author_info":{"display_name":"easyvendingventas@gmail.com","author_link":"https:\/\/easyvendingmx.com\/en\/author\/"},"uagb_comment_info":1,"uagb_excerpt":"-Hay en 3 tama\u00f1os. -Maquina mec\u00e1nica de toallas sanitarias de dos espirales con capacidad para 30 toallas femeninas. -Maquina mec\u00e1nica de toallas sanitarias de 3 espirales con capacidad para 60-75 toallas femeninas. -Maquina mec\u00e1nica de toallas sanitarias de 4 espirales con capacidad para 110-110 toallas femeninas. -Todas aceptan monedas de $1, $5 y %10 pesos.&hellip;","_links":{"self":[{"href":"https:\/\/easyvendingmx.com\/en\/wp-json\/wp\/v2\/product\/2680","targetHints":{"allow":["GET"]}}],"collection":[{"href":"https:\/\/easyvendingmx.com\/en\/wp-json\/wp\/v2\/product"}],"about":[{"href":"https:\/\/easyvendingmx.com\/en\/wp-json\/wp\/v2\/types\/product"}],"replies":[{"embeddable":true,"href":"https:\/\/easyvendingmx.com\/en\/wp-json\/wp\/v2\/comments?post=2680"}],"wp:featuredmedia":[{"embeddable":true,"href":"https:\/\/easyvendingmx.com\/en\/wp-json\/wp\/v2\/media\/2681"}],"wp:attachment":[{"href":"https:\/\/easyvendingmx.com\/en\/wp-json\/wp\/v2\/media?parent=2680"}],"wp:term":[{"taxonomy":"product_cat","embeddable":true,"href":"https:\/\/easyvendingmx.com\/en\/wp-json\/wp\/v2\/product_cat?post=2680"},{"taxonomy":"product_tag","embeddable":true,"href":"https:\/\/easyvendingmx.com\/en\/wp-json\/wp\/v2\/product_tag?post=2680"}],"curies":[{"name":"wp","href":"https:\/\/api.w.org\/{rel}","templated":true}]}}