{"id":2678,"date":"2024-09-25T09:18:41","date_gmt":"2024-09-25T15:18:41","guid":{"rendered":"https:\/\/easyvendingmx.com\/?post_type=product&#038;p=2678"},"modified":"2024-12-09T09:55:39","modified_gmt":"2024-12-09T15:55:39","slug":"papel-higienico","status":"publish","type":"product","link":"https:\/\/easyvendingmx.com\/en\/product\/papel-higienico\/","title":{"rendered":"PAPEL HIGI\u00c9NICO"},"content":{"rendered":"<p>IMAGEN ILUSTRATIVA<\/p>","protected":false},"excerpt":{"rendered":"<p>Capacidad para rollos de hasta 600 mts.<br \/>\nM\u00e1quina fabricada en L\u00e1mina de Acero color blanco, disponible tambi\u00e9n en gris y negro.<br \/>\nCuenta con laca protectora adicional a la pintura electrost\u00e1tica.<br \/>\nM\u00e1quina El\u00e9ctrica funciona con corriente el\u00e9ctrica de 120v AC, 60 HZ.<br \/>\nIluminaci\u00f3n interna para visualizar existencia de papel.<br \/>\nPermite ajustar la tarifa al precio deseado, y el monedero aceptar\u00e1 monedas de $1, $2, $5 y $10 pesos.<br \/>\nPermite ajustar la longitud de papel higi\u00e9nico a entregar.<br \/>\nChapa de seguridad bancaria en puerta y caja colectora.<br \/>\nVentana frontal antivand\u00e1lica irrompible de policarbonato.<br \/>\nIndicador luminoso ultrabrillante de funcionamiento.<br \/>\nM\u00e1quina f\u00e1cil de instalar, de m\u00ednimo mantenimiento.<br \/>\nDimensiones: 58 cm x 49 cm x 17 cm.<\/p>","protected":false},"featured_media":2679,"comment_status":"open","ping_status":"closed","template":"","meta":{"_gspb_post_css":"","om_disable_all_campaigns":false,"_uag_custom_page_level_css":"","_monsterinsights_skip_tracking":false,"_monsterinsights_sitenote_active":false,"_monsterinsights_sitenote_note":"","_monsterinsights_sitenote_category":0,"_uf_show_specific_survey":0,"_uf_disable_surveys":false,"_joinchat":[]},"product_cat":[15,78],"product_tag":[],"class_list":{"0":"post-2678","1":"product","2":"type-product","3":"status-publish","4":"has-post-thumbnail","6":"product_cat-uncategorized","7":"product_cat-practi-vending","9":"","10":"instock","11":"shipping-taxable","12":"product-type-simple"},"featured_image_urls_v2":{"full":["https:\/\/easyvendingmx.com\/wp-content\/uploads\/2024\/09\/WhatsApp-Image-2024-09-25-at-9.18.16-AM.jpeg",601,600,false],"thumbnail":["https:\/\/easyvendingmx.com\/wp-content\/uploads\/2024\/09\/WhatsApp-Image-2024-09-25-at-9.18.16-AM.jpeg",150,150,false],"medium":["https:\/\/easyvendingmx.com\/wp-content\/uploads\/2024\/09\/WhatsApp-Image-2024-09-25-at-9.18.16-AM.jpeg",300,300,false],"medium_large":["https:\/\/easyvendingmx.com\/wp-content\/uploads\/2024\/09\/WhatsApp-Image-2024-09-25-at-9.18.16-AM.jpeg",601,600,false],"large":["https:\/\/easyvendingmx.com\/wp-content\/uploads\/2024\/09\/WhatsApp-Image-2024-09-25-at-9.18.16-AM.jpeg",601,600,false],"1536x1536":["https:\/\/easyvendingmx.com\/wp-content\/uploads\/2024\/09\/WhatsApp-Image-2024-09-25-at-9.18.16-AM.jpeg",601,600,false],"2048x2048":["https:\/\/easyvendingmx.com\/wp-content\/uploads\/2024\/09\/WhatsApp-Image-2024-09-25-at-9.18.16-AM.jpeg",601,600,false],"trp-custom-language-flag":["https:\/\/easyvendingmx.com\/wp-content\/uploads\/2024\/09\/WhatsApp-Image-2024-09-25-at-9.18.16-AM.jpeg",12,12,false],"woocommerce_archive_thumbnail":["https:\/\/easyvendingmx.com\/wp-content\/uploads\/2024\/09\/WhatsApp-Image-2024-09-25-at-9.18.16-AM.jpeg",600,599,false],"woocommerce_thumbnail":["https:\/\/easyvendingmx.com\/wp-content\/uploads\/2024\/09\/WhatsApp-Image-2024-09-25-at-9.18.16-AM.jpeg",600,599,false],"woocommerce_single":["https:\/\/easyvendingmx.com\/wp-content\/uploads\/2024\/09\/WhatsApp-Image-2024-09-25-at-9.18.16-AM.jpeg",600,599,false],"woocommerce_gallery_thumbnail":["https:\/\/easyvendingmx.com\/wp-content\/uploads\/2024\/09\/WhatsApp-Image-2024-09-25-at-9.18.16-AM.jpeg",100,100,false]},"post_excerpt_stackable_v2":"<p>Capacidad para rollos de hasta 600 mts.<br \/>\nM\u00e1quina fabricada en L\u00e1mina de Acero color blanco, disponible tambi\u00e9n en gris y negro.<br \/>\nCuenta con laca protectora adicional a la pintura electrost\u00e1tica.<br \/>\nM\u00e1quina El\u00e9ctrica funciona con corriente el\u00e9ctrica de 120v AC, 60 HZ.<br \/>\nIluminaci\u00f3n interna para visualizar existencia de papel.<br \/>\nPermite ajustar la tarifa al precio deseado, y el monedero aceptar\u00e1 monedas de $1, $2, $5 y $10 pesos.<br \/>\nPermite ajustar la longitud de papel higi\u00e9nico a entregar.<br \/>\nChapa de seguridad bancaria en puerta y caja colectora.<br \/>\nVentana frontal antivand\u00e1lica irrompible de policarbonato.<br \/>\nIndicador luminoso ultrabrillante de funcionamiento.<br \/>\nM\u00e1quina f\u00e1cil de instalar, de m\u00ednimo mantenimiento.<br \/>\nDimensiones: 58 cm x 49 cm x 17 cm.<\/p>\n","category_list_v2":"","author_info_v2":{"name":"","url":""},"comments_num_v2":"0 comments","aioseo_notices":[],"uagb_featured_image_src":{"full":["https:\/\/easyvendingmx.com\/wp-content\/uploads\/2024\/09\/WhatsApp-Image-2024-09-25-at-9.18.16-AM.jpeg",601,600,false],"thumbnail":["https:\/\/easyvendingmx.com\/wp-content\/uploads\/2024\/09\/WhatsApp-Image-2024-09-25-at-9.18.16-AM.jpeg",150,150,false],"medium":["https:\/\/easyvendingmx.com\/wp-content\/uploads\/2024\/09\/WhatsApp-Image-2024-09-25-at-9.18.16-AM.jpeg",300,300,false],"medium_large":["https:\/\/easyvendingmx.com\/wp-content\/uploads\/2024\/09\/WhatsApp-Image-2024-09-25-at-9.18.16-AM.jpeg",601,600,false],"large":["https:\/\/easyvendingmx.com\/wp-content\/uploads\/2024\/09\/WhatsApp-Image-2024-09-25-at-9.18.16-AM.jpeg",601,600,false],"1536x1536":["https:\/\/easyvendingmx.com\/wp-content\/uploads\/2024\/09\/WhatsApp-Image-2024-09-25-at-9.18.16-AM.jpeg",601,600,false],"2048x2048":["https:\/\/easyvendingmx.com\/wp-content\/uploads\/2024\/09\/WhatsApp-Image-2024-09-25-at-9.18.16-AM.jpeg",601,600,false],"trp-custom-language-flag":["https:\/\/easyvendingmx.com\/wp-content\/uploads\/2024\/09\/WhatsApp-Image-2024-09-25-at-9.18.16-AM.jpeg",12,12,false],"woocommerce_archive_thumbnail":["https:\/\/easyvendingmx.com\/wp-content\/uploads\/2024\/09\/WhatsApp-Image-2024-09-25-at-9.18.16-AM.jpeg",600,599,false],"woocommerce_thumbnail":["https:\/\/easyvendingmx.com\/wp-content\/uploads\/2024\/09\/WhatsApp-Image-2024-09-25-at-9.18.16-AM.jpeg",600,599,false],"woocommerce_single":["https:\/\/easyvendingmx.com\/wp-content\/uploads\/2024\/09\/WhatsApp-Image-2024-09-25-at-9.18.16-AM.jpeg",600,599,false],"woocommerce_gallery_thumbnail":["https:\/\/easyvendingmx.com\/wp-content\/uploads\/2024\/09\/WhatsApp-Image-2024-09-25-at-9.18.16-AM.jpeg",100,100,false]},"uagb_author_info":{"display_name":"easyvendingventas@gmail.com","author_link":"https:\/\/easyvendingmx.com\/en\/author\/"},"uagb_comment_info":0,"uagb_excerpt":"Capacidad para rollos de hasta 600 mts. M\u00e1quina fabricada en L\u00e1mina de Acero color blanco, disponible tambi\u00e9n en gris y negro. Cuenta con laca protectora adicional a la pintura electrost\u00e1tica. M\u00e1quina El\u00e9ctrica funciona con corriente el\u00e9ctrica de 120v AC, 60 HZ. Iluminaci\u00f3n interna para visualizar existencia de papel. Permite ajustar la tarifa al precio deseado,&hellip;","_links":{"self":[{"href":"https:\/\/easyvendingmx.com\/en\/wp-json\/wp\/v2\/product\/2678","targetHints":{"allow":["GET"]}}],"collection":[{"href":"https:\/\/easyvendingmx.com\/en\/wp-json\/wp\/v2\/product"}],"about":[{"href":"https:\/\/easyvendingmx.com\/en\/wp-json\/wp\/v2\/types\/product"}],"replies":[{"embeddable":true,"href":"https:\/\/easyvendingmx.com\/en\/wp-json\/wp\/v2\/comments?post=2678"}],"wp:featuredmedia":[{"embeddable":true,"href":"https:\/\/easyvendingmx.com\/en\/wp-json\/wp\/v2\/media\/2679"}],"wp:attachment":[{"href":"https:\/\/easyvendingmx.com\/en\/wp-json\/wp\/v2\/media?parent=2678"}],"wp:term":[{"taxonomy":"product_cat","embeddable":true,"href":"https:\/\/easyvendingmx.com\/en\/wp-json\/wp\/v2\/product_cat?post=2678"},{"taxonomy":"product_tag","embeddable":true,"href":"https:\/\/easyvendingmx.com\/en\/wp-json\/wp\/v2\/product_tag?post=2678"}],"curies":[{"name":"wp","href":"https:\/\/api.w.org\/{rel}","templated":true}]}}