{"id":2618,"date":"2024-09-24T17:24:26","date_gmt":"2024-09-24T17:24:26","guid":{"rendered":"https:\/\/easyvendingmx.com\/?post_type=product&#038;p=2618"},"modified":"2024-09-24T17:24:48","modified_gmt":"2024-09-24T17:24:48","slug":"monedero-gryphon","status":"publish","type":"product","link":"https:\/\/easyvendingmx.com\/en\/product\/monedero-gryphon\/","title":{"rendered":"MONEDERO GRYPHON"},"content":{"rendered":"","protected":false},"excerpt":{"rendered":"<p class=\"odefaultsnippettext\" style=\"margin-top: 0cm; background: white;\"><span style=\"font-family: 'Arial',sans-serif; color: #212529;\">Gryphon \u2122, CPI presenta la pr\u00f3xima generaci\u00f3n de tecnolog\u00eda de manejo de monedas para Vending. Este es el primero de su tipo en estar equipado para conectividad y diagn\u00f3stico m\u00f3vil.\u00a0<br style=\"box-sizing: border-box;\" \/>Los algoritmos inteligentes detectan autom\u00e1ticamente la mejor distribuci\u00f3n de monedas para minimizar las situaciones de cambio exactas.\u00a0<\/span><\/p>\n<p style=\"margin-top: 0cm; background: white; box-sizing: border-box; margin-bottom: 1rem; font-variant-ligatures: normal; font-variant-caps: normal; orphans: 2; text-align: start; widows: 2; -webkit-text-stroke-width: 0px; text-decoration-thickness: initial; text-decoration-style: initial; text-decoration-color: initial; word-spacing: 0px;\"><span style=\"font-family: 'Arial',sans-serif; color: #212529;\">Ofrezca una gesti\u00f3n de efectivo eficaz con este cambiador de monedas .<br style=\"box-sizing: border-box;\" \/><br style=\"box-sizing: border-box;\" \/>Con m\u00e1s capacidad ya que sus\u00a06 tubos brindan a los operadores un 12% de capacidad adicional, opciones de configuraci\u00f3n mejoradas y mayor flexibilidad<br style=\"box-sizing: border-box;\" \/><br style=\"box-sizing: border-box;\" \/>Actualizaciones y configuraci\u00f3n sencillas.\u00a0<\/span><\/p>\n<p style=\"margin-top: 0cm; background: white; box-sizing: border-box; margin-bottom: 1rem; font-variant-ligatures: normal; font-variant-caps: normal; orphans: 2; text-align: start; widows: 2; -webkit-text-stroke-width: 0px; text-decoration-thickness: initial; text-decoration-style: initial; text-decoration-color: initial; word-spacing: 0px;\"><span style=\"font-family: 'Arial',sans-serif; color: #212529;\">La conectividad USB reduce el tiempo de actualizaci\u00f3n en la m\u00e1quina<br style=\"box-sizing: border-box;\" \/><br style=\"box-sizing: border-box;\" \/>Compatibilidad del m\u00f3dulo CPI Synq \u2122. Conectividad m\u00f3vil inal\u00e1mbrica en el sitio con el sistema de pago para permitir el diagn\u00f3stico, la resoluci\u00f3n de problemas y la configuraci\u00f3n en la m\u00e1quina para reducir las llamadas de servicio y aumentar el tiempo de actividad de la m\u00e1quina.<\/span><\/p>","protected":false},"featured_media":2619,"comment_status":"open","ping_status":"closed","template":"","meta":{"_gspb_post_css":"","om_disable_all_campaigns":false,"_uag_custom_page_level_css":"","_monsterinsights_skip_tracking":false,"_monsterinsights_sitenote_active":false,"_monsterinsights_sitenote_note":"","_monsterinsights_sitenote_category":0,"_uf_show_specific_survey":0,"_uf_disable_surveys":false,"_joinchat":[]},"product_cat":[15,77],"product_tag":[],"class_list":{"0":"post-2618","1":"product","2":"type-product","3":"status-publish","4":"has-post-thumbnail","6":"product_cat-uncategorized","7":"product_cat-sistemas-de-cobro","9":"","10":"instock","11":"shipping-taxable","12":"product-type-simple"},"featured_image_urls_v2":{"full":["https:\/\/easyvendingmx.com\/wp-content\/uploads\/2024\/09\/WhatsApp-Image-2024-09-24-at-11.23.01-AM.jpeg",1024,1024,false],"thumbnail":["https:\/\/easyvendingmx.com\/wp-content\/uploads\/2024\/09\/WhatsApp-Image-2024-09-24-at-11.23.01-AM-150x150.jpeg",150,150,true],"medium":["https:\/\/easyvendingmx.com\/wp-content\/uploads\/2024\/09\/WhatsApp-Image-2024-09-24-at-11.23.01-AM-300x300.jpeg",300,300,true],"medium_large":["https:\/\/easyvendingmx.com\/wp-content\/uploads\/2024\/09\/WhatsApp-Image-2024-09-24-at-11.23.01-AM-768x768.jpeg",768,768,true],"large":["https:\/\/easyvendingmx.com\/wp-content\/uploads\/2024\/09\/WhatsApp-Image-2024-09-24-at-11.23.01-AM.jpeg",1024,1024,false],"1536x1536":["https:\/\/easyvendingmx.com\/wp-content\/uploads\/2024\/09\/WhatsApp-Image-2024-09-24-at-11.23.01-AM.jpeg",1024,1024,false],"2048x2048":["https:\/\/easyvendingmx.com\/wp-content\/uploads\/2024\/09\/WhatsApp-Image-2024-09-24-at-11.23.01-AM.jpeg",1024,1024,false],"trp-custom-language-flag":["https:\/\/easyvendingmx.com\/wp-content\/uploads\/2024\/09\/WhatsApp-Image-2024-09-24-at-11.23.01-AM.jpeg",12,12,false],"woocommerce_archive_thumbnail":["https:\/\/easyvendingmx.com\/wp-content\/uploads\/2024\/09\/WhatsApp-Image-2024-09-24-at-11.23.01-AM-600x800.jpeg",600,800,true],"woocommerce_thumbnail":["https:\/\/easyvendingmx.com\/wp-content\/uploads\/2024\/09\/WhatsApp-Image-2024-09-24-at-11.23.01-AM-600x600.jpeg",600,600,true],"woocommerce_single":["https:\/\/easyvendingmx.com\/wp-content\/uploads\/2024\/09\/WhatsApp-Image-2024-09-24-at-11.23.01-AM-600x600.jpeg",600,600,true],"woocommerce_gallery_thumbnail":["https:\/\/easyvendingmx.com\/wp-content\/uploads\/2024\/09\/WhatsApp-Image-2024-09-24-at-11.23.01-AM-100x100.jpeg",100,100,true]},"post_excerpt_stackable_v2":"<p class=\"odefaultsnippettext\" style=\"margin-top: 0cm; background: white;\"><span style=\"font-family: 'Arial',sans-serif; color: #212529;\">Gryphon \u2122, CPI presenta la pr\u00f3xima generaci\u00f3n de tecnolog\u00eda de manejo de monedas para Vending. Este es el primero de su tipo en estar equipado para conectividad y diagn\u00f3stico m\u00f3vil.\u00a0<br style=\"box-sizing: border-box;\" \/>Los algoritmos inteligentes detectan autom\u00e1ticamente la mejor distribuci\u00f3n de monedas para minimizar las situaciones de cambio exactas.\u00a0<\/span><\/p>\n<p style=\"margin-top: 0cm; background: white; box-sizing: border-box; margin-bottom: 1rem; font-variant-ligatures: normal; font-variant-caps: normal; orphans: 2; text-align: start; widows: 2; -webkit-text-stroke-width: 0px; text-decoration-thickness: initial; text-decoration-style: initial; text-decoration-color: initial; word-spacing: 0px;\"><span style=\"font-family: 'Arial',sans-serif; color: #212529;\">Ofrezca una gesti\u00f3n de efectivo eficaz con este cambiador de monedas .<br style=\"box-sizing: border-box;\" \/><br style=\"box-sizing: border-box;\" \/>Con m\u00e1s capacidad ya que sus\u00a06 tubos brindan a los operadores un 12% de capacidad adicional, opciones de configuraci\u00f3n mejoradas y mayor flexibilidad<br style=\"box-sizing: border-box;\" \/><br style=\"box-sizing: border-box;\" \/>Actualizaciones y configuraci\u00f3n sencillas.\u00a0<\/span><\/p>\n<p style=\"margin-top: 0cm; background: white; box-sizing: border-box; margin-bottom: 1rem; font-variant-ligatures: normal; font-variant-caps: normal; orphans: 2; text-align: start; widows: 2; -webkit-text-stroke-width: 0px; text-decoration-thickness: initial; text-decoration-style: initial; text-decoration-color: initial; word-spacing: 0px;\"><span style=\"font-family: 'Arial',sans-serif; color: #212529;\">La conectividad USB reduce el tiempo de actualizaci\u00f3n en la m\u00e1quina<br style=\"box-sizing: border-box;\" \/><br style=\"box-sizing: border-box;\" \/>Compatibilidad del m\u00f3dulo CPI Synq \u2122. Conectividad m\u00f3vil inal\u00e1mbrica en el sitio con el sistema de pago para permitir el diagn\u00f3stico, la resoluci\u00f3n de problemas y la configuraci\u00f3n en la m\u00e1quina para reducir las llamadas de servicio y aumentar el tiempo de actividad de la m\u00e1quina.<\/span><\/p>\n","category_list_v2":"","author_info_v2":{"name":"","url":""},"comments_num_v2":"0 comments","aioseo_notices":[],"uagb_featured_image_src":{"full":["https:\/\/easyvendingmx.com\/wp-content\/uploads\/2024\/09\/WhatsApp-Image-2024-09-24-at-11.23.01-AM.jpeg",1024,1024,false],"thumbnail":["https:\/\/easyvendingmx.com\/wp-content\/uploads\/2024\/09\/WhatsApp-Image-2024-09-24-at-11.23.01-AM-150x150.jpeg",150,150,true],"medium":["https:\/\/easyvendingmx.com\/wp-content\/uploads\/2024\/09\/WhatsApp-Image-2024-09-24-at-11.23.01-AM-300x300.jpeg",300,300,true],"medium_large":["https:\/\/easyvendingmx.com\/wp-content\/uploads\/2024\/09\/WhatsApp-Image-2024-09-24-at-11.23.01-AM-768x768.jpeg",768,768,true],"large":["https:\/\/easyvendingmx.com\/wp-content\/uploads\/2024\/09\/WhatsApp-Image-2024-09-24-at-11.23.01-AM.jpeg",1024,1024,false],"1536x1536":["https:\/\/easyvendingmx.com\/wp-content\/uploads\/2024\/09\/WhatsApp-Image-2024-09-24-at-11.23.01-AM.jpeg",1024,1024,false],"2048x2048":["https:\/\/easyvendingmx.com\/wp-content\/uploads\/2024\/09\/WhatsApp-Image-2024-09-24-at-11.23.01-AM.jpeg",1024,1024,false],"trp-custom-language-flag":["https:\/\/easyvendingmx.com\/wp-content\/uploads\/2024\/09\/WhatsApp-Image-2024-09-24-at-11.23.01-AM.jpeg",12,12,false],"woocommerce_archive_thumbnail":["https:\/\/easyvendingmx.com\/wp-content\/uploads\/2024\/09\/WhatsApp-Image-2024-09-24-at-11.23.01-AM-600x800.jpeg",600,800,true],"woocommerce_thumbnail":["https:\/\/easyvendingmx.com\/wp-content\/uploads\/2024\/09\/WhatsApp-Image-2024-09-24-at-11.23.01-AM-600x600.jpeg",600,600,true],"woocommerce_single":["https:\/\/easyvendingmx.com\/wp-content\/uploads\/2024\/09\/WhatsApp-Image-2024-09-24-at-11.23.01-AM-600x600.jpeg",600,600,true],"woocommerce_gallery_thumbnail":["https:\/\/easyvendingmx.com\/wp-content\/uploads\/2024\/09\/WhatsApp-Image-2024-09-24-at-11.23.01-AM-100x100.jpeg",100,100,true]},"uagb_author_info":{"display_name":"easyvendingventas@gmail.com","author_link":"https:\/\/easyvendingmx.com\/en\/author\/"},"uagb_comment_info":0,"uagb_excerpt":"Gryphon \u2122, CPI presenta la pr\u00f3xima generaci\u00f3n de tecnolog\u00eda de manejo de monedas para Vending. Este es el primero de su tipo en estar equipado para conectividad y diagn\u00f3stico m\u00f3vil.\u00a0Los algoritmos inteligentes detectan autom\u00e1ticamente la mejor distribuci\u00f3n de monedas para minimizar las situaciones de cambio exactas.\u00a0 Ofrezca una gesti\u00f3n de efectivo eficaz con este cambiador&hellip;","_links":{"self":[{"href":"https:\/\/easyvendingmx.com\/en\/wp-json\/wp\/v2\/product\/2618","targetHints":{"allow":["GET"]}}],"collection":[{"href":"https:\/\/easyvendingmx.com\/en\/wp-json\/wp\/v2\/product"}],"about":[{"href":"https:\/\/easyvendingmx.com\/en\/wp-json\/wp\/v2\/types\/product"}],"replies":[{"embeddable":true,"href":"https:\/\/easyvendingmx.com\/en\/wp-json\/wp\/v2\/comments?post=2618"}],"wp:featuredmedia":[{"embeddable":true,"href":"https:\/\/easyvendingmx.com\/en\/wp-json\/wp\/v2\/media\/2619"}],"wp:attachment":[{"href":"https:\/\/easyvendingmx.com\/en\/wp-json\/wp\/v2\/media?parent=2618"}],"wp:term":[{"taxonomy":"product_cat","embeddable":true,"href":"https:\/\/easyvendingmx.com\/en\/wp-json\/wp\/v2\/product_cat?post=2618"},{"taxonomy":"product_tag","embeddable":true,"href":"https:\/\/easyvendingmx.com\/en\/wp-json\/wp\/v2\/product_tag?post=2618"}],"curies":[{"name":"wp","href":"https:\/\/api.w.org\/{rel}","templated":true}]}}