{"id":2444,"date":"2024-09-13T22:32:22","date_gmt":"2024-09-13T22:32:22","guid":{"rendered":"https:\/\/easyvendingmx.com\/?post_type=product&#038;p=2444"},"modified":"2024-10-11T09:54:14","modified_gmt":"2024-10-11T15:54:14","slug":"nayax-vpos-touch","status":"publish","type":"product","link":"https:\/\/easyvendingmx.com\/en\/product\/nayax-vpos-touch\/","title":{"rendered":"Nayax VPOS Touch"},"content":{"rendered":"<p>Dispositivo para cobro con tarjeta de cr\u00e9dito y d\u00e9bito para M\u00e1quina Expendedora Vending. Modelo VPOS Touch, Marca NAYAX<\/p>","protected":false},"excerpt":{"rendered":"<h4 class=\"mb-3\"><i class=\"fa fa-check text-primary me-3\"><\/i>Aumente sus ingresos con algo m\u00e1s que pagos sin efectivo.<\/h4>\n<h4 class=\"mb-3\"><i class=\"fa fa-check text-primary me-3\"><\/i>Aumente los ingresos: No se pierda nunca una venta. Si acepta todas las formas de pago sin efectivo, es m\u00e1s probable que los clientes le compren, ya que pueden pagar con un m\u00e9todo seguro de su elecci\u00f3n.<\/h4>\n<h4 class=\"mb-3\"><i class=\"fa fa-check text-primary me-3\"><\/i>Reduzca los costes operativos: Ahorre tiempo y dinero en costes operativos, gestionando su negocio de forma m\u00e1s eficiente en cualquier momento y lugar. Nuestros duraderos dispositivos pueden instalarse en cualquier m\u00e1quina y garantizan bajos costes de mantenimiento.<\/h4>\n<h4 class=\"mb-3\">Con m\u00e1s de 15 a\u00f1os de experiencia, Nayax ha ayudado a m\u00e1s de 47.000 operadores a reducir su coste total de propiedad en m\u00e1s de 70 pa\u00edses de todo el mundo<strong>.<\/strong><\/h4>","protected":false},"featured_media":2445,"comment_status":"open","ping_status":"closed","template":"","meta":{"_gspb_post_css":"","om_disable_all_campaigns":false,"_uag_custom_page_level_css":"","_monsterinsights_skip_tracking":false,"_monsterinsights_sitenote_active":false,"_monsterinsights_sitenote_note":"","_monsterinsights_sitenote_category":0,"_uf_show_specific_survey":0,"_uf_disable_surveys":false,"_joinchat":[]},"product_cat":[15,77],"product_tag":[],"class_list":{"0":"post-2444","1":"product","2":"type-product","3":"status-publish","4":"has-post-thumbnail","6":"product_cat-uncategorized","7":"product_cat-sistemas-de-cobro","9":"","10":"instock","11":"shipping-taxable","12":"product-type-simple"},"featured_image_urls_v2":{"full":["https:\/\/easyvendingmx.com\/wp-content\/uploads\/2024\/09\/WhatsApp-Image-2024-09-13-at-4.31.02-PM.jpeg",700,700,false],"thumbnail":["https:\/\/easyvendingmx.com\/wp-content\/uploads\/2024\/09\/WhatsApp-Image-2024-09-13-at-4.31.02-PM-150x150.jpeg",150,150,true],"medium":["https:\/\/easyvendingmx.com\/wp-content\/uploads\/2024\/09\/WhatsApp-Image-2024-09-13-at-4.31.02-PM-300x300.jpeg",300,300,true],"medium_large":["https:\/\/easyvendingmx.com\/wp-content\/uploads\/2024\/09\/WhatsApp-Image-2024-09-13-at-4.31.02-PM.jpeg",700,700,false],"large":["https:\/\/easyvendingmx.com\/wp-content\/uploads\/2024\/09\/WhatsApp-Image-2024-09-13-at-4.31.02-PM.jpeg",700,700,false],"1536x1536":["https:\/\/easyvendingmx.com\/wp-content\/uploads\/2024\/09\/WhatsApp-Image-2024-09-13-at-4.31.02-PM.jpeg",700,700,false],"2048x2048":["https:\/\/easyvendingmx.com\/wp-content\/uploads\/2024\/09\/WhatsApp-Image-2024-09-13-at-4.31.02-PM.jpeg",700,700,false],"trp-custom-language-flag":["https:\/\/easyvendingmx.com\/wp-content\/uploads\/2024\/09\/WhatsApp-Image-2024-09-13-at-4.31.02-PM.jpeg",12,12,false],"woocommerce_archive_thumbnail":["https:\/\/easyvendingmx.com\/wp-content\/uploads\/2024\/09\/WhatsApp-Image-2024-09-13-at-4.31.02-PM-600x700.jpeg",600,700,true],"woocommerce_thumbnail":["https:\/\/easyvendingmx.com\/wp-content\/uploads\/2024\/09\/WhatsApp-Image-2024-09-13-at-4.31.02-PM-600x600.jpeg",600,600,true],"woocommerce_single":["https:\/\/easyvendingmx.com\/wp-content\/uploads\/2024\/09\/WhatsApp-Image-2024-09-13-at-4.31.02-PM-600x600.jpeg",600,600,true],"woocommerce_gallery_thumbnail":["https:\/\/easyvendingmx.com\/wp-content\/uploads\/2024\/09\/WhatsApp-Image-2024-09-13-at-4.31.02-PM-100x100.jpeg",100,100,true]},"post_excerpt_stackable_v2":"<h4 class=\"mb-3\"><i class=\"fa fa-check text-primary me-3\"><\/i>Aumente sus ingresos con algo m\u00e1s que pagos sin efectivo.<\/h4>\n<h4 class=\"mb-3\"><i class=\"fa fa-check text-primary me-3\"><\/i>Aumente los ingresos: No se pierda nunca una venta. Si acepta todas las formas de pago sin efectivo, es m\u00e1s probable que los clientes le compren, ya que pueden pagar con un m\u00e9todo seguro de su elecci\u00f3n.<\/h4>\n<h4 class=\"mb-3\"><i class=\"fa fa-check text-primary me-3\"><\/i>Reduzca los costes operativos: Ahorre tiempo y dinero en costes operativos, gestionando su negocio de forma m\u00e1s eficiente en cualquier momento y lugar. Nuestros duraderos dispositivos pueden instalarse en cualquier m\u00e1quina y garantizan bajos costes de mantenimiento.<\/h4>\n<h4 class=\"mb-3\">Con m\u00e1s de 15 a\u00f1os de experiencia, Nayax ha ayudado a m\u00e1s de 47.000 operadores a reducir su coste total de propiedad en m\u00e1s de 70 pa\u00edses de todo el mundo<strong>.<\/strong><\/h4>\n","category_list_v2":"","author_info_v2":{"name":"","url":""},"comments_num_v2":"0 comments","aioseo_notices":[],"uagb_featured_image_src":{"full":["https:\/\/easyvendingmx.com\/wp-content\/uploads\/2024\/09\/WhatsApp-Image-2024-09-13-at-4.31.02-PM.jpeg",700,700,false],"thumbnail":["https:\/\/easyvendingmx.com\/wp-content\/uploads\/2024\/09\/WhatsApp-Image-2024-09-13-at-4.31.02-PM-150x150.jpeg",150,150,true],"medium":["https:\/\/easyvendingmx.com\/wp-content\/uploads\/2024\/09\/WhatsApp-Image-2024-09-13-at-4.31.02-PM-300x300.jpeg",300,300,true],"medium_large":["https:\/\/easyvendingmx.com\/wp-content\/uploads\/2024\/09\/WhatsApp-Image-2024-09-13-at-4.31.02-PM.jpeg",700,700,false],"large":["https:\/\/easyvendingmx.com\/wp-content\/uploads\/2024\/09\/WhatsApp-Image-2024-09-13-at-4.31.02-PM.jpeg",700,700,false],"1536x1536":["https:\/\/easyvendingmx.com\/wp-content\/uploads\/2024\/09\/WhatsApp-Image-2024-09-13-at-4.31.02-PM.jpeg",700,700,false],"2048x2048":["https:\/\/easyvendingmx.com\/wp-content\/uploads\/2024\/09\/WhatsApp-Image-2024-09-13-at-4.31.02-PM.jpeg",700,700,false],"trp-custom-language-flag":["https:\/\/easyvendingmx.com\/wp-content\/uploads\/2024\/09\/WhatsApp-Image-2024-09-13-at-4.31.02-PM.jpeg",12,12,false],"woocommerce_archive_thumbnail":["https:\/\/easyvendingmx.com\/wp-content\/uploads\/2024\/09\/WhatsApp-Image-2024-09-13-at-4.31.02-PM-600x700.jpeg",600,700,true],"woocommerce_thumbnail":["https:\/\/easyvendingmx.com\/wp-content\/uploads\/2024\/09\/WhatsApp-Image-2024-09-13-at-4.31.02-PM-600x600.jpeg",600,600,true],"woocommerce_single":["https:\/\/easyvendingmx.com\/wp-content\/uploads\/2024\/09\/WhatsApp-Image-2024-09-13-at-4.31.02-PM-600x600.jpeg",600,600,true],"woocommerce_gallery_thumbnail":["https:\/\/easyvendingmx.com\/wp-content\/uploads\/2024\/09\/WhatsApp-Image-2024-09-13-at-4.31.02-PM-100x100.jpeg",100,100,true]},"uagb_author_info":{"display_name":"easyvendingventas@gmail.com","author_link":"https:\/\/easyvendingmx.com\/en\/author\/"},"uagb_comment_info":0,"uagb_excerpt":"Aumente sus ingresos con algo m\u00e1s que pagos sin efectivo. Aumente los ingresos: No se pierda nunca una venta. Si acepta todas las formas de pago sin efectivo, es m\u00e1s probable que los clientes le compren, ya que pueden pagar con un m\u00e9todo seguro de su elecci\u00f3n. Reduzca los costes operativos: Ahorre tiempo y dinero&hellip;","_links":{"self":[{"href":"https:\/\/easyvendingmx.com\/en\/wp-json\/wp\/v2\/product\/2444","targetHints":{"allow":["GET"]}}],"collection":[{"href":"https:\/\/easyvendingmx.com\/en\/wp-json\/wp\/v2\/product"}],"about":[{"href":"https:\/\/easyvendingmx.com\/en\/wp-json\/wp\/v2\/types\/product"}],"replies":[{"embeddable":true,"href":"https:\/\/easyvendingmx.com\/en\/wp-json\/wp\/v2\/comments?post=2444"}],"wp:featuredmedia":[{"embeddable":true,"href":"https:\/\/easyvendingmx.com\/en\/wp-json\/wp\/v2\/media\/2445"}],"wp:attachment":[{"href":"https:\/\/easyvendingmx.com\/en\/wp-json\/wp\/v2\/media?parent=2444"}],"wp:term":[{"taxonomy":"product_cat","embeddable":true,"href":"https:\/\/easyvendingmx.com\/en\/wp-json\/wp\/v2\/product_cat?post=2444"},{"taxonomy":"product_tag","embeddable":true,"href":"https:\/\/easyvendingmx.com\/en\/wp-json\/wp\/v2\/product_tag?post=2444"}],"curies":[{"name":"wp","href":"https:\/\/api.w.org\/{rel}","templated":true}]}}