{"id":2292,"date":"2024-09-10T23:30:39","date_gmt":"2024-09-10T23:30:39","guid":{"rendered":"https:\/\/easyvendingmx.com\/?post_type=product&#038;p=2292"},"modified":"2024-10-23T11:45:38","modified_gmt":"2024-10-23T17:45:38","slug":"outsider-39","status":"publish","type":"product","link":"https:\/\/easyvendingmx.com\/en\/product\/outsider-39\/","title":{"rendered":"OUTSIDER 39 AMS"},"content":{"rendered":"<p><a href=\"https:\/\/easyvendingmx.com\/wp-content\/uploads\/2024\/09\/Outsider.pdf\">Outsider ficha tecnica<\/a><\/p>","protected":false},"excerpt":{"rendered":"<p>-Incorpora Monedero, Billetero y Sistema de Cobro con tarjeta con Telemetr\u00eda<br \/>\n-Dispone de Kit Antiasalto, para uso rudo o zonas con baja seguridad.<br \/>\n-Refrigerada \u2013 Para venta de Snack y bebida<br \/>\n-Equipa kit antiasalto<br \/>\n-40 selecciones de Producto<br \/>\n-Garant\u00eda de m\u00e1quina 3 a\u00f1os. sistemas de cobro 1 a\u00f1o. Seg\u00fan condiciones Generales de Venta<\/p>","protected":false},"featured_media":3322,"comment_status":"open","ping_status":"closed","template":"","meta":{"_gspb_post_css":"","om_disable_all_campaigns":false,"_uag_custom_page_level_css":"","_monsterinsights_skip_tracking":false,"_monsterinsights_sitenote_active":false,"_monsterinsights_sitenote_note":"","_monsterinsights_sitenote_category":0,"_uf_show_specific_survey":0,"_uf_disable_surveys":false,"_joinchat":[]},"product_cat":[15,73],"product_tag":[],"class_list":{"0":"post-2292","1":"product","2":"type-product","3":"status-publish","4":"has-post-thumbnail","6":"product_cat-uncategorized","7":"product_cat-combo","9":"","10":"instock","11":"shipping-taxable","12":"product-type-simple"},"featured_image_urls_v2":{"full":["https:\/\/easyvendingmx.com\/wp-content\/uploads\/2024\/09\/WhatsApp-Image-2024-09-10-at-5.30.18-PM-300x300-1.png",1024,1024,false],"thumbnail":["https:\/\/easyvendingmx.com\/wp-content\/uploads\/2024\/09\/WhatsApp-Image-2024-09-10-at-5.30.18-PM-300x300-1-150x150.png",150,150,true],"medium":["https:\/\/easyvendingmx.com\/wp-content\/uploads\/2024\/09\/WhatsApp-Image-2024-09-10-at-5.30.18-PM-300x300-1-300x300.png",300,300,true],"medium_large":["https:\/\/easyvendingmx.com\/wp-content\/uploads\/2024\/09\/WhatsApp-Image-2024-09-10-at-5.30.18-PM-300x300-1-768x768.png",768,768,true],"large":["https:\/\/easyvendingmx.com\/wp-content\/uploads\/2024\/09\/WhatsApp-Image-2024-09-10-at-5.30.18-PM-300x300-1.png",1024,1024,false],"1536x1536":["https:\/\/easyvendingmx.com\/wp-content\/uploads\/2024\/09\/WhatsApp-Image-2024-09-10-at-5.30.18-PM-300x300-1.png",1024,1024,false],"2048x2048":["https:\/\/easyvendingmx.com\/wp-content\/uploads\/2024\/09\/WhatsApp-Image-2024-09-10-at-5.30.18-PM-300x300-1.png",1024,1024,false],"trp-custom-language-flag":["https:\/\/easyvendingmx.com\/wp-content\/uploads\/2024\/09\/WhatsApp-Image-2024-09-10-at-5.30.18-PM-300x300-1-12x12.png",12,12,true],"woocommerce_archive_thumbnail":["https:\/\/easyvendingmx.com\/wp-content\/uploads\/2024\/09\/WhatsApp-Image-2024-09-10-at-5.30.18-PM-300x300-1-600x800.png",600,800,true],"woocommerce_thumbnail":["https:\/\/easyvendingmx.com\/wp-content\/uploads\/2024\/09\/WhatsApp-Image-2024-09-10-at-5.30.18-PM-300x300-1-600x600.png",600,600,true],"woocommerce_single":["https:\/\/easyvendingmx.com\/wp-content\/uploads\/2024\/09\/WhatsApp-Image-2024-09-10-at-5.30.18-PM-300x300-1-600x600.png",600,600,true],"woocommerce_gallery_thumbnail":["https:\/\/easyvendingmx.com\/wp-content\/uploads\/2024\/09\/WhatsApp-Image-2024-09-10-at-5.30.18-PM-300x300-1-100x100.png",100,100,true]},"post_excerpt_stackable_v2":"<p>-Incorpora Monedero, Billetero y Sistema de Cobro con tarjeta con Telemetr\u00eda<br \/>\n-Dispone de Kit Antiasalto, para uso rudo o zonas con baja seguridad.<br \/>\n-Refrigerada \u2013 Para venta de Snack y bebida<br \/>\n-Equipa kit antiasalto<br \/>\n-40 selecciones de Producto<br \/>\n-Garant\u00eda de m\u00e1quina 3 a\u00f1os. sistemas de cobro 1 a\u00f1o. Seg\u00fan condiciones Generales de Venta<\/p>\n","category_list_v2":"","author_info_v2":{"name":"","url":""},"comments_num_v2":"0 comments","aioseo_notices":[],"uagb_featured_image_src":{"full":["https:\/\/easyvendingmx.com\/wp-content\/uploads\/2024\/09\/WhatsApp-Image-2024-09-10-at-5.30.18-PM-300x300-1.png",1024,1024,false],"thumbnail":["https:\/\/easyvendingmx.com\/wp-content\/uploads\/2024\/09\/WhatsApp-Image-2024-09-10-at-5.30.18-PM-300x300-1-150x150.png",150,150,true],"medium":["https:\/\/easyvendingmx.com\/wp-content\/uploads\/2024\/09\/WhatsApp-Image-2024-09-10-at-5.30.18-PM-300x300-1-300x300.png",300,300,true],"medium_large":["https:\/\/easyvendingmx.com\/wp-content\/uploads\/2024\/09\/WhatsApp-Image-2024-09-10-at-5.30.18-PM-300x300-1-768x768.png",768,768,true],"large":["https:\/\/easyvendingmx.com\/wp-content\/uploads\/2024\/09\/WhatsApp-Image-2024-09-10-at-5.30.18-PM-300x300-1.png",1024,1024,false],"1536x1536":["https:\/\/easyvendingmx.com\/wp-content\/uploads\/2024\/09\/WhatsApp-Image-2024-09-10-at-5.30.18-PM-300x300-1.png",1024,1024,false],"2048x2048":["https:\/\/easyvendingmx.com\/wp-content\/uploads\/2024\/09\/WhatsApp-Image-2024-09-10-at-5.30.18-PM-300x300-1.png",1024,1024,false],"trp-custom-language-flag":["https:\/\/easyvendingmx.com\/wp-content\/uploads\/2024\/09\/WhatsApp-Image-2024-09-10-at-5.30.18-PM-300x300-1-12x12.png",12,12,true],"woocommerce_archive_thumbnail":["https:\/\/easyvendingmx.com\/wp-content\/uploads\/2024\/09\/WhatsApp-Image-2024-09-10-at-5.30.18-PM-300x300-1-600x800.png",600,800,true],"woocommerce_thumbnail":["https:\/\/easyvendingmx.com\/wp-content\/uploads\/2024\/09\/WhatsApp-Image-2024-09-10-at-5.30.18-PM-300x300-1-600x600.png",600,600,true],"woocommerce_single":["https:\/\/easyvendingmx.com\/wp-content\/uploads\/2024\/09\/WhatsApp-Image-2024-09-10-at-5.30.18-PM-300x300-1-600x600.png",600,600,true],"woocommerce_gallery_thumbnail":["https:\/\/easyvendingmx.com\/wp-content\/uploads\/2024\/09\/WhatsApp-Image-2024-09-10-at-5.30.18-PM-300x300-1-100x100.png",100,100,true]},"uagb_author_info":{"display_name":"easyvendingventas@gmail.com","author_link":"https:\/\/easyvendingmx.com\/en\/author\/"},"uagb_comment_info":0,"uagb_excerpt":"-Incorpora Monedero, Billetero y Sistema de Cobro con tarjeta con Telemetr\u00eda -Dispone de Kit Antiasalto, para uso rudo o zonas con baja seguridad. -Refrigerada \u2013 Para venta de Snack y bebida -Equipa kit antiasalto -40 selecciones de Producto -Garant\u00eda de m\u00e1quina 3 a\u00f1os. sistemas de cobro 1 a\u00f1o. Seg\u00fan condiciones Generales de Venta","_links":{"self":[{"href":"https:\/\/easyvendingmx.com\/en\/wp-json\/wp\/v2\/product\/2292","targetHints":{"allow":["GET"]}}],"collection":[{"href":"https:\/\/easyvendingmx.com\/en\/wp-json\/wp\/v2\/product"}],"about":[{"href":"https:\/\/easyvendingmx.com\/en\/wp-json\/wp\/v2\/types\/product"}],"replies":[{"embeddable":true,"href":"https:\/\/easyvendingmx.com\/en\/wp-json\/wp\/v2\/comments?post=2292"}],"wp:featuredmedia":[{"embeddable":true,"href":"https:\/\/easyvendingmx.com\/en\/wp-json\/wp\/v2\/media\/3322"}],"wp:attachment":[{"href":"https:\/\/easyvendingmx.com\/en\/wp-json\/wp\/v2\/media?parent=2292"}],"wp:term":[{"taxonomy":"product_cat","embeddable":true,"href":"https:\/\/easyvendingmx.com\/en\/wp-json\/wp\/v2\/product_cat?post=2292"},{"taxonomy":"product_tag","embeddable":true,"href":"https:\/\/easyvendingmx.com\/en\/wp-json\/wp\/v2\/product_tag?post=2292"}],"curies":[{"name":"wp","href":"https:\/\/api.w.org\/{rel}","templated":true}]}}