{"id":2220,"date":"2024-09-10T18:44:26","date_gmt":"2024-09-10T18:44:26","guid":{"rendered":"https:\/\/easyvendingmx.com\/?post_type=product&#038;p=2220"},"modified":"2024-10-22T12:59:59","modified_gmt":"2024-10-22T18:59:59","slug":"visi-dinner","status":"publish","type":"product","link":"https:\/\/easyvendingmx.com\/en\/product\/visi-dinner\/","title":{"rendered":"VISI DINNER AMS"},"content":{"rendered":"","protected":false},"excerpt":{"rendered":"<p>M\u00e1quina con opci\u00f3n a vender desde un pastelito hasta una ensalada en su empaque.<br \/>\nCapacidad de 180 a 210 productos.<br \/>\nSistema de protecci\u00f3n para la caducidad.<br \/>\nGarant\u00eda de 3 a\u00f1os (en componentes electr\u00f3nicos).<br \/>\nCon Sistema de venta garantizada SENSIT.<br \/>\nCon Sistema de venta garantizada SENSIT.<\/p>","protected":false},"featured_media":3323,"comment_status":"open","ping_status":"closed","template":"","meta":{"_gspb_post_css":"","om_disable_all_campaigns":false,"_uag_custom_page_level_css":"","_monsterinsights_skip_tracking":false,"_monsterinsights_sitenote_active":false,"_monsterinsights_sitenote_note":"","_monsterinsights_sitenote_category":0,"_uf_show_specific_survey":0,"_uf_disable_surveys":false,"_joinchat":[]},"product_cat":[15],"product_tag":[],"class_list":{"0":"post-2220","1":"product","2":"type-product","3":"status-publish","4":"has-post-thumbnail","6":"product_cat-uncategorized","8":"","9":"instock","10":"shipping-taxable","11":"product-type-simple"},"featured_image_urls_v2":{"full":["https:\/\/easyvendingmx.com\/wp-content\/uploads\/2024\/09\/WhatsApp-Image-2024-09-10-at-12.43.42-PM-300x300-1.png",1024,1024,false],"thumbnail":["https:\/\/easyvendingmx.com\/wp-content\/uploads\/2024\/09\/WhatsApp-Image-2024-09-10-at-12.43.42-PM-300x300-1-150x150.png",150,150,true],"medium":["https:\/\/easyvendingmx.com\/wp-content\/uploads\/2024\/09\/WhatsApp-Image-2024-09-10-at-12.43.42-PM-300x300-1-300x300.png",300,300,true],"medium_large":["https:\/\/easyvendingmx.com\/wp-content\/uploads\/2024\/09\/WhatsApp-Image-2024-09-10-at-12.43.42-PM-300x300-1-768x768.png",768,768,true],"large":["https:\/\/easyvendingmx.com\/wp-content\/uploads\/2024\/09\/WhatsApp-Image-2024-09-10-at-12.43.42-PM-300x300-1.png",1024,1024,false],"1536x1536":["https:\/\/easyvendingmx.com\/wp-content\/uploads\/2024\/09\/WhatsApp-Image-2024-09-10-at-12.43.42-PM-300x300-1.png",1024,1024,false],"2048x2048":["https:\/\/easyvendingmx.com\/wp-content\/uploads\/2024\/09\/WhatsApp-Image-2024-09-10-at-12.43.42-PM-300x300-1.png",1024,1024,false],"trp-custom-language-flag":["https:\/\/easyvendingmx.com\/wp-content\/uploads\/2024\/09\/WhatsApp-Image-2024-09-10-at-12.43.42-PM-300x300-1-12x12.png",12,12,true],"woocommerce_archive_thumbnail":["https:\/\/easyvendingmx.com\/wp-content\/uploads\/2024\/09\/WhatsApp-Image-2024-09-10-at-12.43.42-PM-300x300-1-600x800.png",600,800,true],"woocommerce_thumbnail":["https:\/\/easyvendingmx.com\/wp-content\/uploads\/2024\/09\/WhatsApp-Image-2024-09-10-at-12.43.42-PM-300x300-1-600x600.png",600,600,true],"woocommerce_single":["https:\/\/easyvendingmx.com\/wp-content\/uploads\/2024\/09\/WhatsApp-Image-2024-09-10-at-12.43.42-PM-300x300-1-600x600.png",600,600,true],"woocommerce_gallery_thumbnail":["https:\/\/easyvendingmx.com\/wp-content\/uploads\/2024\/09\/WhatsApp-Image-2024-09-10-at-12.43.42-PM-300x300-1-100x100.png",100,100,true]},"post_excerpt_stackable_v2":"<p>M\u00e1quina con opci\u00f3n a vender desde un pastelito hasta una ensalada en su empaque.<br \/>\nCapacidad de 180 a 210 productos.<br \/>\nSistema de protecci\u00f3n para la caducidad.<br \/>\nGarant\u00eda de 3 a\u00f1os (en componentes electr\u00f3nicos).<br \/>\nCon Sistema de venta garantizada SENSIT.<br \/>\nCon Sistema de venta garantizada SENSIT.<\/p>\n","category_list_v2":"","author_info_v2":{"name":"","url":""},"comments_num_v2":"0 comments","aioseo_notices":[],"uagb_featured_image_src":{"full":["https:\/\/easyvendingmx.com\/wp-content\/uploads\/2024\/09\/WhatsApp-Image-2024-09-10-at-12.43.42-PM-300x300-1.png",1024,1024,false],"thumbnail":["https:\/\/easyvendingmx.com\/wp-content\/uploads\/2024\/09\/WhatsApp-Image-2024-09-10-at-12.43.42-PM-300x300-1-150x150.png",150,150,true],"medium":["https:\/\/easyvendingmx.com\/wp-content\/uploads\/2024\/09\/WhatsApp-Image-2024-09-10-at-12.43.42-PM-300x300-1-300x300.png",300,300,true],"medium_large":["https:\/\/easyvendingmx.com\/wp-content\/uploads\/2024\/09\/WhatsApp-Image-2024-09-10-at-12.43.42-PM-300x300-1-768x768.png",768,768,true],"large":["https:\/\/easyvendingmx.com\/wp-content\/uploads\/2024\/09\/WhatsApp-Image-2024-09-10-at-12.43.42-PM-300x300-1.png",1024,1024,false],"1536x1536":["https:\/\/easyvendingmx.com\/wp-content\/uploads\/2024\/09\/WhatsApp-Image-2024-09-10-at-12.43.42-PM-300x300-1.png",1024,1024,false],"2048x2048":["https:\/\/easyvendingmx.com\/wp-content\/uploads\/2024\/09\/WhatsApp-Image-2024-09-10-at-12.43.42-PM-300x300-1.png",1024,1024,false],"trp-custom-language-flag":["https:\/\/easyvendingmx.com\/wp-content\/uploads\/2024\/09\/WhatsApp-Image-2024-09-10-at-12.43.42-PM-300x300-1-12x12.png",12,12,true],"woocommerce_archive_thumbnail":["https:\/\/easyvendingmx.com\/wp-content\/uploads\/2024\/09\/WhatsApp-Image-2024-09-10-at-12.43.42-PM-300x300-1-600x800.png",600,800,true],"woocommerce_thumbnail":["https:\/\/easyvendingmx.com\/wp-content\/uploads\/2024\/09\/WhatsApp-Image-2024-09-10-at-12.43.42-PM-300x300-1-600x600.png",600,600,true],"woocommerce_single":["https:\/\/easyvendingmx.com\/wp-content\/uploads\/2024\/09\/WhatsApp-Image-2024-09-10-at-12.43.42-PM-300x300-1-600x600.png",600,600,true],"woocommerce_gallery_thumbnail":["https:\/\/easyvendingmx.com\/wp-content\/uploads\/2024\/09\/WhatsApp-Image-2024-09-10-at-12.43.42-PM-300x300-1-100x100.png",100,100,true]},"uagb_author_info":{"display_name":"easyvendingventas@gmail.com","author_link":"https:\/\/easyvendingmx.com\/en\/author\/"},"uagb_comment_info":0,"uagb_excerpt":"M\u00e1quina con opci\u00f3n a vender desde un pastelito hasta una ensalada en su empaque. Capacidad de 180 a 210 productos. Sistema de protecci\u00f3n para la caducidad. Garant\u00eda de 3 a\u00f1os (en componentes electr\u00f3nicos). Con Sistema de venta garantizada SENSIT. Con Sistema de venta garantizada SENSIT.","_links":{"self":[{"href":"https:\/\/easyvendingmx.com\/en\/wp-json\/wp\/v2\/product\/2220","targetHints":{"allow":["GET"]}}],"collection":[{"href":"https:\/\/easyvendingmx.com\/en\/wp-json\/wp\/v2\/product"}],"about":[{"href":"https:\/\/easyvendingmx.com\/en\/wp-json\/wp\/v2\/types\/product"}],"replies":[{"embeddable":true,"href":"https:\/\/easyvendingmx.com\/en\/wp-json\/wp\/v2\/comments?post=2220"}],"wp:featuredmedia":[{"embeddable":true,"href":"https:\/\/easyvendingmx.com\/en\/wp-json\/wp\/v2\/media\/3323"}],"wp:attachment":[{"href":"https:\/\/easyvendingmx.com\/en\/wp-json\/wp\/v2\/media?parent=2220"}],"wp:term":[{"taxonomy":"product_cat","embeddable":true,"href":"https:\/\/easyvendingmx.com\/en\/wp-json\/wp\/v2\/product_cat?post=2220"},{"taxonomy":"product_tag","embeddable":true,"href":"https:\/\/easyvendingmx.com\/en\/wp-json\/wp\/v2\/product_tag?post=2220"}],"curies":[{"name":"wp","href":"https:\/\/api.w.org\/{rel}","templated":true}]}}