{"id":2209,"date":"2024-09-10T18:03:46","date_gmt":"2024-09-10T18:03:46","guid":{"rendered":"https:\/\/easyvendingmx.com\/?post_type=product&#038;p=2209"},"modified":"2024-10-11T09:58:05","modified_gmt":"2024-10-11T15:58:05","slug":"721-live-display","status":"publish","type":"product","link":"https:\/\/easyvendingmx.com\/en\/product\/721-live-display\/","title":{"rendered":"721 LIVE DISPLAY"},"content":{"rendered":"","protected":false},"excerpt":{"rendered":"<p>Caracter\u00edsticas:<\/p>\n<p>\u2022M\u00e1quina de bebidas con dise\u00f1o \u00fanico que permite exhibir el producto que se ofrece.<\/p>\n<p>\u202210 selecciones.<\/p>\n<p>\u2022Voltaje de 115 VAC; 8 Amps.; 3m de cable.<\/p>\n<p>\u2022Consumo 7.60 kw\/hr cada 24 hrs.<\/p>\n<p>\u2022Con capacidad de para 680 latas.<\/p>\n<p>\u2022Dimensiones: 183cm alto x 100.33cm ancho x 90cm fondo<\/p>","protected":false},"featured_media":2095,"comment_status":"open","ping_status":"closed","template":"","meta":{"_gspb_post_css":"","om_disable_all_campaigns":false,"_uag_custom_page_level_css":"","_monsterinsights_skip_tracking":false,"_monsterinsights_sitenote_active":false,"_monsterinsights_sitenote_note":"","_monsterinsights_sitenote_category":0,"_uf_show_specific_survey":0,"_uf_disable_surveys":false,"_joinchat":[]},"product_cat":[15,72],"product_tag":[],"class_list":{"0":"post-2209","1":"product","2":"type-product","3":"status-publish","4":"has-post-thumbnail","6":"product_cat-uncategorized","7":"product_cat-bebidas","9":"","10":"instock","11":"shipping-taxable","12":"product-type-simple"},"featured_image_urls_v2":{"full":["https:\/\/easyvendingmx.com\/wp-content\/uploads\/2024\/09\/WhatsApp-Image-2024-09-09-at-12.47.41-PM.jpeg",600,600,false],"thumbnail":["https:\/\/easyvendingmx.com\/wp-content\/uploads\/2024\/09\/WhatsApp-Image-2024-09-09-at-12.47.41-PM.jpeg",150,150,false],"medium":["https:\/\/easyvendingmx.com\/wp-content\/uploads\/2024\/09\/WhatsApp-Image-2024-09-09-at-12.47.41-PM.jpeg",300,300,false],"medium_large":["https:\/\/easyvendingmx.com\/wp-content\/uploads\/2024\/09\/WhatsApp-Image-2024-09-09-at-12.47.41-PM.jpeg",600,600,false],"large":["https:\/\/easyvendingmx.com\/wp-content\/uploads\/2024\/09\/WhatsApp-Image-2024-09-09-at-12.47.41-PM.jpeg",600,600,false],"1536x1536":["https:\/\/easyvendingmx.com\/wp-content\/uploads\/2024\/09\/WhatsApp-Image-2024-09-09-at-12.47.41-PM.jpeg",600,600,false],"2048x2048":["https:\/\/easyvendingmx.com\/wp-content\/uploads\/2024\/09\/WhatsApp-Image-2024-09-09-at-12.47.41-PM.jpeg",600,600,false],"trp-custom-language-flag":["https:\/\/easyvendingmx.com\/wp-content\/uploads\/2024\/09\/WhatsApp-Image-2024-09-09-at-12.47.41-PM.jpeg",12,12,false],"woocommerce_archive_thumbnail":["https:\/\/easyvendingmx.com\/wp-content\/uploads\/2024\/09\/WhatsApp-Image-2024-09-09-at-12.47.41-PM.jpeg",600,600,false],"woocommerce_thumbnail":["https:\/\/easyvendingmx.com\/wp-content\/uploads\/2024\/09\/WhatsApp-Image-2024-09-09-at-12.47.41-PM.jpeg",600,600,false],"woocommerce_single":["https:\/\/easyvendingmx.com\/wp-content\/uploads\/2024\/09\/WhatsApp-Image-2024-09-09-at-12.47.41-PM.jpeg",600,600,false],"woocommerce_gallery_thumbnail":["https:\/\/easyvendingmx.com\/wp-content\/uploads\/2024\/09\/WhatsApp-Image-2024-09-09-at-12.47.41-PM-100x100.jpeg",100,100,true]},"post_excerpt_stackable_v2":"<p>Caracter\u00edsticas:<\/p>\n<p>\u2022M\u00e1quina de bebidas con dise\u00f1o \u00fanico que permite exhibir el producto que se ofrece.<\/p>\n<p>\u202210 selecciones.<\/p>\n<p>\u2022Voltaje de 115 VAC; 8 Amps.; 3m de cable.<\/p>\n<p>\u2022Consumo 7.60 kw\/hr cada 24 hrs.<\/p>\n<p>\u2022Con capacidad de para 680 latas.<\/p>\n<p>\u2022Dimensiones: 183cm alto x 100.33cm ancho x 90cm fondo<\/p>\n","category_list_v2":"","author_info_v2":{"name":"","url":""},"comments_num_v2":"0 comments","aioseo_notices":[],"uagb_featured_image_src":{"full":["https:\/\/easyvendingmx.com\/wp-content\/uploads\/2024\/09\/WhatsApp-Image-2024-09-09-at-12.47.41-PM.jpeg",600,600,false],"thumbnail":["https:\/\/easyvendingmx.com\/wp-content\/uploads\/2024\/09\/WhatsApp-Image-2024-09-09-at-12.47.41-PM.jpeg",150,150,false],"medium":["https:\/\/easyvendingmx.com\/wp-content\/uploads\/2024\/09\/WhatsApp-Image-2024-09-09-at-12.47.41-PM.jpeg",300,300,false],"medium_large":["https:\/\/easyvendingmx.com\/wp-content\/uploads\/2024\/09\/WhatsApp-Image-2024-09-09-at-12.47.41-PM.jpeg",600,600,false],"large":["https:\/\/easyvendingmx.com\/wp-content\/uploads\/2024\/09\/WhatsApp-Image-2024-09-09-at-12.47.41-PM.jpeg",600,600,false],"1536x1536":["https:\/\/easyvendingmx.com\/wp-content\/uploads\/2024\/09\/WhatsApp-Image-2024-09-09-at-12.47.41-PM.jpeg",600,600,false],"2048x2048":["https:\/\/easyvendingmx.com\/wp-content\/uploads\/2024\/09\/WhatsApp-Image-2024-09-09-at-12.47.41-PM.jpeg",600,600,false],"trp-custom-language-flag":["https:\/\/easyvendingmx.com\/wp-content\/uploads\/2024\/09\/WhatsApp-Image-2024-09-09-at-12.47.41-PM.jpeg",12,12,false],"woocommerce_archive_thumbnail":["https:\/\/easyvendingmx.com\/wp-content\/uploads\/2024\/09\/WhatsApp-Image-2024-09-09-at-12.47.41-PM.jpeg",600,600,false],"woocommerce_thumbnail":["https:\/\/easyvendingmx.com\/wp-content\/uploads\/2024\/09\/WhatsApp-Image-2024-09-09-at-12.47.41-PM.jpeg",600,600,false],"woocommerce_single":["https:\/\/easyvendingmx.com\/wp-content\/uploads\/2024\/09\/WhatsApp-Image-2024-09-09-at-12.47.41-PM.jpeg",600,600,false],"woocommerce_gallery_thumbnail":["https:\/\/easyvendingmx.com\/wp-content\/uploads\/2024\/09\/WhatsApp-Image-2024-09-09-at-12.47.41-PM-100x100.jpeg",100,100,true]},"uagb_author_info":{"display_name":"easyvendingventas@gmail.com","author_link":"https:\/\/easyvendingmx.com\/en\/author\/"},"uagb_comment_info":0,"uagb_excerpt":"Caracter\u00edsticas: \u2022M\u00e1quina de bebidas con dise\u00f1o \u00fanico que permite exhibir el producto que se ofrece. \u202210 selecciones. \u2022Voltaje de 115 VAC; 8 Amps.; 3m de cable. \u2022Consumo 7.60 kw\/hr cada 24 hrs. \u2022Con capacidad de para 680 latas. \u2022Dimensiones: 183cm alto x 100.33cm ancho x 90cm fondo","_links":{"self":[{"href":"https:\/\/easyvendingmx.com\/en\/wp-json\/wp\/v2\/product\/2209","targetHints":{"allow":["GET"]}}],"collection":[{"href":"https:\/\/easyvendingmx.com\/en\/wp-json\/wp\/v2\/product"}],"about":[{"href":"https:\/\/easyvendingmx.com\/en\/wp-json\/wp\/v2\/types\/product"}],"replies":[{"embeddable":true,"href":"https:\/\/easyvendingmx.com\/en\/wp-json\/wp\/v2\/comments?post=2209"}],"wp:featuredmedia":[{"embeddable":true,"href":"https:\/\/easyvendingmx.com\/en\/wp-json\/wp\/v2\/media\/2095"}],"wp:attachment":[{"href":"https:\/\/easyvendingmx.com\/en\/wp-json\/wp\/v2\/media?parent=2209"}],"wp:term":[{"taxonomy":"product_cat","embeddable":true,"href":"https:\/\/easyvendingmx.com\/en\/wp-json\/wp\/v2\/product_cat?post=2209"},{"taxonomy":"product_tag","embeddable":true,"href":"https:\/\/easyvendingmx.com\/en\/wp-json\/wp\/v2\/product_tag?post=2209"}],"curies":[{"name":"wp","href":"https:\/\/api.w.org\/{rel}","templated":true}]}}