{"id":2207,"date":"2024-09-10T17:46:20","date_gmt":"2024-09-10T17:46:20","guid":{"rendered":"https:\/\/easyvendingmx.com\/?post_type=product&#038;p=2207"},"modified":"2024-09-21T14:40:56","modified_gmt":"2024-09-21T14:40:56","slug":"steeley-ams","status":"publish","type":"product","link":"https:\/\/easyvendingmx.com\/en\/product\/steeley-ams\/","title":{"rendered":"STEELEY AMS"},"content":{"rendered":"","protected":false},"excerpt":{"rendered":"<p>N\u00famero de pieza 60-MCTE<br \/>\nPeso del art\u00edculo 54 libras<br \/>\nDimensiones del producto 92,8 x 92,8 x 92,8 pulgadas<br \/>\nN\u00famero de modelo del art\u00edculo 60-MCTE<br \/>\nCantidad de art\u00edculos del paquete 1<br \/>\nN\u00famero de manijas 1<br \/>\n\u00bfSe requieren pilas? No<\/p>","protected":false},"featured_media":2208,"comment_status":"open","ping_status":"closed","template":"","meta":{"_gspb_post_css":"","om_disable_all_campaigns":false,"_uag_custom_page_level_css":"","_monsterinsights_skip_tracking":false,"_monsterinsights_sitenote_active":false,"_monsterinsights_sitenote_note":"","_monsterinsights_sitenote_category":0,"_uf_show_specific_survey":0,"_uf_disable_surveys":false,"_joinchat":[]},"product_cat":[15,72],"product_tag":[],"class_list":{"0":"post-2207","1":"product","2":"type-product","3":"status-publish","4":"has-post-thumbnail","6":"product_cat-uncategorized","7":"product_cat-bebidas","9":"","10":"instock","11":"shipping-taxable","12":"product-type-simple"},"featured_image_urls_v2":{"full":["https:\/\/easyvendingmx.com\/wp-content\/uploads\/2024\/09\/WhatsApp-Image-2024-09-10-at-11.43.03-AM.jpeg",870,549,false],"thumbnail":["https:\/\/easyvendingmx.com\/wp-content\/uploads\/2024\/09\/WhatsApp-Image-2024-09-10-at-11.43.03-AM-150x150.jpeg",150,150,true],"medium":["https:\/\/easyvendingmx.com\/wp-content\/uploads\/2024\/09\/WhatsApp-Image-2024-09-10-at-11.43.03-AM-300x189.jpeg",300,189,true],"medium_large":["https:\/\/easyvendingmx.com\/wp-content\/uploads\/2024\/09\/WhatsApp-Image-2024-09-10-at-11.43.03-AM-768x485.jpeg",768,485,true],"large":["https:\/\/easyvendingmx.com\/wp-content\/uploads\/2024\/09\/WhatsApp-Image-2024-09-10-at-11.43.03-AM.jpeg",870,549,false],"1536x1536":["https:\/\/easyvendingmx.com\/wp-content\/uploads\/2024\/09\/WhatsApp-Image-2024-09-10-at-11.43.03-AM.jpeg",870,549,false],"2048x2048":["https:\/\/easyvendingmx.com\/wp-content\/uploads\/2024\/09\/WhatsApp-Image-2024-09-10-at-11.43.03-AM.jpeg",870,549,false],"trp-custom-language-flag":["https:\/\/easyvendingmx.com\/wp-content\/uploads\/2024\/09\/WhatsApp-Image-2024-09-10-at-11.43.03-AM.jpeg",18,12,false],"woocommerce_archive_thumbnail":["https:\/\/easyvendingmx.com\/wp-content\/uploads\/2024\/09\/WhatsApp-Image-2024-09-10-at-11.43.03-AM-600x549.jpeg",600,549,true],"woocommerce_thumbnail":["https:\/\/easyvendingmx.com\/wp-content\/uploads\/2024\/09\/WhatsApp-Image-2024-09-10-at-11.43.03-AM-600x549.jpeg",600,549,true],"woocommerce_single":["https:\/\/easyvendingmx.com\/wp-content\/uploads\/2024\/09\/WhatsApp-Image-2024-09-10-at-11.43.03-AM-600x379.jpeg",600,379,true],"woocommerce_gallery_thumbnail":["https:\/\/easyvendingmx.com\/wp-content\/uploads\/2024\/09\/WhatsApp-Image-2024-09-10-at-11.43.03-AM-100x100.jpeg",100,100,true]},"post_excerpt_stackable_v2":"<p>N\u00famero de pieza 60-MCTE<br \/>\nPeso del art\u00edculo 54 libras<br \/>\nDimensiones del producto 92,8 x 92,8 x 92,8 pulgadas<br \/>\nN\u00famero de modelo del art\u00edculo 60-MCTE<br \/>\nCantidad de art\u00edculos del paquete 1<br \/>\nN\u00famero de manijas 1<br \/>\n\u00bfSe requieren pilas? No<\/p>\n","category_list_v2":"","author_info_v2":{"name":"","url":""},"comments_num_v2":"0 comments","aioseo_notices":[],"uagb_featured_image_src":{"full":["https:\/\/easyvendingmx.com\/wp-content\/uploads\/2024\/09\/WhatsApp-Image-2024-09-10-at-11.43.03-AM.jpeg",870,549,false],"thumbnail":["https:\/\/easyvendingmx.com\/wp-content\/uploads\/2024\/09\/WhatsApp-Image-2024-09-10-at-11.43.03-AM-150x150.jpeg",150,150,true],"medium":["https:\/\/easyvendingmx.com\/wp-content\/uploads\/2024\/09\/WhatsApp-Image-2024-09-10-at-11.43.03-AM-300x189.jpeg",300,189,true],"medium_large":["https:\/\/easyvendingmx.com\/wp-content\/uploads\/2024\/09\/WhatsApp-Image-2024-09-10-at-11.43.03-AM-768x485.jpeg",768,485,true],"large":["https:\/\/easyvendingmx.com\/wp-content\/uploads\/2024\/09\/WhatsApp-Image-2024-09-10-at-11.43.03-AM.jpeg",870,549,false],"1536x1536":["https:\/\/easyvendingmx.com\/wp-content\/uploads\/2024\/09\/WhatsApp-Image-2024-09-10-at-11.43.03-AM.jpeg",870,549,false],"2048x2048":["https:\/\/easyvendingmx.com\/wp-content\/uploads\/2024\/09\/WhatsApp-Image-2024-09-10-at-11.43.03-AM.jpeg",870,549,false],"trp-custom-language-flag":["https:\/\/easyvendingmx.com\/wp-content\/uploads\/2024\/09\/WhatsApp-Image-2024-09-10-at-11.43.03-AM.jpeg",18,12,false],"woocommerce_archive_thumbnail":["https:\/\/easyvendingmx.com\/wp-content\/uploads\/2024\/09\/WhatsApp-Image-2024-09-10-at-11.43.03-AM-600x549.jpeg",600,549,true],"woocommerce_thumbnail":["https:\/\/easyvendingmx.com\/wp-content\/uploads\/2024\/09\/WhatsApp-Image-2024-09-10-at-11.43.03-AM-600x549.jpeg",600,549,true],"woocommerce_single":["https:\/\/easyvendingmx.com\/wp-content\/uploads\/2024\/09\/WhatsApp-Image-2024-09-10-at-11.43.03-AM-600x379.jpeg",600,379,true],"woocommerce_gallery_thumbnail":["https:\/\/easyvendingmx.com\/wp-content\/uploads\/2024\/09\/WhatsApp-Image-2024-09-10-at-11.43.03-AM-100x100.jpeg",100,100,true]},"uagb_author_info":{"display_name":"easyvendingventas@gmail.com","author_link":"https:\/\/easyvendingmx.com\/en\/author\/"},"uagb_comment_info":0,"uagb_excerpt":"N\u00famero de pieza 60-MCTE Peso del art\u00edculo 54 libras Dimensiones del producto 92,8 x 92,8 x 92,8 pulgadas N\u00famero de modelo del art\u00edculo 60-MCTE Cantidad de art\u00edculos del paquete 1 N\u00famero de manijas 1 \u00bfSe requieren pilas? No","_links":{"self":[{"href":"https:\/\/easyvendingmx.com\/en\/wp-json\/wp\/v2\/product\/2207","targetHints":{"allow":["GET"]}}],"collection":[{"href":"https:\/\/easyvendingmx.com\/en\/wp-json\/wp\/v2\/product"}],"about":[{"href":"https:\/\/easyvendingmx.com\/en\/wp-json\/wp\/v2\/types\/product"}],"replies":[{"embeddable":true,"href":"https:\/\/easyvendingmx.com\/en\/wp-json\/wp\/v2\/comments?post=2207"}],"wp:featuredmedia":[{"embeddable":true,"href":"https:\/\/easyvendingmx.com\/en\/wp-json\/wp\/v2\/media\/2208"}],"wp:attachment":[{"href":"https:\/\/easyvendingmx.com\/en\/wp-json\/wp\/v2\/media?parent=2207"}],"wp:term":[{"taxonomy":"product_cat","embeddable":true,"href":"https:\/\/easyvendingmx.com\/en\/wp-json\/wp\/v2\/product_cat?post=2207"},{"taxonomy":"product_tag","embeddable":true,"href":"https:\/\/easyvendingmx.com\/en\/wp-json\/wp\/v2\/product_tag?post=2207"}],"curies":[{"name":"wp","href":"https:\/\/api.w.org\/{rel}","templated":true}]}}