{"id":2203,"date":"2024-09-10T17:07:50","date_gmt":"2024-09-10T17:07:50","guid":{"rendered":"https:\/\/easyvendingmx.com\/?post_type=product&#038;p=2203"},"modified":"2025-01-29T15:18:32","modified_gmt":"2025-01-29T21:18:32","slug":"snack-35-ams","status":"publish","type":"product","link":"https:\/\/easyvendingmx.com\/en\/product\/snack-35-ams\/","title":{"rendered":"SNACK 35 AMS"},"content":{"rendered":"<p><a href=\"https:\/\/easyvendingmx.com\/wp-content\/uploads\/2024\/09\/AMS_SNACK_35.pdf\">AMS_SNACK_35<\/a><\/p>","protected":false},"excerpt":{"rendered":"<p class=\"mb-4\">El modelo SNACK 35\u201d nos ofrece todas las variantes de una maquina ambiente en un aparador m\u00e1s peque\u00f1o que nos abre las puertas a puntos de venta con poco espacio y alta necesidad de variantes de productos.<\/p>\n<p class=\"mb-4\">Adem\u00e1s con la garant\u00eda de entrega de producto o la devoluci\u00f3n del dinero, que le brinda el sistema de sensores de entrega garantizada SENSIT\u00ae.<\/p>\n<p class=\"mb-4\">La SNACK 35\u201d es una m\u00e1quina fabricada para la venta de productos ambiente y refrigerados, y con un tama\u00f1o f\u00e1cil de acomodar en lugares donde otras m\u00e1quinas serian descartadas, versatilidad es la caracter\u00edstica que define a todos los modelos de m\u00e1quinas de productos ambiente ya que se pueden exhibir, botanas, dulces, galletas, papeler\u00eda, art\u00edculos personales, herramientas, o cualquier otra opci\u00f3n que pudiera imaginar.<\/p>\n<p class=\"mb-4\">Por su potencial de servicio y su magn\u00edfica manufactura hacen de ella una m\u00e1quina muy rentable para la operaci\u00f3n y el servicio.<\/p>","protected":false},"featured_media":3312,"comment_status":"open","ping_status":"closed","template":"","meta":{"_gspb_post_css":"","om_disable_all_campaigns":false,"_uag_custom_page_level_css":"","_monsterinsights_skip_tracking":false,"_monsterinsights_sitenote_active":false,"_monsterinsights_sitenote_note":"","_monsterinsights_sitenote_category":0,"_uf_show_specific_survey":0,"_uf_disable_surveys":false,"_joinchat":[]},"product_cat":[71],"product_tag":[],"class_list":{"0":"post-2203","1":"product","2":"type-product","3":"status-publish","4":"has-post-thumbnail","6":"product_cat-snack","8":"","9":"instock","10":"featured","11":"shipping-taxable","12":"product-type-simple"},"featured_image_urls_v2":{"full":["https:\/\/easyvendingmx.com\/wp-content\/uploads\/2024\/09\/WhatsApp-Image-2024-09-10-at-11.07.15-AM-300x300-2.png",1024,1024,false],"thumbnail":["https:\/\/easyvendingmx.com\/wp-content\/uploads\/2024\/09\/WhatsApp-Image-2024-09-10-at-11.07.15-AM-300x300-2-150x150.png",150,150,true],"medium":["https:\/\/easyvendingmx.com\/wp-content\/uploads\/2024\/09\/WhatsApp-Image-2024-09-10-at-11.07.15-AM-300x300-2-300x300.png",300,300,true],"medium_large":["https:\/\/easyvendingmx.com\/wp-content\/uploads\/2024\/09\/WhatsApp-Image-2024-09-10-at-11.07.15-AM-300x300-2-768x768.png",768,768,true],"large":["https:\/\/easyvendingmx.com\/wp-content\/uploads\/2024\/09\/WhatsApp-Image-2024-09-10-at-11.07.15-AM-300x300-2.png",1024,1024,false],"1536x1536":["https:\/\/easyvendingmx.com\/wp-content\/uploads\/2024\/09\/WhatsApp-Image-2024-09-10-at-11.07.15-AM-300x300-2.png",1024,1024,false],"2048x2048":["https:\/\/easyvendingmx.com\/wp-content\/uploads\/2024\/09\/WhatsApp-Image-2024-09-10-at-11.07.15-AM-300x300-2.png",1024,1024,false],"trp-custom-language-flag":["https:\/\/easyvendingmx.com\/wp-content\/uploads\/2024\/09\/WhatsApp-Image-2024-09-10-at-11.07.15-AM-300x300-2-12x12.png",12,12,true],"woocommerce_archive_thumbnail":["https:\/\/easyvendingmx.com\/wp-content\/uploads\/2024\/09\/WhatsApp-Image-2024-09-10-at-11.07.15-AM-300x300-2-600x800.png",600,800,true],"woocommerce_thumbnail":["https:\/\/easyvendingmx.com\/wp-content\/uploads\/2024\/09\/WhatsApp-Image-2024-09-10-at-11.07.15-AM-300x300-2-600x600.png",600,600,true],"woocommerce_single":["https:\/\/easyvendingmx.com\/wp-content\/uploads\/2024\/09\/WhatsApp-Image-2024-09-10-at-11.07.15-AM-300x300-2-600x600.png",600,600,true],"woocommerce_gallery_thumbnail":["https:\/\/easyvendingmx.com\/wp-content\/uploads\/2024\/09\/WhatsApp-Image-2024-09-10-at-11.07.15-AM-300x300-2-100x100.png",100,100,true]},"post_excerpt_stackable_v2":"<p class=\"mb-4\">El modelo SNACK 35\u201d nos ofrece todas las variantes de una maquina ambiente en un aparador m\u00e1s peque\u00f1o que nos abre las puertas a puntos de venta con poco espacio y alta necesidad de variantes de productos.<\/p>\n<p class=\"mb-4\">Adem\u00e1s con la garant\u00eda de entrega de producto o la devoluci\u00f3n del dinero, que le brinda el sistema de sensores de entrega garantizada SENSIT\u00ae.<\/p>\n<p class=\"mb-4\">La SNACK 35\u201d es una m\u00e1quina fabricada para la venta de productos ambiente y refrigerados, y con un tama\u00f1o f\u00e1cil de acomodar en lugares donde otras m\u00e1quinas serian descartadas, versatilidad es la caracter\u00edstica que define a todos los modelos de m\u00e1quinas de productos ambiente ya que se pueden exhibir, botanas, dulces, galletas, papeler\u00eda, art\u00edculos personales, herramientas, o cualquier otra opci\u00f3n que pudiera imaginar.<\/p>\n<p class=\"mb-4\">Por su potencial de servicio y su magn\u00edfica manufactura hacen de ella una m\u00e1quina muy rentable para la operaci\u00f3n y el servicio.<\/p>\n","category_list_v2":"","author_info_v2":{"name":"","url":""},"comments_num_v2":"0 comments","aioseo_notices":[],"uagb_featured_image_src":{"full":["https:\/\/easyvendingmx.com\/wp-content\/uploads\/2024\/09\/WhatsApp-Image-2024-09-10-at-11.07.15-AM-300x300-2.png",1024,1024,false],"thumbnail":["https:\/\/easyvendingmx.com\/wp-content\/uploads\/2024\/09\/WhatsApp-Image-2024-09-10-at-11.07.15-AM-300x300-2-150x150.png",150,150,true],"medium":["https:\/\/easyvendingmx.com\/wp-content\/uploads\/2024\/09\/WhatsApp-Image-2024-09-10-at-11.07.15-AM-300x300-2-300x300.png",300,300,true],"medium_large":["https:\/\/easyvendingmx.com\/wp-content\/uploads\/2024\/09\/WhatsApp-Image-2024-09-10-at-11.07.15-AM-300x300-2-768x768.png",768,768,true],"large":["https:\/\/easyvendingmx.com\/wp-content\/uploads\/2024\/09\/WhatsApp-Image-2024-09-10-at-11.07.15-AM-300x300-2.png",1024,1024,false],"1536x1536":["https:\/\/easyvendingmx.com\/wp-content\/uploads\/2024\/09\/WhatsApp-Image-2024-09-10-at-11.07.15-AM-300x300-2.png",1024,1024,false],"2048x2048":["https:\/\/easyvendingmx.com\/wp-content\/uploads\/2024\/09\/WhatsApp-Image-2024-09-10-at-11.07.15-AM-300x300-2.png",1024,1024,false],"trp-custom-language-flag":["https:\/\/easyvendingmx.com\/wp-content\/uploads\/2024\/09\/WhatsApp-Image-2024-09-10-at-11.07.15-AM-300x300-2-12x12.png",12,12,true],"woocommerce_archive_thumbnail":["https:\/\/easyvendingmx.com\/wp-content\/uploads\/2024\/09\/WhatsApp-Image-2024-09-10-at-11.07.15-AM-300x300-2-600x800.png",600,800,true],"woocommerce_thumbnail":["https:\/\/easyvendingmx.com\/wp-content\/uploads\/2024\/09\/WhatsApp-Image-2024-09-10-at-11.07.15-AM-300x300-2-600x600.png",600,600,true],"woocommerce_single":["https:\/\/easyvendingmx.com\/wp-content\/uploads\/2024\/09\/WhatsApp-Image-2024-09-10-at-11.07.15-AM-300x300-2-600x600.png",600,600,true],"woocommerce_gallery_thumbnail":["https:\/\/easyvendingmx.com\/wp-content\/uploads\/2024\/09\/WhatsApp-Image-2024-09-10-at-11.07.15-AM-300x300-2-100x100.png",100,100,true]},"uagb_author_info":{"display_name":"easyvendingventas@gmail.com","author_link":"https:\/\/easyvendingmx.com\/en\/author\/"},"uagb_comment_info":1,"uagb_excerpt":"El modelo SNACK 35\u201d nos ofrece todas las variantes de una maquina ambiente en un aparador m\u00e1s peque\u00f1o que nos abre las puertas a puntos de venta con poco espacio y alta necesidad de variantes de productos. Adem\u00e1s con la garant\u00eda de entrega de producto o la devoluci\u00f3n del dinero, que le brinda el sistema&hellip;","_links":{"self":[{"href":"https:\/\/easyvendingmx.com\/en\/wp-json\/wp\/v2\/product\/2203","targetHints":{"allow":["GET"]}}],"collection":[{"href":"https:\/\/easyvendingmx.com\/en\/wp-json\/wp\/v2\/product"}],"about":[{"href":"https:\/\/easyvendingmx.com\/en\/wp-json\/wp\/v2\/types\/product"}],"replies":[{"embeddable":true,"href":"https:\/\/easyvendingmx.com\/en\/wp-json\/wp\/v2\/comments?post=2203"}],"wp:featuredmedia":[{"embeddable":true,"href":"https:\/\/easyvendingmx.com\/en\/wp-json\/wp\/v2\/media\/3312"}],"wp:attachment":[{"href":"https:\/\/easyvendingmx.com\/en\/wp-json\/wp\/v2\/media?parent=2203"}],"wp:term":[{"taxonomy":"product_cat","embeddable":true,"href":"https:\/\/easyvendingmx.com\/en\/wp-json\/wp\/v2\/product_cat?post=2203"},{"taxonomy":"product_tag","embeddable":true,"href":"https:\/\/easyvendingmx.com\/en\/wp-json\/wp\/v2\/product_tag?post=2203"}],"curies":[{"name":"wp","href":"https:\/\/api.w.org\/{rel}","templated":true}]}}