{"id":2104,"date":"2024-09-09T19:14:18","date_gmt":"2024-09-09T19:14:18","guid":{"rendered":"https:\/\/easyvendingmx.com\/?post_type=product&#038;p=2104"},"modified":"2024-10-22T11:52:49","modified_gmt":"2024-10-22T17:52:49","slug":"snack-39","status":"publish","type":"product","link":"https:\/\/easyvendingmx.com\/en\/product\/snack-39\/","title":{"rendered":"SNACK 39 AMS"},"content":{"rendered":"<p><a href=\"https:\/\/easyvendingmx.com\/wp-content\/uploads\/2024\/09\/Ficha-Tecnica-Snack39.pdf\">Ficha Tecnica Snack39<\/a><\/p>","protected":false},"excerpt":{"rendered":"<p class=\"mb-4\">Versatilidad es la caracter\u00edstica que define a este modelo, botanas, dulces, galletas, papeler\u00eda, art\u00edculos personales, herramientas, son solo algunas de las opciones que podemos ofrecer. Con una capacidad en su configuraci\u00f3n est\u00e1ndar de 553 unidades es una de las m\u00e1s atractivas del mercado.<\/p>\n<p class=\"mb-4\">Adem\u00e1s, con la garant\u00eda de entrega de producto o la devoluci\u00f3n del dinero, que le brinda el sistema de sensores de entrega garantizada SENSIT\u00ae.<\/p>\n<div class=\"row g-0 mb-3\">\n<div class=\"col-sm-12 wow zoomIn\" data-wow-delay=\"0.2s\">\n<h6 class=\"mb-3\"><i class=\"fa fa-check text-primary me-3\"><\/i>No cuenta con refrigeraci\u00f3n.<\/h6>\n<h6 class=\"mb-3\"><i class=\"fa fa-check text-primary me-3\"><\/i>Medidas de 182cm*92cm*88cm.<\/h6>\n<\/div>\n<\/div>","protected":false},"featured_media":3310,"comment_status":"open","ping_status":"closed","template":"","meta":{"_gspb_post_css":"","om_disable_all_campaigns":false,"_uag_custom_page_level_css":"","_monsterinsights_skip_tracking":false,"_monsterinsights_sitenote_active":false,"_monsterinsights_sitenote_note":"","_monsterinsights_sitenote_category":0,"_uf_show_specific_survey":0,"_uf_disable_surveys":false,"_joinchat":[]},"product_cat":[15,71],"product_tag":[],"class_list":{"0":"post-2104","1":"product","2":"type-product","3":"status-publish","4":"has-post-thumbnail","6":"product_cat-uncategorized","7":"product_cat-snack","9":"","10":"instock","11":"featured","12":"shipping-taxable","13":"product-type-simple"},"featured_image_urls_v2":{"full":["https:\/\/easyvendingmx.com\/wp-content\/uploads\/2024\/09\/WhatsApp-Image-2024-09-09-at-1.13.54-PM-300x300-1.png",1024,1024,false],"thumbnail":["https:\/\/easyvendingmx.com\/wp-content\/uploads\/2024\/09\/WhatsApp-Image-2024-09-09-at-1.13.54-PM-300x300-1-150x150.png",150,150,true],"medium":["https:\/\/easyvendingmx.com\/wp-content\/uploads\/2024\/09\/WhatsApp-Image-2024-09-09-at-1.13.54-PM-300x300-1-300x300.png",300,300,true],"medium_large":["https:\/\/easyvendingmx.com\/wp-content\/uploads\/2024\/09\/WhatsApp-Image-2024-09-09-at-1.13.54-PM-300x300-1-768x768.png",768,768,true],"large":["https:\/\/easyvendingmx.com\/wp-content\/uploads\/2024\/09\/WhatsApp-Image-2024-09-09-at-1.13.54-PM-300x300-1.png",1024,1024,false],"1536x1536":["https:\/\/easyvendingmx.com\/wp-content\/uploads\/2024\/09\/WhatsApp-Image-2024-09-09-at-1.13.54-PM-300x300-1.png",1024,1024,false],"2048x2048":["https:\/\/easyvendingmx.com\/wp-content\/uploads\/2024\/09\/WhatsApp-Image-2024-09-09-at-1.13.54-PM-300x300-1.png",1024,1024,false],"trp-custom-language-flag":["https:\/\/easyvendingmx.com\/wp-content\/uploads\/2024\/09\/WhatsApp-Image-2024-09-09-at-1.13.54-PM-300x300-1-12x12.png",12,12,true],"woocommerce_archive_thumbnail":["https:\/\/easyvendingmx.com\/wp-content\/uploads\/2024\/09\/WhatsApp-Image-2024-09-09-at-1.13.54-PM-300x300-1-600x800.png",600,800,true],"woocommerce_thumbnail":["https:\/\/easyvendingmx.com\/wp-content\/uploads\/2024\/09\/WhatsApp-Image-2024-09-09-at-1.13.54-PM-300x300-1-600x600.png",600,600,true],"woocommerce_single":["https:\/\/easyvendingmx.com\/wp-content\/uploads\/2024\/09\/WhatsApp-Image-2024-09-09-at-1.13.54-PM-300x300-1-600x600.png",600,600,true],"woocommerce_gallery_thumbnail":["https:\/\/easyvendingmx.com\/wp-content\/uploads\/2024\/09\/WhatsApp-Image-2024-09-09-at-1.13.54-PM-300x300-1-100x100.png",100,100,true]},"post_excerpt_stackable_v2":"<p class=\"mb-4\">Versatilidad es la caracter\u00edstica que define a este modelo, botanas, dulces, galletas, papeler\u00eda, art\u00edculos personales, herramientas, son solo algunas de las opciones que podemos ofrecer. Con una capacidad en su configuraci\u00f3n est\u00e1ndar de 553 unidades es una de las m\u00e1s atractivas del mercado.<\/p>\n<p class=\"mb-4\">Adem\u00e1s, con la garant\u00eda de entrega de producto o la devoluci\u00f3n del dinero, que le brinda el sistema de sensores de entrega garantizada SENSIT\u00ae.<\/p>\n<div class=\"row g-0 mb-3\">\n<div class=\"col-sm-12 wow zoomIn\" data-wow-delay=\"0.2s\">\n<h6 class=\"mb-3\"><i class=\"fa fa-check text-primary me-3\"><\/i>No cuenta con refrigeraci\u00f3n.<\/h6>\n<h6 class=\"mb-3\"><i class=\"fa fa-check text-primary me-3\"><\/i>Medidas de 182cm*92cm*88cm.<\/h6>\n<\/div>\n<\/div>\n","category_list_v2":"","author_info_v2":{"name":"","url":""},"comments_num_v2":"0 comments","aioseo_notices":[],"uagb_featured_image_src":{"full":["https:\/\/easyvendingmx.com\/wp-content\/uploads\/2024\/09\/WhatsApp-Image-2024-09-09-at-1.13.54-PM-300x300-1.png",1024,1024,false],"thumbnail":["https:\/\/easyvendingmx.com\/wp-content\/uploads\/2024\/09\/WhatsApp-Image-2024-09-09-at-1.13.54-PM-300x300-1-150x150.png",150,150,true],"medium":["https:\/\/easyvendingmx.com\/wp-content\/uploads\/2024\/09\/WhatsApp-Image-2024-09-09-at-1.13.54-PM-300x300-1-300x300.png",300,300,true],"medium_large":["https:\/\/easyvendingmx.com\/wp-content\/uploads\/2024\/09\/WhatsApp-Image-2024-09-09-at-1.13.54-PM-300x300-1-768x768.png",768,768,true],"large":["https:\/\/easyvendingmx.com\/wp-content\/uploads\/2024\/09\/WhatsApp-Image-2024-09-09-at-1.13.54-PM-300x300-1.png",1024,1024,false],"1536x1536":["https:\/\/easyvendingmx.com\/wp-content\/uploads\/2024\/09\/WhatsApp-Image-2024-09-09-at-1.13.54-PM-300x300-1.png",1024,1024,false],"2048x2048":["https:\/\/easyvendingmx.com\/wp-content\/uploads\/2024\/09\/WhatsApp-Image-2024-09-09-at-1.13.54-PM-300x300-1.png",1024,1024,false],"trp-custom-language-flag":["https:\/\/easyvendingmx.com\/wp-content\/uploads\/2024\/09\/WhatsApp-Image-2024-09-09-at-1.13.54-PM-300x300-1-12x12.png",12,12,true],"woocommerce_archive_thumbnail":["https:\/\/easyvendingmx.com\/wp-content\/uploads\/2024\/09\/WhatsApp-Image-2024-09-09-at-1.13.54-PM-300x300-1-600x800.png",600,800,true],"woocommerce_thumbnail":["https:\/\/easyvendingmx.com\/wp-content\/uploads\/2024\/09\/WhatsApp-Image-2024-09-09-at-1.13.54-PM-300x300-1-600x600.png",600,600,true],"woocommerce_single":["https:\/\/easyvendingmx.com\/wp-content\/uploads\/2024\/09\/WhatsApp-Image-2024-09-09-at-1.13.54-PM-300x300-1-600x600.png",600,600,true],"woocommerce_gallery_thumbnail":["https:\/\/easyvendingmx.com\/wp-content\/uploads\/2024\/09\/WhatsApp-Image-2024-09-09-at-1.13.54-PM-300x300-1-100x100.png",100,100,true]},"uagb_author_info":{"display_name":"easyvendingventas@gmail.com","author_link":"https:\/\/easyvendingmx.com\/en\/author\/"},"uagb_comment_info":1,"uagb_excerpt":"Versatilidad es la caracter\u00edstica que define a este modelo, botanas, dulces, galletas, papeler\u00eda, art\u00edculos personales, herramientas, son solo algunas de las opciones que podemos ofrecer. Con una capacidad en su configuraci\u00f3n est\u00e1ndar de 553 unidades es una de las m\u00e1s atractivas del mercado. Adem\u00e1s, con la garant\u00eda de entrega de producto o la devoluci\u00f3n del&hellip;","_links":{"self":[{"href":"https:\/\/easyvendingmx.com\/en\/wp-json\/wp\/v2\/product\/2104","targetHints":{"allow":["GET"]}}],"collection":[{"href":"https:\/\/easyvendingmx.com\/en\/wp-json\/wp\/v2\/product"}],"about":[{"href":"https:\/\/easyvendingmx.com\/en\/wp-json\/wp\/v2\/types\/product"}],"replies":[{"embeddable":true,"href":"https:\/\/easyvendingmx.com\/en\/wp-json\/wp\/v2\/comments?post=2104"}],"wp:featuredmedia":[{"embeddable":true,"href":"https:\/\/easyvendingmx.com\/en\/wp-json\/wp\/v2\/media\/3310"}],"wp:attachment":[{"href":"https:\/\/easyvendingmx.com\/en\/wp-json\/wp\/v2\/media?parent=2104"}],"wp:term":[{"taxonomy":"product_cat","embeddable":true,"href":"https:\/\/easyvendingmx.com\/en\/wp-json\/wp\/v2\/product_cat?post=2104"},{"taxonomy":"product_tag","embeddable":true,"href":"https:\/\/easyvendingmx.com\/en\/wp-json\/wp\/v2\/product_tag?post=2104"}],"curies":[{"name":"wp","href":"https:\/\/api.w.org\/{rel}","templated":true}]}}