{"id":3353,"date":"2024-10-30T16:11:20","date_gmt":"2024-10-30T22:11:20","guid":{"rendered":"https:\/\/easyvendingmx.com\/?page_id=3353"},"modified":"2024-10-30T16:11:21","modified_gmt":"2024-10-30T22:11:21","slug":"vending-como-idea-de-negocio","status":"publish","type":"page","link":"https:\/\/easyvendingmx.com\/en\/vending-como-idea-de-negocio\/","title":{"rendered":"Vending Como idea de negocio"},"content":{"rendered":"<div class=\"wp-block-uagb-image uagb-block-fdc95784 wp-block-uagb-image--layout-default wp-block-uagb-image--effect-static wp-block-uagb-image--align-none\"><figure class=\"wp-block-uagb-image__figure\"><img loading=\"lazy\" decoding=\"async\" srcset=\"https:\/\/easyvendingmx.com\/wp-content\/uploads\/2024\/10\/5-4-1024x1024.png ,https:\/\/easyvendingmx.com\/wp-content\/uploads\/2024\/10\/5-4.png 780w, https:\/\/easyvendingmx.com\/wp-content\/uploads\/2024\/10\/5-4.png 360w\" sizes=\"(max-width: 480px) 150px\" src=\"https:\/\/easyvendingmx.com\/wp-content\/uploads\/2024\/10\/5-4-1024x1024.png\" alt=\"\" class=\"uag-image-3284\" width=\"448\" height=\"448\" title=\"5\" role=\"img\"\/><\/figure><\/div><p class=\"has-medium-font-size\"><strong>El vending es una buena idea de negocio por varias razones:<\/strong><\/p><ol class=\"wp-block-list\"><li><strong>Bajo costo inicial<\/strong>: Las m\u00e1quinas expendedoras requieren menos inversi\u00f3n inicial en comparaci\u00f3n con otros tipos de negocios, como restaurantes o tiendas.<\/li>\n\n<li><strong>Operaci\u00f3n 24\/7<\/strong>: Pueden funcionar todo el d\u00eda, generando ingresos incluso cuando no hay personal presente.<\/li>\n\n<li><strong>Mantenimiento sencillo<\/strong>: Requieren menos mantenimiento que un negocio tradicional, con menos complicaciones operativas.<\/li>\n\n<li><strong>Escalabilidad<\/strong>: Es f\u00e1cil expandir el negocio a\u00f1adiendo m\u00e1s m\u00e1quinas en diferentes ubicaciones.<\/li>\n\n<li><strong>Diversificaci\u00f3n de productos<\/strong>: Puedes ofrecer una amplia gama de productos, desde snacks y bebidas hasta art\u00edculos saludables o tecnol\u00f3gicos, adapt\u00e1ndote a la demanda del mercado.<\/li>\n\n<li><strong>Ubicaci\u00f3n estrat\u00e9gica<\/strong>: Poner m\u00e1quinas en lugares con alto tr\u00e1fico asegura un flujo constante de clientes.<\/li>\n\n<li><strong>Flexibilidad<\/strong>: Puedes ajustar la selecci\u00f3n de productos y precios seg\u00fan las preferencias del mercado y las tendencias.<\/li>\n\n<li><strong>Bajos costos de personal<\/strong>: No necesitas empleados constantes, lo que reduce los gastos operativos.<\/li>\n\n<li><strong>R\u00e1pida recuperaci\u00f3n de inversi\u00f3n<\/strong>: Si se eligen buenas ubicaciones y productos, es posible recuperar la inversi\u00f3n inicial r\u00e1pidamente.<\/li>\n\n<li><strong>Tendencia en crecimiento<\/strong>: El sector del vending ha evolucionado, incorporando tecnolog\u00edas como pagos m\u00f3viles y opciones saludables, lo que atrae a una clientela m\u00e1s amplia.<\/li><\/ol><p>Estas ventajas hacen del vending una opci\u00f3n atractiva para emprendedores y empresarios.<\/p>","protected":false},"excerpt":{"rendered":"<p>El vending es una buena idea de negocio por varias razones: Estas ventajas hacen del vending una opci\u00f3n atractiva para emprendedores y empresarios.<\/p>","protected":false},"author":1,"featured_media":0,"parent":0,"menu_order":0,"comment_status":"closed","ping_status":"closed","template":"","meta":{"_gspb_post_css":"","om_disable_all_campaigns":false,"_uag_custom_page_level_css":"","_monsterinsights_skip_tracking":false,"_monsterinsights_sitenote_active":false,"_monsterinsights_sitenote_note":"","_monsterinsights_sitenote_category":0,"_uf_show_specific_survey":0,"_uf_disable_surveys":false,"_joinchat":[],"footnotes":""},"class_list":["post-3353","page","type-page","status-publish","hentry"],"blocksy_meta":[],"featured_image_urls_v2":{"full":"","thumbnail":"","medium":"","medium_large":"","large":"","1536x1536":"","2048x2048":"","trp-custom-language-flag":"","woocommerce_archive_thumbnail":"","woocommerce_thumbnail":"","woocommerce_single":"","woocommerce_gallery_thumbnail":""},"post_excerpt_stackable_v2":"<p>El vending es una buena idea de negocio por varias razones:Bajo costo inicial: Las m\u00e1quinas expendedoras requieren menos inversi\u00f3n inicial en comparaci\u00f3n con otros tipos de negocios, como restaurantes o tiendas. Operaci\u00f3n 24\/7: Pueden funcionar todo el d\u00eda, generando ingresos incluso cuando no hay personal presente. Mantenimiento sencillo: Requieren menos mantenimiento que un negocio tradicional, con menos complicaciones operativas. Escalabilidad: Es f\u00e1cil expandir el negocio a\u00f1adiendo m\u00e1s m\u00e1quinas en diferentes ubicaciones. Diversificaci\u00f3n de productos: Puedes ofrecer una amplia gama de productos, desde snacks y bebidas hasta art\u00edculos saludables o tecnol\u00f3gicos, adapt\u00e1ndote a la demanda del mercado. Ubicaci\u00f3n estrat\u00e9gica: Poner m\u00e1quinas&hellip;<\/p>\n","category_list_v2":"","author_info_v2":{"name":"easyvendingventas@gmail.com","url":"https:\/\/easyvendingmx.com\/en\/author\/easyvendingventasgmail-com\/"},"comments_num_v2":"0 comments","aioseo_notices":[],"uagb_featured_image_src":{"full":false,"thumbnail":false,"medium":false,"medium_large":false,"large":false,"1536x1536":false,"2048x2048":false,"trp-custom-language-flag":false,"woocommerce_archive_thumbnail":false,"woocommerce_thumbnail":false,"woocommerce_single":false,"woocommerce_gallery_thumbnail":false},"uagb_author_info":{"display_name":"easyvendingventas@gmail.com","author_link":"https:\/\/easyvendingmx.com\/en\/author\/easyvendingventasgmail-com\/"},"uagb_comment_info":0,"uagb_excerpt":"El vending es una buena idea de negocio por varias razones: Estas ventajas hacen del vending una opci\u00f3n atractiva para emprendedores y empresarios.","_links":{"self":[{"href":"https:\/\/easyvendingmx.com\/en\/wp-json\/wp\/v2\/pages\/3353","targetHints":{"allow":["GET"]}}],"collection":[{"href":"https:\/\/easyvendingmx.com\/en\/wp-json\/wp\/v2\/pages"}],"about":[{"href":"https:\/\/easyvendingmx.com\/en\/wp-json\/wp\/v2\/types\/page"}],"author":[{"embeddable":true,"href":"https:\/\/easyvendingmx.com\/en\/wp-json\/wp\/v2\/users\/1"}],"replies":[{"embeddable":true,"href":"https:\/\/easyvendingmx.com\/en\/wp-json\/wp\/v2\/comments?post=3353"}],"version-history":[{"count":1,"href":"https:\/\/easyvendingmx.com\/en\/wp-json\/wp\/v2\/pages\/3353\/revisions"}],"predecessor-version":[{"id":3354,"href":"https:\/\/easyvendingmx.com\/en\/wp-json\/wp\/v2\/pages\/3353\/revisions\/3354"}],"wp:attachment":[{"href":"https:\/\/easyvendingmx.com\/en\/wp-json\/wp\/v2\/media?parent=3353"}],"curies":[{"name":"wp","href":"https:\/\/api.w.org\/{rel}","templated":true}]}}