{"id":3351,"date":"2024-10-30T16:08:49","date_gmt":"2024-10-30T22:08:49","guid":{"rendered":"https:\/\/easyvendingmx.com\/?page_id=3351"},"modified":"2025-02-08T11:24:59","modified_gmt":"2025-02-08T17:24:59","slug":"10-consejos-para-invertir","status":"publish","type":"page","link":"https:\/\/easyvendingmx.com\/en\/10-consejos-para-invertir\/","title":{"rendered":"10 consejos para invertir"},"content":{"rendered":"<div class=\"wp-block-uagb-image uagb-block-d3dbe4db wp-block-uagb-image--layout-default wp-block-uagb-image--effect-static wp-block-uagb-image--align-none\"><figure class=\"wp-block-uagb-image__figure\"><a class=\"\" href=\"https:\/\/www.tiendavendingmx.com\/\" target=\"\" rel=\"noopener\"><img loading=\"lazy\" decoding=\"async\" srcset=\"https:\/\/easyvendingmx.com\/wp-content\/uploads\/2024\/10\/4-6-1024x1024.png ,https:\/\/easyvendingmx.com\/wp-content\/uploads\/2024\/10\/4-6.png 780w, https:\/\/easyvendingmx.com\/wp-content\/uploads\/2024\/10\/4-6.png 360w\" sizes=\"(max-width: 480px) 150px\" src=\"https:\/\/easyvendingmx.com\/wp-content\/uploads\/2024\/10\/4-6-1024x1024.png\" alt=\"\" class=\"uag-image-3283\" width=\"416\" height=\"416\" title=\"4\" role=\"img\"\/><\/a><\/figure><\/div><ol class=\"wp-block-list\"><li><strong>Define tus objetivos<\/strong>: Clarifica tus metas financieras, ya sea ahorrar para la jubilaci\u00f3n, comprar una casa o financiar la educaci\u00f3n.<\/li>\n\n<li><strong>Diversifica tu cartera<\/strong>: No pongas todos tus fondos en un solo tipo de inversi\u00f3n. Distribuye tu dinero entre acciones, bonos, bienes ra\u00edces y otros activos.<\/li>\n\n<li><strong>Investiga antes de invertir<\/strong>: Conoce bien el activo o la empresa en la que est\u00e1s invirtiendo. Analiza su rendimiento, su situaci\u00f3n financiera y las tendencias del mercado.<\/li>\n\n<li><strong>Invierte a largo plazo<\/strong>: La inversi\u00f3n a largo plazo puede ayudar a suavizar las fluctuaciones del mercado y maximizar las ganancias a trav\u00e9s del inter\u00e9s compuesto.<\/li>\n\n<li><strong>Mant\u00e9n un fondo de emergencia<\/strong>: Aseg\u00farate de tener ahorros suficientes para cubrir imprevistos antes de invertir en activos de mayor riesgo.<\/li>\n\n<li><strong>Evita dejarte llevar por las emociones<\/strong>: No tomes decisiones de inversi\u00f3n basadas en el miedo o la codicia. Mant\u00e9n la calma y sigue tu plan.<\/li>\n\n<li><strong>Monitorea tus inversiones<\/strong>: Revisa regularmente el rendimiento de tus activos y ajusta tu cartera si es necesario.<\/li>\n\n<li><strong>Aprovecha las cuentas de jubilaci\u00f3n<\/strong>: Considera utilizar cuentas espec\u00edficas para el retiro que ofrezcan ventajas fiscales, como un 401(k) o un IRA.<\/li>\n\n<li><strong>Consulta con un profesional<\/strong>: Si no est\u00e1s seguro de c\u00f3mo empezar o necesitas ayuda, considera hablar con un asesor financiero.<\/li>\n\n<li><strong>S\u00e9 paciente y constante<\/strong>: La inversi\u00f3n es un proceso a largo plazo. Mant\u00e9n una mentalidad positiva y sigue invirtiendo regularmente.<\/li><\/ol><p>Estos consejos pueden ayudarte a construir y gestionar tu cartera de inversiones de manera m\u00e1s efectiva.<\/p><p><\/p>","protected":false},"excerpt":{"rendered":"<p>Estos consejos pueden ayudarte a construir y gestionar tu cartera de inversiones de manera m\u00e1s efectiva.<\/p>","protected":false},"author":1,"featured_media":0,"parent":0,"menu_order":0,"comment_status":"closed","ping_status":"closed","template":"","meta":{"_gspb_post_css":"","om_disable_all_campaigns":false,"_uag_custom_page_level_css":"","_monsterinsights_skip_tracking":false,"_monsterinsights_sitenote_active":false,"_monsterinsights_sitenote_note":"","_monsterinsights_sitenote_category":0,"_uf_show_specific_survey":0,"_uf_disable_surveys":false,"_joinchat":[],"footnotes":""},"class_list":["post-3351","page","type-page","status-publish","hentry"],"blocksy_meta":[],"featured_image_urls_v2":{"full":"","thumbnail":"","medium":"","medium_large":"","large":"","1536x1536":"","2048x2048":"","trp-custom-language-flag":"","woocommerce_archive_thumbnail":"","woocommerce_thumbnail":"","woocommerce_single":"","woocommerce_gallery_thumbnail":""},"post_excerpt_stackable_v2":"<p>Define tus objetivos: Clarifica tus metas financieras, ya sea ahorrar para la jubilaci\u00f3n, comprar una casa o financiar la educaci\u00f3n. Diversifica tu cartera: No pongas todos tus fondos en un solo tipo de inversi\u00f3n. Distribuye tu dinero entre acciones, bonos, bienes ra\u00edces y otros activos. Investiga antes de invertir: Conoce bien el activo o la empresa en la que est\u00e1s invirtiendo. Analiza su rendimiento, su situaci\u00f3n financiera y las tendencias del mercado. Invierte a largo plazo: La inversi\u00f3n a largo plazo puede ayudar a suavizar las fluctuaciones del mercado y maximizar las ganancias a trav\u00e9s del inter\u00e9s compuesto. Mant\u00e9n un&hellip;<\/p>\n","category_list_v2":"","author_info_v2":{"name":"easyvendingventas@gmail.com","url":"https:\/\/easyvendingmx.com\/en\/author\/easyvendingventasgmail-com\/"},"comments_num_v2":"0 comments","aioseo_notices":[],"uagb_featured_image_src":{"full":false,"thumbnail":false,"medium":false,"medium_large":false,"large":false,"1536x1536":false,"2048x2048":false,"trp-custom-language-flag":false,"woocommerce_archive_thumbnail":false,"woocommerce_thumbnail":false,"woocommerce_single":false,"woocommerce_gallery_thumbnail":false},"uagb_author_info":{"display_name":"easyvendingventas@gmail.com","author_link":"https:\/\/easyvendingmx.com\/en\/author\/easyvendingventasgmail-com\/"},"uagb_comment_info":0,"uagb_excerpt":"Estos consejos pueden ayudarte a construir y gestionar tu cartera de inversiones de manera m\u00e1s efectiva.","_links":{"self":[{"href":"https:\/\/easyvendingmx.com\/en\/wp-json\/wp\/v2\/pages\/3351","targetHints":{"allow":["GET"]}}],"collection":[{"href":"https:\/\/easyvendingmx.com\/en\/wp-json\/wp\/v2\/pages"}],"about":[{"href":"https:\/\/easyvendingmx.com\/en\/wp-json\/wp\/v2\/types\/page"}],"author":[{"embeddable":true,"href":"https:\/\/easyvendingmx.com\/en\/wp-json\/wp\/v2\/users\/1"}],"replies":[{"embeddable":true,"href":"https:\/\/easyvendingmx.com\/en\/wp-json\/wp\/v2\/comments?post=3351"}],"version-history":[{"count":2,"href":"https:\/\/easyvendingmx.com\/en\/wp-json\/wp\/v2\/pages\/3351\/revisions"}],"predecessor-version":[{"id":3545,"href":"https:\/\/easyvendingmx.com\/en\/wp-json\/wp\/v2\/pages\/3351\/revisions\/3545"}],"wp:attachment":[{"href":"https:\/\/easyvendingmx.com\/en\/wp-json\/wp\/v2\/media?parent=3351"}],"curies":[{"name":"wp","href":"https:\/\/api.w.org\/{rel}","templated":true}]}}