{"id":3348,"date":"2024-10-30T16:05:46","date_gmt":"2024-10-30T22:05:46","guid":{"rendered":"https:\/\/easyvendingmx.com\/?page_id=3348"},"modified":"2024-10-30T16:05:47","modified_gmt":"2024-10-30T22:05:47","slug":"donde-puedo-poner-una-maquina","status":"publish","type":"page","link":"https:\/\/easyvendingmx.com\/en\/donde-puedo-poner-una-maquina\/","title":{"rendered":"\u00bfD\u00f3nde puedo poner una m\u00e1quina?"},"content":{"rendered":"<div class=\"wp-block-uagb-image uagb-block-25b5720a wp-block-uagb-image--layout-default wp-block-uagb-image--effect-static wp-block-uagb-image--align-none\"><figure class=\"wp-block-uagb-image__figure\"><img loading=\"lazy\" decoding=\"async\" srcset=\"https:\/\/easyvendingmx.com\/wp-content\/uploads\/2024\/10\/3-5-1024x1024.png ,https:\/\/easyvendingmx.com\/wp-content\/uploads\/2024\/10\/3-5.png 780w, https:\/\/easyvendingmx.com\/wp-content\/uploads\/2024\/10\/3-5.png 360w\" sizes=\"(max-width: 480px) 150px\" src=\"https:\/\/easyvendingmx.com\/wp-content\/uploads\/2024\/10\/3-5-1024x1024.png\" alt=\"\" class=\"uag-image-3282\" width=\"349\" height=\"349\" title=\"3\" role=\"img\"\/><\/figure><\/div><p class=\"has-medium-font-size\"><strong>Las m\u00e1quinas expendedoras se pueden colocar en una variedad de lugares estrat\u00e9gicos para maximizar su uso. Algunas ubicaciones comunes incluyen:<\/strong><\/p><ol class=\"wp-block-list\"><li><strong>Oficinas y edificios comerciales<\/strong>: Proporcionan snacks y bebidas a empleados y visitantes.<\/li>\n\n<li><strong>Escuelas y universidades<\/strong>: Ofrecen opciones r\u00e1pidas para estudiantes durante el d\u00eda.<\/li>\n\n<li><strong>Estaciones de transporte<\/strong>: En trenes, autobuses o aeropuertos, para viajeros que buscan conveniencia.<\/li>\n\n<li><strong>Gimnasios y centros deportivos<\/strong>: Venden bebidas energ\u00e9ticas, suplementos y snacks saludables.<\/li>\n\n<li><strong>Hospitales y cl\u00ednicas<\/strong>: Para pacientes, visitantes y personal m\u00e9dico.<\/li>\n\n<li><strong>Centros comerciales y \u00e1reas de entretenimiento<\/strong>: Para satisfacer la demanda de los compradores.<\/li><\/ol><p>Elegir una ubicaci\u00f3n con alta afluencia de personas aumenta la probabilidad de ventas exitosas.<\/p>","protected":false},"excerpt":{"rendered":"<p>Las m\u00e1quinas expendedoras se pueden colocar en una variedad de lugares estrat\u00e9gicos para maximizar su uso. Algunas ubicaciones comunes incluyen: Elegir una ubicaci\u00f3n con alta afluencia de personas aumenta la probabilidad de ventas exitosas.<\/p>","protected":false},"author":1,"featured_media":0,"parent":0,"menu_order":0,"comment_status":"closed","ping_status":"closed","template":"","meta":{"_gspb_post_css":"","om_disable_all_campaigns":false,"_uag_custom_page_level_css":"","_monsterinsights_skip_tracking":false,"_monsterinsights_sitenote_active":false,"_monsterinsights_sitenote_note":"","_monsterinsights_sitenote_category":0,"_uf_show_specific_survey":0,"_uf_disable_surveys":false,"_joinchat":[],"footnotes":""},"class_list":["post-3348","page","type-page","status-publish","hentry"],"blocksy_meta":[],"featured_image_urls_v2":{"full":"","thumbnail":"","medium":"","medium_large":"","large":"","1536x1536":"","2048x2048":"","trp-custom-language-flag":"","woocommerce_archive_thumbnail":"","woocommerce_thumbnail":"","woocommerce_single":"","woocommerce_gallery_thumbnail":""},"post_excerpt_stackable_v2":"<p>Las m\u00e1quinas expendedoras se pueden colocar en una variedad de lugares estrat\u00e9gicos para maximizar su uso. Algunas ubicaciones comunes incluyen:Oficinas y edificios comerciales: Proporcionan snacks y bebidas a empleados y visitantes. Escuelas y universidades: Ofrecen opciones r\u00e1pidas para estudiantes durante el d\u00eda. Estaciones de transporte: En trenes, autobuses o aeropuertos, para viajeros que buscan conveniencia. Gimnasios y centros deportivos: Venden bebidas energ\u00e9ticas, suplementos y snacks saludables. Hospitales y cl\u00ednicas: Para pacientes, visitantes y personal m\u00e9dico. Centros comerciales y \u00e1reas de entretenimiento: Para satisfacer la demanda de los compradores.Elegir una ubicaci\u00f3n con alta afluencia de personas aumenta la probabilidad de ventas&hellip;<\/p>\n","category_list_v2":"","author_info_v2":{"name":"easyvendingventas@gmail.com","url":"https:\/\/easyvendingmx.com\/en\/author\/easyvendingventasgmail-com\/"},"comments_num_v2":"0 comments","aioseo_notices":[],"uagb_featured_image_src":{"full":false,"thumbnail":false,"medium":false,"medium_large":false,"large":false,"1536x1536":false,"2048x2048":false,"trp-custom-language-flag":false,"woocommerce_archive_thumbnail":false,"woocommerce_thumbnail":false,"woocommerce_single":false,"woocommerce_gallery_thumbnail":false},"uagb_author_info":{"display_name":"easyvendingventas@gmail.com","author_link":"https:\/\/easyvendingmx.com\/en\/author\/easyvendingventasgmail-com\/"},"uagb_comment_info":0,"uagb_excerpt":"Las m\u00e1quinas expendedoras se pueden colocar en una variedad de lugares estrat\u00e9gicos para maximizar su uso. Algunas ubicaciones comunes incluyen: Elegir una ubicaci\u00f3n con alta afluencia de personas aumenta la probabilidad de ventas exitosas.","_links":{"self":[{"href":"https:\/\/easyvendingmx.com\/en\/wp-json\/wp\/v2\/pages\/3348","targetHints":{"allow":["GET"]}}],"collection":[{"href":"https:\/\/easyvendingmx.com\/en\/wp-json\/wp\/v2\/pages"}],"about":[{"href":"https:\/\/easyvendingmx.com\/en\/wp-json\/wp\/v2\/types\/page"}],"author":[{"embeddable":true,"href":"https:\/\/easyvendingmx.com\/en\/wp-json\/wp\/v2\/users\/1"}],"replies":[{"embeddable":true,"href":"https:\/\/easyvendingmx.com\/en\/wp-json\/wp\/v2\/comments?post=3348"}],"version-history":[{"count":1,"href":"https:\/\/easyvendingmx.com\/en\/wp-json\/wp\/v2\/pages\/3348\/revisions"}],"predecessor-version":[{"id":3349,"href":"https:\/\/easyvendingmx.com\/en\/wp-json\/wp\/v2\/pages\/3348\/revisions\/3349"}],"wp:attachment":[{"href":"https:\/\/easyvendingmx.com\/en\/wp-json\/wp\/v2\/media?parent=3348"}],"curies":[{"name":"wp","href":"https:\/\/api.w.org\/{rel}","templated":true}]}}