{"id":3345,"date":"2024-10-30T16:01:40","date_gmt":"2024-10-30T22:01:40","guid":{"rendered":"https:\/\/easyvendingmx.com\/?page_id=3345"},"modified":"2024-10-30T16:01:41","modified_gmt":"2024-10-30T22:01:41","slug":"que-son-maquinas-expendedoras","status":"publish","type":"page","link":"https:\/\/easyvendingmx.com\/en\/que-son-maquinas-expendedoras\/","title":{"rendered":"\u00bfQue son m\u00e1quinas expendedoras?"},"content":{"rendered":"<div class=\"wp-block-uagb-image uagb-block-a9eb9429 wp-block-uagb-image--layout-default wp-block-uagb-image--effect-static wp-block-uagb-image--align-none\"><figure class=\"wp-block-uagb-image__figure\"><img loading=\"lazy\" decoding=\"async\" srcset=\"https:\/\/easyvendingmx.com\/wp-content\/uploads\/2024\/10\/2-5-1024x1024.png ,https:\/\/easyvendingmx.com\/wp-content\/uploads\/2024\/10\/2-5.png 780w, https:\/\/easyvendingmx.com\/wp-content\/uploads\/2024\/10\/2-5.png 360w\" sizes=\"(max-width: 480px) 150px\" src=\"https:\/\/easyvendingmx.com\/wp-content\/uploads\/2024\/10\/2-5-1024x1024.png\" alt=\"\" class=\"uag-image-3281\" width=\"423\" height=\"423\" title=\"2\" role=\"img\"\/><\/figure><\/div><p class=\"has-medium-font-size\"><strong>Las m\u00e1quinas expendedoras son dispositivos autom\u00e1ticos que venden productos, como alimentos, bebidas y otros art\u00edculos, sin necesidad de un vendedor humano. Funcionan mediante la inserci\u00f3n de monedas, billetes o tarjetas de pago, y permiten a los usuarios seleccionar el producto que desean. Son convenientes y se encuentran com\u00fanmente en lugares p\u00fablicos como escuelas, hospitales, oficinas y estaciones de transporte. Suelen estar equipadas con sistemas de refrigeraci\u00f3n para mantener frescos ciertos productos y ofrecen una variedad de opciones para satisfacer diferentes preferencias.<\/strong><\/p><p><\/p>","protected":false},"excerpt":{"rendered":"<p>Las m\u00e1quinas expendedoras son dispositivos autom\u00e1ticos que venden productos, como alimentos, bebidas y otros art\u00edculos, sin necesidad de un vendedor humano. Funcionan mediante la inserci\u00f3n de monedas, billetes o tarjetas de pago, y permiten a los usuarios seleccionar el producto que desean. Son convenientes y se encuentran com\u00fanmente en lugares p\u00fablicos como escuelas, hospitales, oficinas [&hellip;]<\/p>","protected":false},"author":1,"featured_media":0,"parent":0,"menu_order":0,"comment_status":"closed","ping_status":"closed","template":"","meta":{"_gspb_post_css":"","om_disable_all_campaigns":false,"_uag_custom_page_level_css":"","_monsterinsights_skip_tracking":false,"_monsterinsights_sitenote_active":false,"_monsterinsights_sitenote_note":"","_monsterinsights_sitenote_category":0,"_uf_show_specific_survey":0,"_uf_disable_surveys":false,"_joinchat":[],"footnotes":""},"class_list":["post-3345","page","type-page","status-publish","hentry"],"blocksy_meta":[],"featured_image_urls_v2":{"full":"","thumbnail":"","medium":"","medium_large":"","large":"","1536x1536":"","2048x2048":"","trp-custom-language-flag":"","woocommerce_archive_thumbnail":"","woocommerce_thumbnail":"","woocommerce_single":"","woocommerce_gallery_thumbnail":""},"post_excerpt_stackable_v2":"<p>Las m\u00e1quinas expendedoras son dispositivos autom\u00e1ticos que venden productos, como alimentos, bebidas y otros art\u00edculos, sin necesidad de un vendedor humano. Funcionan mediante la inserci\u00f3n de monedas, billetes o tarjetas de pago, y permiten a los usuarios seleccionar el producto que desean. Son convenientes y se encuentran com\u00fanmente en lugares p\u00fablicos como escuelas, hospitales, oficinas y estaciones de transporte. Suelen estar equipadas con sistemas de refrigeraci\u00f3n para mantener frescos ciertos productos y ofrecen una variedad de opciones para satisfacer diferentes preferencias.<\/p>\n","category_list_v2":"","author_info_v2":{"name":"easyvendingventas@gmail.com","url":"https:\/\/easyvendingmx.com\/en\/author\/easyvendingventasgmail-com\/"},"comments_num_v2":"0 comments","aioseo_notices":[],"uagb_featured_image_src":{"full":false,"thumbnail":false,"medium":false,"medium_large":false,"large":false,"1536x1536":false,"2048x2048":false,"trp-custom-language-flag":false,"woocommerce_archive_thumbnail":false,"woocommerce_thumbnail":false,"woocommerce_single":false,"woocommerce_gallery_thumbnail":false},"uagb_author_info":{"display_name":"easyvendingventas@gmail.com","author_link":"https:\/\/easyvendingmx.com\/en\/author\/easyvendingventasgmail-com\/"},"uagb_comment_info":0,"uagb_excerpt":"Las m\u00e1quinas expendedoras son dispositivos autom\u00e1ticos que venden productos, como alimentos, bebidas y otros art\u00edculos, sin necesidad de un vendedor humano. Funcionan mediante la inserci\u00f3n de monedas, billetes o tarjetas de pago, y permiten a los usuarios seleccionar el producto que desean. Son convenientes y se encuentran com\u00fanmente en lugares p\u00fablicos como escuelas, hospitales, oficinas&hellip;","_links":{"self":[{"href":"https:\/\/easyvendingmx.com\/en\/wp-json\/wp\/v2\/pages\/3345","targetHints":{"allow":["GET"]}}],"collection":[{"href":"https:\/\/easyvendingmx.com\/en\/wp-json\/wp\/v2\/pages"}],"about":[{"href":"https:\/\/easyvendingmx.com\/en\/wp-json\/wp\/v2\/types\/page"}],"author":[{"embeddable":true,"href":"https:\/\/easyvendingmx.com\/en\/wp-json\/wp\/v2\/users\/1"}],"replies":[{"embeddable":true,"href":"https:\/\/easyvendingmx.com\/en\/wp-json\/wp\/v2\/comments?post=3345"}],"version-history":[{"count":1,"href":"https:\/\/easyvendingmx.com\/en\/wp-json\/wp\/v2\/pages\/3345\/revisions"}],"predecessor-version":[{"id":3346,"href":"https:\/\/easyvendingmx.com\/en\/wp-json\/wp\/v2\/pages\/3345\/revisions\/3346"}],"wp:attachment":[{"href":"https:\/\/easyvendingmx.com\/en\/wp-json\/wp\/v2\/media?parent=3345"}],"curies":[{"name":"wp","href":"https:\/\/api.w.org\/{rel}","templated":true}]}}