{"id":3279,"date":"2024-10-16T10:38:22","date_gmt":"2024-10-16T16:38:22","guid":{"rendered":"https:\/\/easyvendingmx.com\/?page_id=3279"},"modified":"2024-11-02T12:53:12","modified_gmt":"2024-11-02T18:53:12","slug":"ventajas-y-desventajas-del-vending","status":"publish","type":"page","link":"https:\/\/easyvendingmx.com\/en\/ventajas-y-desventajas-del-vending\/","title":{"rendered":"Ventajas del Vending"},"content":{"rendered":"<div class=\"wp-block-stackable-columns stk-block-columns stk-block stk-7fe824a\" data-block-id=\"7fe824a\"><style>.stk-7fe824a {margin-top:-142px !important;margin-right:-200px !important;margin-bottom:18px !important;margin-left:-124px !important;}.stk-7fe824a-column{max-width:782px !important;min-width:auto !important;--stk-columns-spacing:156px !important;--stk-column-gap:69px !important;row-gap:66px !important;}<\/style><div class=\"stk-row stk-inner-blocks stk-block-content stk-content-align stk-7fe824a-column alignwide\"><div class=\"wp-block-stackable-column stk-block-column stk-column stk-block stk-ef27c35\" data-v=\"4\" data-block-id=\"ef27c35\"><style>.stk-ef27c35-inner-blocks{align-items:center !important;justify-content:space-around !important;}.stk-ef27c35 {min-height:67px !important;max-width:681px !important;min-width:auto !important;margin-top:-29px !important;margin-right:-200px !important;margin-bottom:-137px !important;margin-left:200px !important;}.stk-ef27c35-container{min-height:0px !important;}<\/style><div class=\"stk-column-wrapper stk-block-column__content stk-container stk-ef27c35-container stk--no-background stk--no-padding\"><div class=\"stk--column-flex stk-block-content stk-inner-blocks stk-ef27c35-inner-blocks\"><div class=\"wp-block-uagb-image uagb-block-a209f28d wp-block-uagb-image--layout-default wp-block-uagb-image--effect-static wp-block-uagb-image--align-none\"><figure class=\"wp-block-uagb-image__figure\"><img loading=\"lazy\" decoding=\"async\" srcset=\"https:\/\/easyvendingmx.com\/wp-content\/uploads\/2024\/10\/Imagenes-para-el-blog.png ,https:\/\/easyvendingmx.com\/wp-content\/uploads\/2024\/10\/Imagenes-para-el-blog.png 780w, https:\/\/easyvendingmx.com\/wp-content\/uploads\/2024\/10\/Imagenes-para-el-blog.png 360w\" sizes=\"(max-width: 480px) 150px\" src=\"https:\/\/easyvendingmx.com\/wp-content\/uploads\/2024\/10\/Imagenes-para-el-blog.png\" alt=\"\" class=\"uag-image-3303\" width=\"800\" height=\"800\" title=\"Imagenes para el blog\" role=\"img\"\/><\/figure><\/div>\n\n<p class=\"has-text-align-center has-medium-font-size\"><strong>Ventajas del Vending<\/strong><\/p><\/div><\/div><\/div><\/div><\/div><p>Las m\u00e1quinas expendedoras tienen ventajas, entre ellas:\u00a0<\/p><ul class=\"wp-block-list\"><li><strong>Ventajas<\/strong>:<ul class=\"wp-block-list\"><li>Son convenientes para los clientes, ya que les permiten comprar productos de forma r\u00e1pida y sencilla.&nbsp;<\/li>\n\n<li>No es necesario contar con personal cualificado o atenci\u00f3n personalizada.&nbsp;<\/li>\n\n<li>El mantenimiento se limita a la carga, recarga, limpieza y recaudaci\u00f3n de dinero.&nbsp;<\/li>\n\n<li>Se pueden compatibilizar con otros negocios.&nbsp;<\/li>\n\n<li>La amortizaci\u00f3n de la inversi\u00f3n se hace en muy poco tiempo.\u00a0<\/li><\/ul><\/li>\n\n<li><strong>Consideraciones<\/strong>&nbsp;<\/li>\n\n<li>El tipo de m\u00e1quina expendedora que se elija es crucial, pero el lugar donde se decida colocar esa m\u00e1quina es el factor m\u00e1s importante para obtener ganancias<\/li><\/ul><p><\/p><p><\/p>","protected":false},"excerpt":{"rendered":"<p>Ventajas del Vending Las m\u00e1quinas expendedoras tienen ventajas, entre ellas:\u00a0<\/p>","protected":false},"author":1,"featured_media":3280,"parent":0,"menu_order":0,"comment_status":"closed","ping_status":"closed","template":"","meta":{"_gspb_post_css":"","om_disable_all_campaigns":false,"_uag_custom_page_level_css":"","_monsterinsights_skip_tracking":false,"_monsterinsights_sitenote_active":false,"_monsterinsights_sitenote_note":"","_monsterinsights_sitenote_category":0,"_uf_show_specific_survey":0,"_uf_disable_surveys":false,"_joinchat":[],"footnotes":""},"class_list":["post-3279","page","type-page","status-publish","has-post-thumbnail","hentry"],"blocksy_meta":[],"featured_image_urls_v2":{"full":["https:\/\/easyvendingmx.com\/wp-content\/uploads\/2024\/10\/1-3.png",1600,1600,false],"thumbnail":["https:\/\/easyvendingmx.com\/wp-content\/uploads\/2024\/10\/1-3-150x150.png",150,150,true],"medium":["https:\/\/easyvendingmx.com\/wp-content\/uploads\/2024\/10\/1-3-300x300.png",300,300,true],"medium_large":["https:\/\/easyvendingmx.com\/wp-content\/uploads\/2024\/10\/1-3-768x768.png",768,768,true],"large":["https:\/\/easyvendingmx.com\/wp-content\/uploads\/2024\/10\/1-3-1024x1024.png",1024,1024,true],"1536x1536":["https:\/\/easyvendingmx.com\/wp-content\/uploads\/2024\/10\/1-3-1536x1536.png",1536,1536,true],"2048x2048":["https:\/\/easyvendingmx.com\/wp-content\/uploads\/2024\/10\/1-3.png",1600,1600,false],"trp-custom-language-flag":["https:\/\/easyvendingmx.com\/wp-content\/uploads\/2024\/10\/1-3-12x12.png",12,12,true],"woocommerce_archive_thumbnail":["https:\/\/easyvendingmx.com\/wp-content\/uploads\/2024\/10\/1-3-600x800.png",600,800,true],"woocommerce_thumbnail":["https:\/\/easyvendingmx.com\/wp-content\/uploads\/2024\/10\/1-3-600x600.png",600,600,true],"woocommerce_single":["https:\/\/easyvendingmx.com\/wp-content\/uploads\/2024\/10\/1-3-600x600.png",600,600,true],"woocommerce_gallery_thumbnail":["https:\/\/easyvendingmx.com\/wp-content\/uploads\/2024\/10\/1-3-100x100.png",100,100,true]},"post_excerpt_stackable_v2":"<p>Ventajas del VendingLas m\u00e1quinas expendedoras tienen ventajas, entre ellas:\u00a0Ventajas:Son convenientes para los clientes, ya que les permiten comprar productos de forma r\u00e1pida y sencilla.&nbsp; No es necesario contar con personal cualificado o atenci\u00f3n personalizada.&nbsp; El mantenimiento se limita a la carga, recarga, limpieza y recaudaci\u00f3n de dinero.&nbsp; Se pueden compatibilizar con otros negocios.&nbsp; La amortizaci\u00f3n de la inversi\u00f3n se hace en muy poco tiempo.\u00a0 Consideraciones&nbsp; El tipo de m\u00e1quina expendedora que se elija es crucial, pero el lugar donde se decida colocar esa m\u00e1quina es el factor m\u00e1s importante para obtener ganancias<\/p>\n","category_list_v2":"","author_info_v2":{"name":"easyvendingventas@gmail.com","url":"https:\/\/easyvendingmx.com\/en\/author\/easyvendingventasgmail-com\/"},"comments_num_v2":"0 comments","aioseo_notices":[],"uagb_featured_image_src":{"full":["https:\/\/easyvendingmx.com\/wp-content\/uploads\/2024\/10\/1-3.png",1600,1600,false],"thumbnail":["https:\/\/easyvendingmx.com\/wp-content\/uploads\/2024\/10\/1-3-150x150.png",150,150,true],"medium":["https:\/\/easyvendingmx.com\/wp-content\/uploads\/2024\/10\/1-3-300x300.png",300,300,true],"medium_large":["https:\/\/easyvendingmx.com\/wp-content\/uploads\/2024\/10\/1-3-768x768.png",768,768,true],"large":["https:\/\/easyvendingmx.com\/wp-content\/uploads\/2024\/10\/1-3-1024x1024.png",1024,1024,true],"1536x1536":["https:\/\/easyvendingmx.com\/wp-content\/uploads\/2024\/10\/1-3-1536x1536.png",1536,1536,true],"2048x2048":["https:\/\/easyvendingmx.com\/wp-content\/uploads\/2024\/10\/1-3.png",1600,1600,false],"trp-custom-language-flag":["https:\/\/easyvendingmx.com\/wp-content\/uploads\/2024\/10\/1-3-12x12.png",12,12,true],"woocommerce_archive_thumbnail":["https:\/\/easyvendingmx.com\/wp-content\/uploads\/2024\/10\/1-3-600x800.png",600,800,true],"woocommerce_thumbnail":["https:\/\/easyvendingmx.com\/wp-content\/uploads\/2024\/10\/1-3-600x600.png",600,600,true],"woocommerce_single":["https:\/\/easyvendingmx.com\/wp-content\/uploads\/2024\/10\/1-3-600x600.png",600,600,true],"woocommerce_gallery_thumbnail":["https:\/\/easyvendingmx.com\/wp-content\/uploads\/2024\/10\/1-3-100x100.png",100,100,true]},"uagb_author_info":{"display_name":"easyvendingventas@gmail.com","author_link":"https:\/\/easyvendingmx.com\/en\/author\/easyvendingventasgmail-com\/"},"uagb_comment_info":0,"uagb_excerpt":"Ventajas del Vending Las m\u00e1quinas expendedoras tienen ventajas, entre ellas:\u00a0","_links":{"self":[{"href":"https:\/\/easyvendingmx.com\/en\/wp-json\/wp\/v2\/pages\/3279","targetHints":{"allow":["GET"]}}],"collection":[{"href":"https:\/\/easyvendingmx.com\/en\/wp-json\/wp\/v2\/pages"}],"about":[{"href":"https:\/\/easyvendingmx.com\/en\/wp-json\/wp\/v2\/types\/page"}],"author":[{"embeddable":true,"href":"https:\/\/easyvendingmx.com\/en\/wp-json\/wp\/v2\/users\/1"}],"replies":[{"embeddable":true,"href":"https:\/\/easyvendingmx.com\/en\/wp-json\/wp\/v2\/comments?post=3279"}],"version-history":[{"count":4,"href":"https:\/\/easyvendingmx.com\/en\/wp-json\/wp\/v2\/pages\/3279\/revisions"}],"predecessor-version":[{"id":3305,"href":"https:\/\/easyvendingmx.com\/en\/wp-json\/wp\/v2\/pages\/3279\/revisions\/3305"}],"wp:featuredmedia":[{"embeddable":true,"href":"https:\/\/easyvendingmx.com\/en\/wp-json\/wp\/v2\/media\/3280"}],"wp:attachment":[{"href":"https:\/\/easyvendingmx.com\/en\/wp-json\/wp\/v2\/media?parent=3279"}],"curies":[{"name":"wp","href":"https:\/\/api.w.org\/{rel}","templated":true}]}}