{"id":3063,"date":"2024-10-08T09:27:37","date_gmt":"2024-10-08T15:27:37","guid":{"rendered":"https:\/\/easyvendingmx.com\/?page_id=3063"},"modified":"2024-10-14T12:48:19","modified_gmt":"2024-10-14T18:48:19","slug":"preguntas-frecuentes","status":"publish","type":"page","link":"https:\/\/easyvendingmx.com\/en\/preguntas-frecuentes\/","title":{"rendered":"PREGUNTAS FRECUENTES"},"content":{"rendered":"<div class=\"wp-block-cover alignfull\" style=\"min-height:244px;aspect-ratio:unset;aspect-ratio:unset;\"><span aria-hidden=\"true\" class=\"wp-block-cover__background has-background-dim-0 has-background-dim\"><\/span><img fetchpriority=\"high\" decoding=\"async\" width=\"1024\" height=\"256\" class=\"wp-block-cover__image-background wp-image-3034\" alt=\"\" src=\"https:\/\/easyvendingmx.com\/wp-content\/uploads\/2024\/10\/4-5-1024x256.png\" data-object-fit=\"cover\" srcset=\"https:\/\/easyvendingmx.com\/wp-content\/uploads\/2024\/10\/4-5-1024x256.png 1024w, https:\/\/easyvendingmx.com\/wp-content\/uploads\/2024\/10\/4-5-300x75.png 300w, https:\/\/easyvendingmx.com\/wp-content\/uploads\/2024\/10\/4-5-768x192.png 768w, https:\/\/easyvendingmx.com\/wp-content\/uploads\/2024\/10\/4-5-1536x384.png 1536w, https:\/\/easyvendingmx.com\/wp-content\/uploads\/2024\/10\/4-5-2048x512.png 2048w, https:\/\/easyvendingmx.com\/wp-content\/uploads\/2024\/10\/4-5-18x5.png 18w, https:\/\/easyvendingmx.com\/wp-content\/uploads\/2024\/10\/4-5-600x150.png 600w\" sizes=\"(max-width: 1024px) 100vw, 1024px\" \/><div class=\"wp-block-cover__inner-container is-layout-flow wp-block-cover-is-layout-flow\"><p class=\"has-text-align-center has-large-font-size\"><span style=\"color: #ffffff;\" class=\"stk-highlight\"><strong>PREGUNTAS FRECUENTES<\/strong><\/span><\/p><\/div><\/div><div class=\"wp-block-stackable-expand stk-block-expand stk-block stk-dab2a51\" data-block-id=\"dab2a51\"><div class=\"stk-inner-blocks stk-block-content\"><div class=\"wp-block-stackable-text stk-block-text stk-block stk-34094aa stk-block-expand__short-text\" aria-hidden=\"false\" data-block-id=\"34094aa\"><style>.stk-34094aa .stk-block-text__text{font-size:26px !important;}@media screen and (max-width: 1023px){.stk-34094aa .stk-block-text__text{font-size:26px !important;}}@media screen and (max-width: 767px){.stk-34094aa {margin-top:11px !important;}}<\/style><p class=\"stk-block-text__text\"><strong>\u00bfC\u00f3mo conseguir libertad financiera a cualquier edad?<\/strong><\/p><\/div>\n\n<div class=\"wp-block-stackable-button stk-block-button stk-block-expand__show-button stk-block stk-bf68525\" data-block-id=\"bf68525\"><a aria-hidden=\"false\" role=\"button\" aria-expanded=\"false\" class=\"stk-link stk-button stk--hover-effect-darken\" href=\"#\"><span class=\"stk-button__inner-text\">Mostrar m\u00e1s<\/span><\/a><\/div>\n\n<div class=\"wp-block-stackable-text stk-block-text stk-block stk-aec2a0e stk-block-background stk-block-expand__more-text\" aria-hidden=\"true\" data-block-id=\"aec2a0e\"><style>.stk-aec2a0e {background-color:var(--theme-palette-color-4, #0E0D12) !important;}.stk-aec2a0e:before{background-color:var(--theme-palette-color-4, #0E0D12) !important;}<\/style><p class=\"stk-block-text__text\"><span style=\"color: #ffffff;\" class=\"stk-highlight\">Puedes iniciar con una m\u00e1quina expendedora de cualquier producto, para gastos escolares, un ingreso adicional en el hogar, o un ahorro para tus peque\u00f1os y grandes gustos. Un asesor te explicara.<\/span><br><\/p><\/div>\n\n<div class=\"wp-block-stackable-button stk-block-button stk-block-expand__hide-button stk-block stk-9cea484\" data-block-id=\"9cea484\"><a aria-hidden=\"true\" role=\"button\" aria-expanded=\"true\" class=\"stk-link stk-button stk--hover-effect-darken\" href=\"#\"><span class=\"stk-button__inner-text\">Mostrar menos<\/span><\/a><\/div><\/div><\/div><div class=\"wp-block-stackable-expand stk-block-expand stk-block stk-bbc44e3\" data-block-id=\"bbc44e3\"><div class=\"stk-inner-blocks stk-block-content\"><div class=\"wp-block-stackable-text stk-block-text stk-block stk-678c2ee stk-block-expand__short-text\" aria-hidden=\"false\" data-block-id=\"678c2ee\"><style>.stk-678c2ee .stk-block-text__text{font-size:26px !important;}@media screen and (max-width: 1023px){.stk-678c2ee .stk-block-text__text{font-size:26px !important;}}<\/style><p class=\"stk-block-text__text\"><strong>\u00bfCu\u00e1ntos tipos de m\u00e1quinas hay?<\/strong><\/p><\/div>\n\n<div class=\"wp-block-stackable-button stk-block-button stk-block-expand__show-button stk-block stk-8e5dda3\" data-block-id=\"8e5dda3\"><a aria-hidden=\"false\" role=\"button\" aria-expanded=\"false\" class=\"stk-link stk-button stk--hover-effect-darken\" href=\"#\"><span class=\"stk-button__inner-text\">Mostrar m\u00e1s<\/span><\/a><\/div>\n\n<div class=\"wp-block-stackable-text stk-block-text stk-block stk-17402ff stk-block-background stk-block-expand__more-text\" aria-hidden=\"true\" data-block-id=\"17402ff\"><style>.stk-17402ff {background-color:var(--theme-palette-color-4, #0E0D12) !important;}.stk-17402ff:before{background-color:var(--theme-palette-color-4, #0E0D12) !important;}<\/style><p class=\"stk-block-text__text\"><span style=\"color: #ffffff;\" class=\"stk-highlight\">Hay m\u00e1quinas para botanas, bebidas y distintos productos que son adaptables.<\/span><\/p><\/div>\n\n<div class=\"wp-block-stackable-button stk-block-button stk-block-expand__hide-button stk-block stk-3794cc0\" data-block-id=\"3794cc0\"><a aria-hidden=\"true\" role=\"button\" aria-expanded=\"true\" class=\"stk-link stk-button stk--hover-effect-darken\" href=\"#\"><span class=\"stk-button__inner-text\">Mostrar menos<\/span><\/a><\/div><\/div><\/div><div class=\"wp-block-stackable-columns aligncenter stk-block-columns stk-block stk-08a4c2c\" data-block-id=\"08a4c2c\"><style>.stk-08a4c2c {margin-top:38px !important;margin-right:-25px !important;margin-bottom:-200px !important;margin-left:-200px !important;top:-100px !important;right:-82px !important;bottom:-64px !important;left:35px !important;}.stk-08a4c2c-column{justify-content:flex-end !important;}@media screen and (max-width: 767px){.stk-08a4c2c {margin-top:-7px !important;margin-right:-200px !important;margin-bottom:-110px !important;margin-left:-7px !important;}}<\/style><div class=\"stk-row stk-inner-blocks has-text-align-right stk-block-content stk-content-align stk-08a4c2c-column stk--flex\"><div class=\"wp-block-stackable-column stk-block-column stk-column stk-block stk-d51f4f2\" data-v=\"4\" data-block-id=\"d51f4f2\"><style>.stk-d51f4f2 {margin-top:-47px !important;margin-right:-97px !important;margin-bottom:-25px !important;margin-left:-56px !important;}@media screen and (max-width: 1023px){.stk-d51f4f2 {margin-top:61px !important;}}@media screen and (max-width: 767px){.stk-d51f4f2 {margin-top:110px !important;margin-right:47px !important;margin-bottom:38px !important;margin-left:-29px !important;}.stk-d51f4f2-container{min-height:66px !important;}}<\/style><div class=\"stk-column-wrapper stk-block-column__content stk-container stk-d51f4f2-container stk--no-background stk--no-padding\"><div class=\"stk-block-content stk-inner-blocks stk-d51f4f2-inner-blocks\"><figure class=\"wp-block-image size-full is-resized\" style=\"margin-top:0;margin-right:0;margin-bottom:0;margin-left:0\"><img decoding=\"async\" width=\"768\" height=\"500\" src=\"https:\/\/easyvendingmx.com\/wp-content\/uploads\/2024\/10\/Shutterstock_2285600289.jpg\" alt=\"\" class=\"wp-image-3207\" style=\"object-fit:cover;width:500px;height:300px\" srcset=\"https:\/\/easyvendingmx.com\/wp-content\/uploads\/2024\/10\/Shutterstock_2285600289.jpg 768w, https:\/\/easyvendingmx.com\/wp-content\/uploads\/2024\/10\/Shutterstock_2285600289-300x195.jpg 300w, https:\/\/easyvendingmx.com\/wp-content\/uploads\/2024\/10\/Shutterstock_2285600289-18x12.jpg 18w, https:\/\/easyvendingmx.com\/wp-content\/uploads\/2024\/10\/Shutterstock_2285600289-600x391.jpg 600w\" sizes=\"(max-width: 768px) 100vw, 768px\" \/><\/figure><\/div><\/div><\/div><\/div><\/div><div class=\"wp-block-stackable-expand stk-block-expand stk-block stk-bf4a9b0\" data-block-id=\"bf4a9b0\"><div class=\"stk-inner-blocks stk-block-content\"><div class=\"wp-block-stackable-text stk-block-text stk-block stk-241eb2e stk-block-expand__short-text\" aria-hidden=\"false\" data-block-id=\"241eb2e\"><style>.stk-241eb2e .stk-block-text__text{font-size:26px !important;}@media screen and (max-width: 1023px){.stk-241eb2e .stk-block-text__text{font-size:26px !important;}}<\/style><p class=\"stk-block-text__text\"><strong>\u00bfC\u00f3mo s\u00e9 cu\u00e1l vending comprar?<\/strong><\/p><\/div>\n\n<div class=\"wp-block-stackable-button stk-block-button stk-block-expand__show-button stk-block stk-061d19b\" data-block-id=\"061d19b\"><a aria-hidden=\"false\" role=\"button\" aria-expanded=\"false\" class=\"stk-link stk-button stk--hover-effect-darken\" href=\"#\"><span class=\"stk-button__inner-text\">Mostrar m\u00e1s<\/span><\/a><\/div>\n\n<div class=\"wp-block-stackable-text stk-block-text stk-block stk-ede4a59 stk-block-background stk-block-expand__more-text\" aria-hidden=\"true\" data-block-id=\"ede4a59\"><style>.stk-ede4a59 {background-color:var(--theme-palette-color-4, #0E0D12) !important;}.stk-ede4a59:before{background-color:var(--theme-palette-color-4, #0E0D12) !important;}<\/style><p class=\"stk-block-text__text\"><span style=\"color: #ffffff;\" class=\"stk-highlight\">Un asesor te ayudar\u00e1 en tu proceso de adquisici\u00f3n de m\u00e1quinas, d\u00e1ndote la mejor opci\u00f3n que se adec\u00fae a tus necesidades.<\/span><\/p><\/div>\n\n<div class=\"wp-block-stackable-button stk-block-button stk-block-expand__hide-button stk-block stk-7f8ace6\" data-block-id=\"7f8ace6\"><a aria-hidden=\"true\" role=\"button\" aria-expanded=\"true\" class=\"stk-link stk-button stk--hover-effect-darken\" href=\"#\"><span class=\"stk-button__inner-text\">Mostrar menos<\/span><\/a><\/div><\/div><\/div><div class=\"wp-block-stackable-expand stk-block-expand stk-block stk-96eb363\" data-block-id=\"96eb363\"><div class=\"stk-inner-blocks stk-block-content\"><div class=\"wp-block-stackable-text stk-block-text stk-block stk-baaf8ac stk-block-expand__short-text\" aria-hidden=\"false\" data-block-id=\"baaf8ac\"><style>.stk-baaf8ac .stk-block-text__text{font-size:26px !important;}@media screen and (max-width: 1023px){.stk-baaf8ac .stk-block-text__text{font-size:26px !important;}}<\/style><p class=\"stk-block-text__text\"><strong>\u00bfHay financiamiento?<\/strong><\/p><\/div>\n\n<div class=\"wp-block-stackable-button stk-block-button stk-block-expand__show-button stk-block stk-691a30d\" data-block-id=\"691a30d\"><a aria-hidden=\"false\" role=\"button\" aria-expanded=\"false\" class=\"stk-link stk-button stk--hover-effect-darken\" href=\"#\"><span class=\"stk-button__inner-text\">Mostrar m\u00e1s<\/span><\/a><\/div>\n\n<div class=\"wp-block-stackable-text stk-block-text stk-block stk-8e0b29f stk-block-background stk-block-expand__more-text\" aria-hidden=\"true\" data-block-id=\"8e0b29f\"><style>.stk-8e0b29f {background-color:var(--theme-palette-color-4, #0E0D12) !important;}.stk-8e0b29f:before{background-color:var(--theme-palette-color-4, #0E0D12) !important;}<\/style><p class=\"stk-block-text__text\"><span style=\"color: var(--theme-palette-color-8, #ffffff);\" class=\"stk-highlight\">Es mejor pedir un financiamiento a bancos, ellos son los expertos, nosotros te guiaremos para que tu m\u00e1quina sea rentable.<\/span><\/p><\/div>\n\n<div class=\"wp-block-stackable-button stk-block-button stk-block-expand__hide-button stk-block stk-fb14793\" data-block-id=\"fb14793\"><a aria-hidden=\"true\" role=\"button\" aria-expanded=\"true\" class=\"stk-link stk-button stk--hover-effect-darken\" href=\"#\"><span class=\"stk-button__inner-text\">Mostrar menos<\/span><\/a><\/div><\/div><\/div><div class=\"wp-block-stackable-expand stk-block-expand stk-block stk-dcf6f75\" data-block-id=\"dcf6f75\"><div class=\"stk-inner-blocks stk-block-content\"><div class=\"wp-block-stackable-text stk-block-text stk-block stk-74f3652 stk-block-expand__short-text\" aria-hidden=\"false\" data-block-id=\"74f3652\"><style>.stk-74f3652 .stk-block-text__text{font-size:26px !important;}@media screen and (max-width: 1023px){.stk-74f3652 .stk-block-text__text{font-size:26px !important;}}<\/style><p class=\"stk-block-text__text\"><strong>\u00bfPor qu\u00e9 iniciar en este negocio?<\/strong><\/p><\/div>\n\n<div class=\"wp-block-stackable-button stk-block-button stk-block-expand__show-button stk-block stk-8ee8fe1\" data-block-id=\"8ee8fe1\"><a aria-hidden=\"false\" role=\"button\" aria-expanded=\"false\" class=\"stk-link stk-button stk--hover-effect-darken\" href=\"#\"><span class=\"stk-button__inner-text\">Mostrar m\u00e1s<\/span><\/a><\/div>\n\n<div class=\"wp-block-stackable-text stk-block-text stk-block stk-574b7df stk-block-background stk-block-expand__more-text\" aria-hidden=\"true\" data-block-id=\"574b7df\"><style>.stk-574b7df {background-color:var(--theme-palette-color-4, #0E0D12) !important;}.stk-574b7df:before{background-color:var(--theme-palette-color-4, #0E0D12) !important;}<\/style><p class=\"stk-block-text__text\"><span style=\"color: #ffffff;\" class=\"stk-highlight\">Ya que el mundo se encamina cada d\u00eda m\u00e1s a lo automatizado, este negocio es la opci\u00f3n perfecta que te permitir\u00e1 realizar diferentes actividades mientras tu m\u00e1quina vending estar\u00e1 generando ingresos para ti.<\/span><\/p><\/div>\n\n<div class=\"wp-block-stackable-button stk-block-button stk-block-expand__hide-button stk-block stk-e681aad\" data-block-id=\"e681aad\"><a aria-hidden=\"true\" role=\"button\" aria-expanded=\"true\" class=\"stk-link stk-button stk--hover-effect-darken\" href=\"#\"><span class=\"stk-button__inner-text\">Mostrar menos<\/span><\/a><\/div><\/div><\/div>","protected":false},"excerpt":{"rendered":"<p>\u00bfC\u00f3mo conseguir libertad financiera a cualquier edad? Mostrar m\u00e1s Puedes iniciar con una m\u00e1quina expendedora de cualquier producto, para gastos escolares, un ingreso adicional en el hogar, o un ahorro para tus peque\u00f1os y grandes gustos. Un asesor te explicara. Mostrar menos \u00bfCu\u00e1ntos tipos de m\u00e1quinas hay? Mostrar m\u00e1s Hay m\u00e1quinas para botanas, bebidas y [&hellip;]<\/p>","protected":false},"author":1,"featured_media":0,"parent":0,"menu_order":0,"comment_status":"closed","ping_status":"closed","template":"","meta":{"_gspb_post_css":"","om_disable_all_campaigns":false,"_uag_custom_page_level_css":"","_monsterinsights_skip_tracking":false,"_monsterinsights_sitenote_active":false,"_monsterinsights_sitenote_note":"","_monsterinsights_sitenote_category":0,"_uf_show_specific_survey":0,"_uf_disable_surveys":false,"_joinchat":[],"footnotes":""},"class_list":["post-3063","page","type-page","status-publish","hentry"],"blocksy_meta":[],"featured_image_urls_v2":{"full":"","thumbnail":"","medium":"","medium_large":"","large":"","1536x1536":"","2048x2048":"","trp-custom-language-flag":"","woocommerce_archive_thumbnail":"","woocommerce_thumbnail":"","woocommerce_single":"","woocommerce_gallery_thumbnail":""},"post_excerpt_stackable_v2":"<p>PREGUNTAS FRECUENTES\u00bfC\u00f3mo conseguir libertad financiera a cualquier edad? Mostrar m\u00e1s Puedes iniciar con una m\u00e1quina expendedora de cualquier producto, para gastos escolares, un ingreso adicional en el hogar, o un ahorro para tus peque\u00f1os y grandes gustos. Un asesor te explicara. Mostrar menos\u00bfCu\u00e1ntos tipos de m\u00e1quinas hay? Mostrar m\u00e1s Hay m\u00e1quinas para botanas, bebidas y distintos productos que son adaptables. Mostrar menos\u00bfC\u00f3mo s\u00e9 cu\u00e1l vending comprar? Mostrar m\u00e1s Un asesor te ayudar\u00e1 en tu proceso de adquisici\u00f3n de m\u00e1quinas, d\u00e1ndote la mejor opci\u00f3n que se adec\u00fae a tus necesidades. Mostrar menos\u00bfHay financiamiento? Mostrar m\u00e1s Es mejor pedir un financiamiento a&hellip;<\/p>\n","category_list_v2":"","author_info_v2":{"name":"easyvendingventas@gmail.com","url":"https:\/\/easyvendingmx.com\/en\/author\/easyvendingventasgmail-com\/"},"comments_num_v2":"0 comments","aioseo_notices":[],"uagb_featured_image_src":{"full":false,"thumbnail":false,"medium":false,"medium_large":false,"large":false,"1536x1536":false,"2048x2048":false,"trp-custom-language-flag":false,"woocommerce_archive_thumbnail":false,"woocommerce_thumbnail":false,"woocommerce_single":false,"woocommerce_gallery_thumbnail":false},"uagb_author_info":{"display_name":"easyvendingventas@gmail.com","author_link":"https:\/\/easyvendingmx.com\/en\/author\/easyvendingventasgmail-com\/"},"uagb_comment_info":0,"uagb_excerpt":"\u00bfC\u00f3mo conseguir libertad financiera a cualquier edad? Mostrar m\u00e1s Puedes iniciar con una m\u00e1quina expendedora de cualquier producto, para gastos escolares, un ingreso adicional en el hogar, o un ahorro para tus peque\u00f1os y grandes gustos. Un asesor te explicara. Mostrar menos \u00bfCu\u00e1ntos tipos de m\u00e1quinas hay? Mostrar m\u00e1s Hay m\u00e1quinas para botanas, bebidas y&hellip;","_links":{"self":[{"href":"https:\/\/easyvendingmx.com\/en\/wp-json\/wp\/v2\/pages\/3063","targetHints":{"allow":["GET"]}}],"collection":[{"href":"https:\/\/easyvendingmx.com\/en\/wp-json\/wp\/v2\/pages"}],"about":[{"href":"https:\/\/easyvendingmx.com\/en\/wp-json\/wp\/v2\/types\/page"}],"author":[{"embeddable":true,"href":"https:\/\/easyvendingmx.com\/en\/wp-json\/wp\/v2\/users\/1"}],"replies":[{"embeddable":true,"href":"https:\/\/easyvendingmx.com\/en\/wp-json\/wp\/v2\/comments?post=3063"}],"version-history":[{"count":20,"href":"https:\/\/easyvendingmx.com\/en\/wp-json\/wp\/v2\/pages\/3063\/revisions"}],"predecessor-version":[{"id":3276,"href":"https:\/\/easyvendingmx.com\/en\/wp-json\/wp\/v2\/pages\/3063\/revisions\/3276"}],"wp:attachment":[{"href":"https:\/\/easyvendingmx.com\/en\/wp-json\/wp\/v2\/media?parent=3063"}],"curies":[{"name":"wp","href":"https:\/\/api.w.org\/{rel}","templated":true}]}}